{"id":37189,"date":"2021-09-28T11:11:48","date_gmt":"2021-09-28T11:11:48","guid":{"rendered":"https:\/\/www.headshop.nl\/?post_type=product&#038;p=37189"},"modified":"2025-02-14T08:43:54","modified_gmt":"2025-02-14T08:43:54","slug":"damiana-10x-extract","status":"publish","type":"product","link":"https:\/\/www.headshop.nl\/es\/damiana-10x-extract\/","title":{"rendered":"Damiana 10X Extract"},"content":{"rendered":"<h2 data-start=\"406\" data-end=\"436\">\u00bfQu\u00e9 es Damiana - 10x Extract?<\/h2>\n<p data-start=\"438\" data-end=\"1122\">Damiana Extract 4g es un extracto potente y concentrado de Turnera Diffusa, un arbusto originario de Am\u00e9rica. Hist\u00f3ricamente, los pueblos ind\u00edgenas de la regi\u00f3n han valorado esta planta por su potencial para aumentar la vitalidad, as\u00ed como por sus efectos suaves y edificantes. El extracto es especialmente conocido por su capacidad para elevar el estado de \u00e1nimo y mejorar el bienestar f\u00edsico con s\u00f3lo una peque\u00f1a dosis. Esto lo convierte en una opci\u00f3n ideal para aquellos que buscan explorar los beneficios tradicionales del Damiana en una forma m\u00e1s concentrada y eficaz. Ya sea consumido como t\u00e9, mezclado con alcohol o utilizado por sus propiedades medicinales, el Damiana sigue siendo venerado por su capacidad para promover el bienestar general.<\/p>\n<h2 data-start=\"1124\" data-end=\"1156\">Historia de Damiana - 10x Extract<\/h2>\n<p data-start=\"1158\" data-end=\"2068\">El uso de Damiana Extract se remonta a la antig\u00fcedad, en particular dentro de las culturas nativas americanas. Los ind\u00edgenas utilizaban el Damiana como remedio para mejorar la salud sexual, aumentar la energ\u00eda e incrementar la resistencia. Se consideraba afrodis\u00edaco y se consum\u00eda con frecuencia para mejorar el bienestar f\u00edsico y mental. Adem\u00e1s de su reputaci\u00f3n como potente potenciador de la vitalidad, el Damiana tambi\u00e9n ha sido valorado por sus efectos calmantes y ligeramente euf\u00f3ricos. A lo largo de los siglos, el uso de la Damiana se extendi\u00f3 por diferentes culturas, especialmente en Me\u00e9xico y los pa\u00edses vecinos. En estas regiones, la Damiana se convirti\u00f3 en un ingrediente favorito de c\u00f3cteles y brebajes medicinales, conocido por su capacidad para amplificar los efectos del alcohol. Hoy en d\u00eda, la Damiana Extract se sigue utilizando de diversas formas para aprovechar los beneficios de la planta, y su rica historia e importancia cultural siguen influyendo en su popularidad en todo el mundo.<\/p>\n<h2 data-start=\"2070\" data-end=\"2102\">C\u00f3mo utilizar Damiana - 10x Extract<\/h2>\n<p data-start=\"2104\" data-end=\"2932\">Damiana Extract 4g puede consumirse de varias formas, lo que permite una flexibilidad en funci\u00f3n de las preferencias personales. El m\u00e9todo m\u00e1s com\u00fan es preparar un t\u00e9, a\u00f1adiendo 1 gramo del extracto concentrado al agua caliente. Algunos usuarios realzan el sabor a\u00f1adiendo miel, mientras que otros lo prefieren en su forma natural. El Damiana tambi\u00e9n se utiliza popularmente en bebidas alcoh\u00f3licas, sobre todo en Me\u00e9xico, donde se a\u00f1ade a los c\u00f3cteles, a menudo con el objetivo de potenciar los efectos del alcohol. La naturaleza dulce de la Damiana combina bien con licores, aunque muchos usuarios afirman que incluso la cerveza funciona bien para este fin. Independientemente del m\u00e9todo, la Damiana Extract es potente y debe consumirse con moderaci\u00f3n. Sus propiedades estimulantes son m\u00e1s notables incluso con una peque\u00f1a cantidad, por lo que es una gran adici\u00f3n a una variedad de bebidas y rutinas de bienestar.<\/p>\n<h2 data-start=\"2934\" data-end=\"2970\">Ingredientes de Damiana - 10x Extract<\/h2>\n<p data-start=\"2972\" data-end=\"3802\">El ingrediente principal de Damiana Extract 4g es la esencia concentrada de la planta Turnera Diffusa. Este extracto es rico en compuestos esenciales que contribuyen a sus efectos terap\u00e9uticos. Damiana es conocido por sus alcaloides, flavonoides y aceites vol\u00e1tiles, que trabajan juntos para promover la relajaci\u00f3n, mejorar el estado de \u00e1nimo y aumentar la vitalidad f\u00edsica. La planta contiene compuestos como la damianina y la arbutina, a los que se atribuyen propiedades afrodis\u00edacas, por lo que el Damiana Extract es una opci\u00f3n popular para quienes buscan aumentar la energ\u00eda o mejorar la salud sexual. Aunque el extracto se consume a menudo en t\u00e9 o bebidas alcoh\u00f3licas, es importante tener en cuenta que su potencia significa que s\u00f3lo se necesitan peque\u00f1as cantidades para obtener efectos notables. Damiana Extract es natural y libre de aditivos sint\u00e9ticos, ofreciendo un enfoque hol\u00edstico para el bienestar.<\/p>\n<p data-start=\"3804\" data-end=\"3816\"><strong data-start=\"3804\" data-end=\"3816\">Advertencia:<\/strong><\/p>\n<p data-start=\"3818\" data-end=\"4190\" data-is-last-node=\"\">Damiana Extract debe utilizarse con precauci\u00f3n. Debido a su potencia, es importante comenzar con una peque\u00f1a cantidad y evaluar la respuesta de su cuerpo. No exceda la dosis recomendada y consulte a un profesional sanitario si est\u00e1 embarazada, en per\u00edodo de lactancia o padece alguna enfermedad subyacente. Recuerde siempre utilizar Damiana Extract con moderaci\u00f3n para disfrutar de experiencias seguras y placenteras.<\/p>","protected":false},"excerpt":{"rendered":"<p>\u00a1Damiana es la hierba del amor! Damiana 10x Extract es otro de nuestros productos imprescindibles y m\u00e1s populares, y sabemos exactamente por qu\u00e9. Tiene un mont\u00f3n de cualidades m\u00e1gicas: ense\u00f1a a su cuerpo a aumentar la resistencia sexual, crea intensas sensaciones de placer durante el coito, y aumenta la sensaci\u00f3n org\u00e1smica tanto para hombres como para mujeres. Consiga hoy mismo su dosis de este afrodis\u00edaco que le pondr\u00e1 a cien en un abrir y cerrar de ojos.<\/p>","protected":false},"featured_media":81929,"template":"","meta":[],"product_brand":[],"product_cat":[391,297,395,389,457,818,396,405,705,384],"product_tag":[],"class_list":{"0":"post-37189","1":"product","2":"type-product","3":"status-publish","4":"has-post-thumbnail","6":"product_cat-extracts","7":"product_cat-all-products","8":"product_cat-aphrodisiacs","9":"product_cat-herbs","10":"product_cat-herbs-healthshop","11":"product_cat-mcmystic","12":"product_cat-relax","13":"product_cat-relax-herbs","14":"product_cat-sex-shop","15":"product_cat-smartshop","17":"first","18":"instock","19":"taxable","20":"shipping-taxable","21":"purchasable","22":"product-type-variable","23":"has-default-attributes"},"_links":{"self":[{"href":"https:\/\/www.headshop.nl\/es\/wp-json\/wp\/v2\/product\/37189","targetHints":{"allow":["GET"]}}],"collection":[{"href":"https:\/\/www.headshop.nl\/es\/wp-json\/wp\/v2\/product"}],"about":[{"href":"https:\/\/www.headshop.nl\/es\/wp-json\/wp\/v2\/types\/product"}],"wp:featuredmedia":[{"embeddable":true,"href":"https:\/\/www.headshop.nl\/es\/wp-json\/wp\/v2\/media\/81929"}],"wp:attachment":[{"href":"https:\/\/www.headshop.nl\/es\/wp-json\/wp\/v2\/media?parent=37189"}],"wp:term":[{"taxonomy":"product_brand","embeddable":true,"href":"https:\/\/www.headshop.nl\/es\/wp-json\/wp\/v2\/product_brand?post=37189"},{"taxonomy":"product_cat","embeddable":true,"href":"https:\/\/www.headshop.nl\/es\/wp-json\/wp\/v2\/product_cat?post=37189"},{"taxonomy":"product_tag","embeddable":true,"href":"https:\/\/www.headshop.nl\/es\/wp-json\/wp\/v2\/product_tag?post=37189"}],"curies":[{"name":"wp","href":"https:\/\/api.w.org\/{rel}","templated":true}]}}