{"id":37186,"date":"2021-09-28T10:53:02","date_gmt":"2021-09-28T10:53:02","guid":{"rendered":"https:\/\/www.headshop.nl\/?post_type=product&#038;p=37186"},"modified":"2022-06-27T08:06:35","modified_gmt":"2022-06-27T08:06:35","slug":"venicon-for-men","status":"publish","type":"product","link":"https:\/\/www.headshop.nl\/es\/venicon-for-men\/","title":{"rendered":"Venicon para Men"},"content":{"rendered":"<h2 class=\"product_title entry-title\">Venicon P\u00edldoras sexuales para Men<\/h2>\n<p>\u00bfBusca un m\u00e9todo sin receta para mantener una erecci\u00f3n m\u00e1s duradera? \u00bfNecesita m\u00e1s de una pasada de su lubricante favorito antes de estar listo para otra embestida? \u00bfNecesita ayuda para mejorar su libido? Esta nueva f\u00f3rmula puede ser exactamente lo que necesita. Esta poderosa mezcla aumentar\u00e1 su excitaci\u00f3n al tiempo que garantiza la capacidad de mantener la erecci\u00f3n a lo largo de cualquier encuentro sexual.<\/p>\n<p>Con una avanzada mezcla de ingredientes, Venicon para Men es la \u00fanica manera f\u00e1cilmente disponible para aumentar dr\u00e1sticamente su apetito sexual y el rendimiento. Es totalmente natural y seguro, esta f\u00f3rmula estimula el flujo sangu\u00edneo, ayuda a relajarse m\u00e1s profundamente, ensanchar los vasos perif\u00e9ricos con el fin de prevenir la eyaculaci\u00f3n precoz al tiempo que aumenta el placer durante las relaciones sexuales.<\/p>","protected":false},"excerpt":{"rendered":"<p>Si busca una cura sin receta para sus problemas de erecci\u00f3n y libido, no busque m\u00e1s: Venicon. Esta f\u00f3rmula \u00fanica patentada estimula el flujo sangu\u00edneo y permite a los usuarios durar m\u00e1s durante las relaciones sexuales. \u00a1Que empiece ya la noche salvaje!<\/p>","protected":false},"featured_media":37167,"template":"","meta":[],"product_brand":[],"product_cat":[395,297,705,384],"product_tag":[],"class_list":{"0":"post-37186","1":"product","2":"type-product","3":"status-publish","4":"has-post-thumbnail","6":"product_cat-aphrodisiacs","7":"product_cat-all-products","8":"product_cat-sex-shop","9":"product_cat-smartshop","11":"first","12":"instock","13":"taxable","14":"shipping-taxable","15":"purchasable","16":"product-type-simple"},"_links":{"self":[{"href":"https:\/\/www.headshop.nl\/es\/wp-json\/wp\/v2\/product\/37186","targetHints":{"allow":["GET"]}}],"collection":[{"href":"https:\/\/www.headshop.nl\/es\/wp-json\/wp\/v2\/product"}],"about":[{"href":"https:\/\/www.headshop.nl\/es\/wp-json\/wp\/v2\/types\/product"}],"wp:featuredmedia":[{"embeddable":true,"href":"https:\/\/www.headshop.nl\/es\/wp-json\/wp\/v2\/media\/37167"}],"wp:attachment":[{"href":"https:\/\/www.headshop.nl\/es\/wp-json\/wp\/v2\/media?parent=37186"}],"wp:term":[{"taxonomy":"product_brand","embeddable":true,"href":"https:\/\/www.headshop.nl\/es\/wp-json\/wp\/v2\/product_brand?post=37186"},{"taxonomy":"product_cat","embeddable":true,"href":"https:\/\/www.headshop.nl\/es\/wp-json\/wp\/v2\/product_cat?post=37186"},{"taxonomy":"product_tag","embeddable":true,"href":"https:\/\/www.headshop.nl\/es\/wp-json\/wp\/v2\/product_tag?post=37186"}],"curies":[{"name":"wp","href":"https:\/\/api.w.org\/{rel}","templated":true}]}}