{"id":37184,"date":"2021-09-28T10:00:30","date_gmt":"2021-09-28T10:00:30","guid":{"rendered":"https:\/\/www.headshop.nl\/?post_type=product&#038;p=37184"},"modified":"2022-06-27T08:06:36","modified_gmt":"2022-06-27T08:06:36","slug":"venicon-for-women","status":"publish","type":"product","link":"https:\/\/www.headshop.nl\/es\/venicon-for-women\/","title":{"rendered":"Venicon para mujer"},"content":{"rendered":"<h2 class=\"product_title entry-title\">Venicon P\u00edldoras sexuales para mujeres<\/h2>\n<p>Durante d\u00e9cadas, el placer sexual femenino ha sido ignorado por la mayor\u00eda. \u00bfPor qu\u00e9? Nadie parece saberlo. Ahora que los juguetes er\u00f3ticos para parejas se han apoderado del dormitorio y que una nueva generaci\u00f3n se ha centrado en explorar su sexualidad sin verg\u00fcenza, esto ya no es un problema. De hecho, es hora de que las mujeres tomen cartas en el asunto con Venicon para Mujeres. Esta potente p\u00edldora le dar\u00e1 confianza en su cuerpo y en su vida sexual, \u00a1por no mencionar el aumento del flujo sangu\u00edneo, la satisfacci\u00f3n y el disfrute de cada experiencia!<\/p>\n<p>Este es un producto asombroso que puede servir como su pr\u00f3xima gran emoci\u00f3n. S\u00f3lo tienes que saber que todos estos ingredientes est\u00e1n dise\u00f1ados para estimular el placer sexual en todos los puntos posibles. Picante y dulce con mucho licor: \u00a1esta poci\u00f3n m\u00e1gica puede ayudarte a desatar algo m\u00e1s que tu lado salvaje!<\/p>","protected":false},"excerpt":{"rendered":"<p>La salud y la felicidad de su vida sexual son importantes, y por eso le ofrecemos un nuevo producto en el mercado. Venicon para la Mujer utiliza ingredientes totalmente naturales de todo el mundo para ayudar a crear el estado de \u00e1nimo mientras se asegura de que se siente c\u00f3moda f\u00edsicamente. \u00a1Disfrute de la explosi\u00f3n de lujuria que es Venicon!<\/p>","protected":false},"featured_media":37153,"template":"","meta":[],"product_brand":[],"product_cat":[395,297,705,384],"product_tag":[],"class_list":{"0":"post-37184","1":"product","2":"type-product","3":"status-publish","4":"has-post-thumbnail","6":"product_cat-aphrodisiacs","7":"product_cat-all-products","8":"product_cat-sex-shop","9":"product_cat-smartshop","11":"first","12":"instock","13":"taxable","14":"shipping-taxable","15":"purchasable","16":"product-type-simple"},"_links":{"self":[{"href":"https:\/\/www.headshop.nl\/es\/wp-json\/wp\/v2\/product\/37184","targetHints":{"allow":["GET"]}}],"collection":[{"href":"https:\/\/www.headshop.nl\/es\/wp-json\/wp\/v2\/product"}],"about":[{"href":"https:\/\/www.headshop.nl\/es\/wp-json\/wp\/v2\/types\/product"}],"wp:featuredmedia":[{"embeddable":true,"href":"https:\/\/www.headshop.nl\/es\/wp-json\/wp\/v2\/media\/37153"}],"wp:attachment":[{"href":"https:\/\/www.headshop.nl\/es\/wp-json\/wp\/v2\/media?parent=37184"}],"wp:term":[{"taxonomy":"product_brand","embeddable":true,"href":"https:\/\/www.headshop.nl\/es\/wp-json\/wp\/v2\/product_brand?post=37184"},{"taxonomy":"product_cat","embeddable":true,"href":"https:\/\/www.headshop.nl\/es\/wp-json\/wp\/v2\/product_cat?post=37184"},{"taxonomy":"product_tag","embeddable":true,"href":"https:\/\/www.headshop.nl\/es\/wp-json\/wp\/v2\/product_tag?post=37184"}],"curies":[{"name":"wp","href":"https:\/\/api.w.org\/{rel}","templated":true}]}}