{"id":37182,"date":"2021-09-28T09:55:38","date_gmt":"2021-09-28T09:55:38","guid":{"rendered":"https:\/\/www.headshop.nl\/?post_type=product&#038;p=37182"},"modified":"2023-12-04T07:26:30","modified_gmt":"2023-12-04T07:26:30","slug":"camagra-for-women","status":"publish","type":"product","link":"https:\/\/www.headshop.nl\/es\/camagra-for-women\/","title":{"rendered":"Camagra para mujer"},"content":{"rendered":"<h2 class=\"product_title entry-title\">Camagra P\u00edldoras sexuales para mujeres<\/h2>\n<p>\u00a1Ahora t\u00fa eres la estrella del espect\u00e1culo con Camagra para mujer! Prep\u00e1rate para gritar su nombre, \u00a1porque ahora tu cuerpo est\u00e1 listo para aprovechar cada cent\u00edmetro! Con cada roce, tu placer se amplifica e intensifica. \u00bfNo es eso lo que quieres?<\/p>\n<p>Camagra for Women es un estimulante sexual a base de hierbas s\u00faper eficaz que ayuda a aumentar la probabilidad de un orgasmo intenso durante las relaciones sexuales. La f\u00f3rmula org\u00e1nica estimula naturalmente su flujo sangu\u00edneo er\u00f3geno haci\u00e9ndola sensible y excitada. Suavemente pero muy profundamente, gemir\u00e1s de placer mientras tu excitaci\u00f3n se acumula en tu interior.<\/p>","protected":false},"excerpt":{"rendered":"<p>Desde su creaci\u00f3n, Camagra para mujeres ha sido uno de los estimulantes sexuales naturales m\u00e1s populares entre las mujeres. Su f\u00f3rmula a base de plantas es una forma inteligente e innovadora de disfrutar m\u00e1s que nunca de las relaciones sexuales con tu pareja o en tu tiempo libre.<\/p>","protected":false},"featured_media":37149,"template":"","meta":[],"product_brand":[],"product_cat":[395,297,705,384],"product_tag":[],"class_list":{"0":"post-37182","1":"product","2":"type-product","3":"status-publish","4":"has-post-thumbnail","6":"product_cat-aphrodisiacs","7":"product_cat-all-products","8":"product_cat-sex-shop","9":"product_cat-smartshop","11":"first","12":"instock","13":"taxable","14":"shipping-taxable","15":"purchasable","16":"product-type-simple"},"_links":{"self":[{"href":"https:\/\/www.headshop.nl\/es\/wp-json\/wp\/v2\/product\/37182","targetHints":{"allow":["GET"]}}],"collection":[{"href":"https:\/\/www.headshop.nl\/es\/wp-json\/wp\/v2\/product"}],"about":[{"href":"https:\/\/www.headshop.nl\/es\/wp-json\/wp\/v2\/types\/product"}],"wp:featuredmedia":[{"embeddable":true,"href":"https:\/\/www.headshop.nl\/es\/wp-json\/wp\/v2\/media\/37149"}],"wp:attachment":[{"href":"https:\/\/www.headshop.nl\/es\/wp-json\/wp\/v2\/media?parent=37182"}],"wp:term":[{"taxonomy":"product_brand","embeddable":true,"href":"https:\/\/www.headshop.nl\/es\/wp-json\/wp\/v2\/product_brand?post=37182"},{"taxonomy":"product_cat","embeddable":true,"href":"https:\/\/www.headshop.nl\/es\/wp-json\/wp\/v2\/product_cat?post=37182"},{"taxonomy":"product_tag","embeddable":true,"href":"https:\/\/www.headshop.nl\/es\/wp-json\/wp\/v2\/product_tag?post=37182"}],"curies":[{"name":"wp","href":"https:\/\/api.w.org\/{rel}","templated":true}]}}