{"id":37180,"date":"2021-09-28T09:52:14","date_gmt":"2021-09-28T09:52:14","guid":{"rendered":"https:\/\/www.headshop.nl\/?post_type=product&#038;p=37180"},"modified":"2023-12-04T07:26:41","modified_gmt":"2023-12-04T07:26:41","slug":"camagra-for-men","status":"publish","type":"product","link":"https:\/\/www.headshop.nl\/es\/camagra-for-men\/","title":{"rendered":"Camagra para Men"},"content":{"rendered":"<h2 class=\"product_title entry-title\">Camagra P\u00edldoras sexuales para Men<\/h2>\n<p>\u00bfQuieres llevar tu vida amorosa al siguiente nivel? Quiz\u00e1 sientas que hay algo que no va del todo bien, pero se te escapa. \u00bfQu\u00e9 podr\u00eda faltar? Bueno, los estudios demuestran que un apetito sexual sano es esencial tanto para hombres como para mujeres: \u00a1\u00bfqui\u00e9n quiere una sesi\u00f3n de alcoba insatisfactoria? Nuestra recomendaci\u00f3n personal: \u00a1Camagra por Men!<\/p>\n<p>Puede ayudar a evitar la disfunci\u00f3n er\u00e9ctil y aumentar\u00e1 su libido para que disfrute de la experiencia m\u00e1s que nunca. Con la ingesta cuidadosa de estos sencillos ingredientes, aumentar\u00e1 el flujo sangu\u00edneo en todo el cuerpo, as\u00ed como la relajaci\u00f3n mental. El resultado: \u00a1por fin un mejor rendimiento y satisfacci\u00f3n sexual!<\/p>\n<p>Si lo que busca es mejorar su intimidad, h\u00e1gase un favor y empiece a utilizar Camagra.<\/p>","protected":false},"excerpt":{"rendered":"<p>Es hora de que tomes cartas en el asunto. Saber qu\u00e9 hacer para obtener lo mejor nunca ha sido tan f\u00e1cil. Este producto ayudar\u00e1 a tu cuerpo, mente y libido a trabajar juntos de forma m\u00e1s eficiente para que puedas tener una experiencia incre\u00edble \u00a1sin ning\u00fan contratiempo!<\/p>","protected":false},"featured_media":37155,"template":"","meta":[],"product_brand":[],"product_cat":[395,297,705,384],"product_tag":[],"class_list":{"0":"post-37180","1":"product","2":"type-product","3":"status-publish","4":"has-post-thumbnail","6":"product_cat-aphrodisiacs","7":"product_cat-all-products","8":"product_cat-sex-shop","9":"product_cat-smartshop","11":"first","12":"instock","13":"taxable","14":"shipping-taxable","15":"purchasable","16":"product-type-simple"},"_links":{"self":[{"href":"https:\/\/www.headshop.nl\/es\/wp-json\/wp\/v2\/product\/37180","targetHints":{"allow":["GET"]}}],"collection":[{"href":"https:\/\/www.headshop.nl\/es\/wp-json\/wp\/v2\/product"}],"about":[{"href":"https:\/\/www.headshop.nl\/es\/wp-json\/wp\/v2\/types\/product"}],"wp:featuredmedia":[{"embeddable":true,"href":"https:\/\/www.headshop.nl\/es\/wp-json\/wp\/v2\/media\/37155"}],"wp:attachment":[{"href":"https:\/\/www.headshop.nl\/es\/wp-json\/wp\/v2\/media?parent=37180"}],"wp:term":[{"taxonomy":"product_brand","embeddable":true,"href":"https:\/\/www.headshop.nl\/es\/wp-json\/wp\/v2\/product_brand?post=37180"},{"taxonomy":"product_cat","embeddable":true,"href":"https:\/\/www.headshop.nl\/es\/wp-json\/wp\/v2\/product_cat?post=37180"},{"taxonomy":"product_tag","embeddable":true,"href":"https:\/\/www.headshop.nl\/es\/wp-json\/wp\/v2\/product_tag?post=37180"}],"curies":[{"name":"wp","href":"https:\/\/api.w.org\/{rel}","templated":true}]}}