{"id":37050,"date":"2021-09-28T08:00:49","date_gmt":"2021-09-28T08:00:49","guid":{"rendered":"https:\/\/www.headshop.nl\/?post_type=product&#038;p=37050"},"modified":"2022-06-27T08:07:44","modified_gmt":"2022-06-27T08:07:44","slug":"spanish-fly-passion-intenso","status":"publish","type":"product","link":"https:\/\/www.headshop.nl\/es\/spanish-fly-passion-intenso\/","title":{"rendered":"Spanish Fly Passion Intenso"},"content":{"rendered":"<h2>Spanish Fly Passion Intenso<\/h2>\n<p>Spanish Fly es la poci\u00f3n de amor m\u00e1s popular disponible hoy en d\u00eda, y ocupa un lugar especial en la historia como uno de los afrodis\u00edacos m\u00e1s antiguos registrados. Con Spanish Fly a tu lado te sentir\u00e1s excitado, seguro de ti mismo y listo para enfrentarte a todo lo que se te ponga por delante.<\/p>\n<p>Es hora de cambiar tu status quo sexual y empezar a tener mejor sexo del que nunca hubieras so\u00f1ado. Spanish Fly es el afrodis\u00edaco natural alternativo perfecto - que va a transformar la forma de ver las cosas en el dormitorio y salvar su relaci\u00f3n se caiga a pedazos antes de que incluso tiene la oportunidad de empezar.<\/p>","protected":false},"excerpt":{"rendered":"<p>La f\u00f3rmula de Spanish Fly es sencilla pero muy eficaz. A\u00f1ada una gotita de este potenciador de la libido a su bebida y a la de su pareja y \u00a1observe c\u00f3mo sus reacciones cambian para mejor! \u00a1A\u00f1\u00e1dalo sobre su bebida favorita para darle un toque picante a su noche!<\/p>","protected":false},"featured_media":37068,"template":"","meta":[],"product_brand":[],"product_cat":[395,297,705,384,718],"product_tag":[],"class_list":{"0":"post-37050","1":"product","2":"type-product","3":"status-publish","4":"has-post-thumbnail","6":"product_cat-aphrodisiacs","7":"product_cat-all-products","8":"product_cat-sex-shop","9":"product_cat-smartshop","10":"product_cat-spanish-fly","12":"first","13":"instock","14":"taxable","15":"shipping-taxable","16":"purchasable","17":"product-type-simple"},"_links":{"self":[{"href":"https:\/\/www.headshop.nl\/es\/wp-json\/wp\/v2\/product\/37050","targetHints":{"allow":["GET"]}}],"collection":[{"href":"https:\/\/www.headshop.nl\/es\/wp-json\/wp\/v2\/product"}],"about":[{"href":"https:\/\/www.headshop.nl\/es\/wp-json\/wp\/v2\/types\/product"}],"wp:featuredmedia":[{"embeddable":true,"href":"https:\/\/www.headshop.nl\/es\/wp-json\/wp\/v2\/media\/37068"}],"wp:attachment":[{"href":"https:\/\/www.headshop.nl\/es\/wp-json\/wp\/v2\/media?parent=37050"}],"wp:term":[{"taxonomy":"product_brand","embeddable":true,"href":"https:\/\/www.headshop.nl\/es\/wp-json\/wp\/v2\/product_brand?post=37050"},{"taxonomy":"product_cat","embeddable":true,"href":"https:\/\/www.headshop.nl\/es\/wp-json\/wp\/v2\/product_cat?post=37050"},{"taxonomy":"product_tag","embeddable":true,"href":"https:\/\/www.headshop.nl\/es\/wp-json\/wp\/v2\/product_tag?post=37050"}],"curies":[{"name":"wp","href":"https:\/\/api.w.org\/{rel}","templated":true}]}}