{"id":37038,"date":"2021-09-28T07:38:27","date_gmt":"2021-09-28T07:38:27","guid":{"rendered":"https:\/\/www.headshop.nl\/?post_type=product&#038;p=37038"},"modified":"2022-06-27T08:07:53","modified_gmt":"2022-06-27T08:07:53","slug":"rush-herbal-popper","status":"publish","type":"product","link":"https:\/\/www.headshop.nl\/es\/rush-herbal-popper\/","title":{"rendered":"Rush Herbal Popper"},"content":{"rendered":"<h2 class=\"product_title entry-title\">Rush Herbal Popper<\/h2>\n<p>Hay muchas formas de utilizar este popper de hierbas. Si acabas de explorar el mundo del sexo anal, relaja tus esf\u00ednteres de antemano para una experiencia m\u00e1s c\u00f3moda con menos tensi\u00f3n en los m\u00fasculos. \u00a1Este producto te lo pondr\u00e1 m\u00e1s f\u00e1cil!<\/p>\n<p>Tambi\u00e9n es perfecto si quieres mantener la erecci\u00f3n durante el sexo, ya que relaja el pene r\u00e1pidamente y garantiza que cualquier problema de erecci\u00f3n que pueda surgir se solucione de inmediato con un chorro r\u00e1pido. Adem\u00e1s, la sensaci\u00f3n de zumbido es un incre\u00edble potenciador del estado de \u00e1nimo, incluso si las cosas no van bien en la cama. \u00bfY lo mejor? Este popper es puramente herbal, por lo que su venta sigue siendo legal.<\/p>","protected":false},"excerpt":{"rendered":"<p>El amor est\u00e1 en todas partes, esperando a que lo abras. No lo dudes m\u00e1s. Apres\u00farate a vivir una experiencia relajante y explosiva a la vez. Consigue este popper de hierbas para aumentar la duraci\u00f3n de tu sesi\u00f3n de sexo, asegur\u00e1ndote de que ten\u00e9is un poco m\u00e1s de tiempo para exploraros el uno al otro, probar nuevas posturas y poner a prueba divertidas fantas\u00edas.<\/p>","protected":false},"featured_media":37129,"template":"","meta":[],"product_brand":[],"product_cat":[395,297,705,384],"product_tag":[],"class_list":{"0":"post-37038","1":"product","2":"type-product","3":"status-publish","4":"has-post-thumbnail","6":"product_cat-aphrodisiacs","7":"product_cat-all-products","8":"product_cat-sex-shop","9":"product_cat-smartshop","11":"first","12":"instock","13":"taxable","14":"shipping-taxable","15":"purchasable","16":"product-type-simple"},"_links":{"self":[{"href":"https:\/\/www.headshop.nl\/es\/wp-json\/wp\/v2\/product\/37038","targetHints":{"allow":["GET"]}}],"collection":[{"href":"https:\/\/www.headshop.nl\/es\/wp-json\/wp\/v2\/product"}],"about":[{"href":"https:\/\/www.headshop.nl\/es\/wp-json\/wp\/v2\/types\/product"}],"wp:featuredmedia":[{"embeddable":true,"href":"https:\/\/www.headshop.nl\/es\/wp-json\/wp\/v2\/media\/37129"}],"wp:attachment":[{"href":"https:\/\/www.headshop.nl\/es\/wp-json\/wp\/v2\/media?parent=37038"}],"wp:term":[{"taxonomy":"product_brand","embeddable":true,"href":"https:\/\/www.headshop.nl\/es\/wp-json\/wp\/v2\/product_brand?post=37038"},{"taxonomy":"product_cat","embeddable":true,"href":"https:\/\/www.headshop.nl\/es\/wp-json\/wp\/v2\/product_cat?post=37038"},{"taxonomy":"product_tag","embeddable":true,"href":"https:\/\/www.headshop.nl\/es\/wp-json\/wp\/v2\/product_tag?post=37038"}],"curies":[{"name":"wp","href":"https:\/\/api.w.org\/{rel}","templated":true}]}}