{"id":36851,"date":"2021-09-27T07:50:55","date_gmt":"2021-09-27T07:50:55","guid":{"rendered":"https:\/\/www.headshop.nl\/?post_type=product&#038;p=36851"},"modified":"2024-09-23T11:28:47","modified_gmt":"2024-09-23T11:28:47","slug":"opiates-drug-test","status":"publish","type":"product","link":"https:\/\/www.headshop.nl\/es\/opiates-drug-test\/","title":{"rendered":"Opiates Drug Test"},"content":{"rendered":"<h2><span data-sheets-value=\"{&quot;1&quot;:2,&quot;2&quot;:&quot;Opiates Drug Test&quot;}\" data-sheets-userformat=\"{&quot;2&quot;:4995,&quot;3&quot;:{&quot;1&quot;:0},&quot;4&quot;:{&quot;1&quot;:2,&quot;2&quot;:16043212},&quot;10&quot;:2,&quot;11&quot;:4,&quot;12&quot;:0,&quot;15&quot;:&quot;Arial&quot;}\">Opiates Drug Test<\/span> de EZ Test<\/h2>\n<p>Prep\u00e1rese para decir adi\u00f3s a cualquier incertidumbre cuando se trate de su muestra. Con un test de drogas casero f\u00e1cil de usar y preciso, nunca m\u00e1s necesitar\u00e1s a nadie (ni a nada). \u00a1Conf\u00eda en ti mismo con este innovador, discreto y sencillo kit de pruebas de EZ Test!<\/p>\n<p>&nbsp;<\/p>","protected":false},"excerpt":{"rendered":"<p>\u00bfConfuso sobre lo que est\u00e1 tomando? \u00a1No se confunda m\u00e1s! Un nuevo kit de prueba de drogas, dise\u00f1ado espec\u00edficamente para satisfacer sus necesidades. Este es un kit de prueba casero exacto y f\u00e1cil de usar que puede ayudar a asegurar una cosa: su muestra contiene lo que usted desea. \u00a1Siga adelante y si\u00e9ntase mucho m\u00e1s seguro con nuestros kits de prueba de drogas de EZ Test!<\/p>","protected":false},"featured_media":36955,"template":"","meta":[],"product_brand":[],"product_cat":[387,297,384],"product_tag":[],"class_list":{"0":"post-36851","1":"product","2":"type-product","3":"status-publish","4":"has-post-thumbnail","6":"product_cat-drugtests","7":"product_cat-all-products","8":"product_cat-smartshop","9":"product_shipping_class-creditcard-on","11":"first","12":"instock","13":"taxable","14":"shipping-taxable","15":"purchasable","16":"product-type-variable","17":"has-default-attributes"},"_links":{"self":[{"href":"https:\/\/www.headshop.nl\/es\/wp-json\/wp\/v2\/product\/36851","targetHints":{"allow":["GET"]}}],"collection":[{"href":"https:\/\/www.headshop.nl\/es\/wp-json\/wp\/v2\/product"}],"about":[{"href":"https:\/\/www.headshop.nl\/es\/wp-json\/wp\/v2\/types\/product"}],"wp:featuredmedia":[{"embeddable":true,"href":"https:\/\/www.headshop.nl\/es\/wp-json\/wp\/v2\/media\/36955"}],"wp:attachment":[{"href":"https:\/\/www.headshop.nl\/es\/wp-json\/wp\/v2\/media?parent=36851"}],"wp:term":[{"taxonomy":"product_brand","embeddable":true,"href":"https:\/\/www.headshop.nl\/es\/wp-json\/wp\/v2\/product_brand?post=36851"},{"taxonomy":"product_cat","embeddable":true,"href":"https:\/\/www.headshop.nl\/es\/wp-json\/wp\/v2\/product_cat?post=36851"},{"taxonomy":"product_tag","embeddable":true,"href":"https:\/\/www.headshop.nl\/es\/wp-json\/wp\/v2\/product_tag?post=36851"}],"curies":[{"name":"wp","href":"https:\/\/api.w.org\/{rel}","templated":true}]}}