{"id":36850,"date":"2021-09-27T07:50:55","date_gmt":"2021-09-27T07:50:55","guid":{"rendered":"https:\/\/www.headshop.nl\/?post_type=product&#038;p=36850"},"modified":"2025-09-08T01:26:17","modified_gmt":"2025-09-08T01:26:17","slug":"synthetic-cannabinoids-k2-spice-drug-test","status":"publish","type":"product","link":"https:\/\/www.headshop.nl\/es\/synthetic-cannabinoids-k2-spice-drug-test\/","title":{"rendered":"Synthetic Cannabinoids, K2 Spice Drug Test"},"content":{"rendered":"<h2>Synthetic Cannabinoids, K2 Spice Drug Test de EZ Test<\/h2>\n<p>Aseg\u00farese de saber siempre lo que est\u00e1 fumando. Utilice el test de drogas EZ Test Materiales Sint\u00e9ticos Cannabinoides, K2 Spice para estar seguro de que su muestra contiene justo lo que usted desea - los resultados precisos le asegurar\u00e1n una cosa:<br \/>\nexactamente lo que contiene. Es sencillo y seguro, \u00a1as\u00ed que an\u00edmese y utilice todos nuestros productos hoy mismo! Usted se merece herramientas precisas y fiables para analizar de forma r\u00e1pida y sencilla muestras que contengan las sustancias que desee.<\/p>\n<p>K2 Spice puede sonar como una droga alternativa inofensiva, pero cualquier cannabinoide sint\u00e9tico puede ser peligroso. Tomar la decisi\u00f3n educada para garantizar su seguridad con un kit de prueba de drogas en casa f\u00e1cil de usar de EZ Test. \u00a1Esta es su mejor opci\u00f3n para obtener resultados seguros y precisos!<\/p>","protected":false},"excerpt":{"rendered":"<p>A veces es necesario estar seguro.<br \/>\nCon el Synthetic Cannabinoids, K2 Spice Drug Test de EZ Test, el personal de EZ Tests ha hecho f\u00e1cil y seguro averiguar si lo que est\u00e1s poniendo en tu cuerpo es realmente lo que quieres que sea. No importa si quieres estar seguro de cosas como \"Hash Oil\" o quieres confirmaci\u00f3n de que \"Hash\", \u00a1podemos ayudarte!<\/p>","protected":false},"featured_media":36951,"template":"","meta":[],"product_brand":[],"product_cat":[387,297,384],"product_tag":[],"class_list":{"0":"post-36850","1":"product","2":"type-product","3":"status-publish","4":"has-post-thumbnail","6":"product_cat-drugtests","7":"product_cat-all-products","8":"product_cat-smartshop","9":"product_shipping_class-creditcard-on","11":"first","12":"instock","13":"taxable","14":"shipping-taxable","15":"purchasable","16":"product-type-variable","17":"has-default-attributes"},"_links":{"self":[{"href":"https:\/\/www.headshop.nl\/es\/wp-json\/wp\/v2\/product\/36850","targetHints":{"allow":["GET"]}}],"collection":[{"href":"https:\/\/www.headshop.nl\/es\/wp-json\/wp\/v2\/product"}],"about":[{"href":"https:\/\/www.headshop.nl\/es\/wp-json\/wp\/v2\/types\/product"}],"wp:featuredmedia":[{"embeddable":true,"href":"https:\/\/www.headshop.nl\/es\/wp-json\/wp\/v2\/media\/36951"}],"wp:attachment":[{"href":"https:\/\/www.headshop.nl\/es\/wp-json\/wp\/v2\/media?parent=36850"}],"wp:term":[{"taxonomy":"product_brand","embeddable":true,"href":"https:\/\/www.headshop.nl\/es\/wp-json\/wp\/v2\/product_brand?post=36850"},{"taxonomy":"product_cat","embeddable":true,"href":"https:\/\/www.headshop.nl\/es\/wp-json\/wp\/v2\/product_cat?post=36850"},{"taxonomy":"product_tag","embeddable":true,"href":"https:\/\/www.headshop.nl\/es\/wp-json\/wp\/v2\/product_tag?post=36850"}],"curies":[{"name":"wp","href":"https:\/\/api.w.org\/{rel}","templated":true}]}}