{"id":36847,"date":"2021-09-27T07:50:54","date_gmt":"2021-09-27T07:50:54","guid":{"rendered":"https:\/\/www.headshop.nl\/?post_type=product&#038;p=36847"},"modified":"2024-09-23T11:28:48","modified_gmt":"2024-09-23T11:28:48","slug":"mcpp-drug-test","status":"publish","type":"product","link":"https:\/\/www.headshop.nl\/es\/mcpp-drug-test\/","title":{"rendered":"MCPP Drug Test"},"content":{"rendered":"<h2><span data-sheets-value=\"{&quot;1&quot;:2,&quot;2&quot;:&quot;MCPP Drug Test&quot;}\" data-sheets-userformat=\"{&quot;2&quot;:4995,&quot;3&quot;:{&quot;1&quot;:0},&quot;4&quot;:{&quot;1&quot;:2,&quot;2&quot;:15120559},&quot;10&quot;:2,&quot;11&quot;:4,&quot;12&quot;:0,&quot;15&quot;:&quot;Arial&quot;}\">MCPP Drug Test<\/span> de EZ Test<\/h2>\n<p>Cuando quieras estar seguro de lo que tomas, \u00a1el MCPP Drug Test de EZ Test es para ti!<\/p>\n<p>MCPP Drug Test de EZ Test est\u00e1 aqu\u00ed para ayudar a asegurarse de que est\u00e1 recibiendo lo que se anuncia. No lo tome en la fe, o conf\u00ede en rumores; sea armado con los hechos. Haz la prueba y desc\u00fabrelo por ti mismo.<\/p>\n<p>Un kit casero de an\u00e1lisis de drogas es una forma f\u00e1cil y precisa de asegurarse de que su muestra contiene todos los elementos que desea, es decir, MCPP. No queremos arrepentirnos, \u00bfverdad?<\/p>","protected":false},"excerpt":{"rendered":"<p>EZ Test est\u00e1 aqu\u00ed para ayudarte a descartar lo que no quieres en tu muestra y confirmar la presencia de lo que s\u00ed quieres. Es un kit de an\u00e1lisis casero preciso y sencillo, \u00a1para que puedas estar seguro de la calidad de las drogas que quieres analizar!<\/p>","protected":false},"featured_media":36948,"template":"","meta":[],"product_brand":[],"product_cat":[387,297,384],"product_tag":[],"class_list":{"0":"post-36847","1":"product","2":"type-product","3":"status-publish","4":"has-post-thumbnail","6":"product_cat-drugtests","7":"product_cat-all-products","8":"product_cat-smartshop","9":"product_shipping_class-creditcard-on","11":"first","12":"instock","13":"taxable","14":"shipping-taxable","15":"purchasable","16":"product-type-variable","17":"has-default-attributes"},"_links":{"self":[{"href":"https:\/\/www.headshop.nl\/es\/wp-json\/wp\/v2\/product\/36847","targetHints":{"allow":["GET"]}}],"collection":[{"href":"https:\/\/www.headshop.nl\/es\/wp-json\/wp\/v2\/product"}],"about":[{"href":"https:\/\/www.headshop.nl\/es\/wp-json\/wp\/v2\/types\/product"}],"wp:featuredmedia":[{"embeddable":true,"href":"https:\/\/www.headshop.nl\/es\/wp-json\/wp\/v2\/media\/36948"}],"wp:attachment":[{"href":"https:\/\/www.headshop.nl\/es\/wp-json\/wp\/v2\/media?parent=36847"}],"wp:term":[{"taxonomy":"product_brand","embeddable":true,"href":"https:\/\/www.headshop.nl\/es\/wp-json\/wp\/v2\/product_brand?post=36847"},{"taxonomy":"product_cat","embeddable":true,"href":"https:\/\/www.headshop.nl\/es\/wp-json\/wp\/v2\/product_cat?post=36847"},{"taxonomy":"product_tag","embeddable":true,"href":"https:\/\/www.headshop.nl\/es\/wp-json\/wp\/v2\/product_tag?post=36847"}],"curies":[{"name":"wp","href":"https:\/\/api.w.org\/{rel}","templated":true}]}}