{"id":36827,"date":"2021-09-27T07:50:44","date_gmt":"2021-09-27T07:50:44","guid":{"rendered":"https:\/\/www.headshop.nl\/?post_type=product&#038;p=36827"},"modified":"2024-09-23T11:28:51","modified_gmt":"2024-09-23T11:28:51","slug":"bath-salts-drug-test","status":"publish","type":"product","link":"https:\/\/www.headshop.nl\/es\/bath-salts-drug-test\/","title":{"rendered":"Bath Salts Drug Test"},"content":{"rendered":"<h2>Bath Salts Drug Test de EZ Test<\/h2>\n<p>El Bath Salts Drug Test de la Prueba de EZ es una prueba de droga en casa sencilla para ver su 'muestra' para lo que realmente es. Si falso, o la calidad alta; los resultados ser\u00e1n mostrados con reacciones r\u00e1pidas y f\u00e1ciles de color que son claras como el d\u00eda. Para aquellos de ustedes que quieren un poco de tranquilidad antes de tomar cualquier sustancia - \u00a1esta es la soluci\u00f3n perfecta!<\/p>\n<p>&nbsp;<\/p>","protected":false},"excerpt":{"rendered":"<p>Tome esta prueba casera simple y exacta de la Prueba de EZ para averiguar lo que ha estado pasando en la muestra de la droga que usted tiene. La prueba de drogas nunca ha sido tan f\u00e1cil y r\u00e1pida, sin laboratorio, \u00a1solo aqu\u00ed y ahora!<\/p>","protected":false},"featured_media":36923,"template":"","meta":[],"product_brand":[],"product_cat":[387,297,384],"product_tag":[],"class_list":{"0":"post-36827","1":"product","2":"type-product","3":"status-publish","4":"has-post-thumbnail","6":"product_cat-drugtests","7":"product_cat-all-products","8":"product_cat-smartshop","9":"product_shipping_class-creditcard-on","11":"first","12":"instock","13":"taxable","14":"shipping-taxable","15":"purchasable","16":"product-type-variable","17":"has-default-attributes"},"_links":{"self":[{"href":"https:\/\/www.headshop.nl\/es\/wp-json\/wp\/v2\/product\/36827","targetHints":{"allow":["GET"]}}],"collection":[{"href":"https:\/\/www.headshop.nl\/es\/wp-json\/wp\/v2\/product"}],"about":[{"href":"https:\/\/www.headshop.nl\/es\/wp-json\/wp\/v2\/types\/product"}],"wp:featuredmedia":[{"embeddable":true,"href":"https:\/\/www.headshop.nl\/es\/wp-json\/wp\/v2\/media\/36923"}],"wp:attachment":[{"href":"https:\/\/www.headshop.nl\/es\/wp-json\/wp\/v2\/media?parent=36827"}],"wp:term":[{"taxonomy":"product_brand","embeddable":true,"href":"https:\/\/www.headshop.nl\/es\/wp-json\/wp\/v2\/product_brand?post=36827"},{"taxonomy":"product_cat","embeddable":true,"href":"https:\/\/www.headshop.nl\/es\/wp-json\/wp\/v2\/product_cat?post=36827"},{"taxonomy":"product_tag","embeddable":true,"href":"https:\/\/www.headshop.nl\/es\/wp-json\/wp\/v2\/product_tag?post=36827"}],"curies":[{"name":"wp","href":"https:\/\/api.w.org\/{rel}","templated":true}]}}