{"id":36819,"date":"2021-09-27T07:50:39","date_gmt":"2021-09-27T07:50:39","guid":{"rendered":"https:\/\/www.headshop.nl\/?post_type=product&#038;p=36819"},"modified":"2024-09-23T11:28:52","modified_gmt":"2024-09-23T11:28:52","slug":"cocaine-purity-drug-test","status":"publish","type":"product","link":"https:\/\/www.headshop.nl\/es\/cocaine-purity-drug-test\/","title":{"rendered":"Cocaine Purity Drug Test"},"content":{"rendered":"<h2><span data-sheets-value=\"{&quot;1&quot;:2,&quot;2&quot;:&quot;Cocaine Purity Drug Test&quot;}\" data-sheets-userformat=\"{&quot;2&quot;:4995,&quot;3&quot;:{&quot;1&quot;:0},&quot;4&quot;:{&quot;1&quot;:2,&quot;2&quot;:16043212},&quot;10&quot;:2,&quot;11&quot;:4,&quot;12&quot;:0,&quot;15&quot;:&quot;Arial&quot;}\">Cocaine Purity Drug Test <\/span>de EZ Test<\/h2>\n<p>No siempre se puede confiar en la veracidad de la informaci\u00f3n sobre el contenido de las drogas. Especialmente cuando se trata de lo puras que son sus drogas, \u00bfverdad?<\/p>\n<p>Si busca algo m\u00e1s concreto, le recomendamos el kit EZ Test Cocaine Purity Drug Test, ya que al menos con esta prueba sabr\u00e1 que su muestra contiene lo que dice que contiene y, al mismo tiempo, podr\u00e1 determinar el grado de pureza de la muestra.<\/p>\n<p>&nbsp;<\/p>","protected":false},"excerpt":{"rendered":"<p>Sepa que usted est\u00e1 consiguiendo la materia m\u00e1s pura con este Cocaine Purity Drug Test de Prueba de EZ. \u00a1Atr\u00e1s han quedado los d\u00edas en que los usuarios de drogas ten\u00edan que adivinar lo que est\u00e1 en su producto! Este producto asombroso le dejar\u00e1 saber seguro que cada vez. \u00a1Muestre si la nieve es la pureza alta con este kit exacto de la prueba de la droga de la Prueba de EZ!<\/p>","protected":false},"featured_media":36921,"template":"","meta":[],"product_brand":[],"product_cat":[387,297,384],"product_tag":[],"class_list":{"0":"post-36819","1":"product","2":"type-product","3":"status-publish","4":"has-post-thumbnail","6":"product_cat-drugtests","7":"product_cat-all-products","8":"product_cat-smartshop","9":"product_shipping_class-creditcard-on","11":"first","12":"instock","13":"taxable","14":"shipping-taxable","15":"purchasable","16":"product-type-variable","17":"has-default-attributes"},"_links":{"self":[{"href":"https:\/\/www.headshop.nl\/es\/wp-json\/wp\/v2\/product\/36819","targetHints":{"allow":["GET"]}}],"collection":[{"href":"https:\/\/www.headshop.nl\/es\/wp-json\/wp\/v2\/product"}],"about":[{"href":"https:\/\/www.headshop.nl\/es\/wp-json\/wp\/v2\/types\/product"}],"wp:featuredmedia":[{"embeddable":true,"href":"https:\/\/www.headshop.nl\/es\/wp-json\/wp\/v2\/media\/36921"}],"wp:attachment":[{"href":"https:\/\/www.headshop.nl\/es\/wp-json\/wp\/v2\/media?parent=36819"}],"wp:term":[{"taxonomy":"product_brand","embeddable":true,"href":"https:\/\/www.headshop.nl\/es\/wp-json\/wp\/v2\/product_brand?post=36819"},{"taxonomy":"product_cat","embeddable":true,"href":"https:\/\/www.headshop.nl\/es\/wp-json\/wp\/v2\/product_cat?post=36819"},{"taxonomy":"product_tag","embeddable":true,"href":"https:\/\/www.headshop.nl\/es\/wp-json\/wp\/v2\/product_tag?post=36819"}],"curies":[{"name":"wp","href":"https:\/\/api.w.org\/{rel}","templated":true}]}}