{"id":36795,"date":"2021-09-27T07:50:28","date_gmt":"2021-09-27T07:50:28","guid":{"rendered":"https:\/\/www.headshop.nl\/?post_type=product&#038;p=36795"},"modified":"2024-09-23T11:28:54","modified_gmt":"2024-09-23T11:28:54","slug":"cocaine-drug-test","status":"publish","type":"product","link":"https:\/\/www.headshop.nl\/es\/cocaine-drug-test\/","title":{"rendered":"Cocaine Drug Test"},"content":{"rendered":"<h2>Cocaine Drug Test de EZ Test<\/h2>\n<p>Con EZ Tests alrededor, ya no es necesario comprar algo y correr el riesgo de incertidumbre, ofrecemos pruebas de drogas seguras y precisas a un precio asequible. Proceda con precauci\u00f3n en la compra de drogas sin tomar precauciones, porque \u00bfqui\u00e9n sabe lo que podr\u00eda estar all\u00ed de todos modos?<\/p>\n<p>Garantizado para probar los art\u00edculos en su laboratorio con exactitud y precisi\u00f3n. Busca informaci\u00f3n sobre lo que est\u00e1s probando en un sencillo blog en el sitio de EZ Test, sumerge una peque\u00f1a cantidad de tu \"muestra\". Sabr\u00e1s si es lo que quieres o no \u00a1en tan s\u00f3lo un minuto!<\/p>\n<p>&nbsp;<\/p>","protected":false},"excerpt":{"rendered":"<p>As\u00ed que usted piensa que puede manejarlo, \u00bfeh? Bueno, \u00a1ahora es f\u00e1cil averiguarlo con el Cocaine Drug Test de EZ Test! Si\u00e9ntase seguro sabiendo lo que contiene su polvo o pastilla gracias a nuestras pruebas precisas y sencillas. Est\u00e9 seguro de su producto: los kits de prueba de drogas proporcionan una soluci\u00f3n m\u00e1s segura que las compras inseguras.<\/p>","protected":false},"featured_media":36906,"template":"","meta":[],"product_brand":[],"product_cat":[387,297,384],"product_tag":[],"class_list":{"0":"post-36795","1":"product","2":"type-product","3":"status-publish","4":"has-post-thumbnail","6":"product_cat-drugtests","7":"product_cat-all-products","8":"product_cat-smartshop","9":"product_shipping_class-creditcard-on","11":"first","12":"instock","13":"taxable","14":"shipping-taxable","15":"purchasable","16":"product-type-variable","17":"has-default-attributes"},"_links":{"self":[{"href":"https:\/\/www.headshop.nl\/es\/wp-json\/wp\/v2\/product\/36795","targetHints":{"allow":["GET"]}}],"collection":[{"href":"https:\/\/www.headshop.nl\/es\/wp-json\/wp\/v2\/product"}],"about":[{"href":"https:\/\/www.headshop.nl\/es\/wp-json\/wp\/v2\/types\/product"}],"wp:featuredmedia":[{"embeddable":true,"href":"https:\/\/www.headshop.nl\/es\/wp-json\/wp\/v2\/media\/36906"}],"wp:attachment":[{"href":"https:\/\/www.headshop.nl\/es\/wp-json\/wp\/v2\/media?parent=36795"}],"wp:term":[{"taxonomy":"product_brand","embeddable":true,"href":"https:\/\/www.headshop.nl\/es\/wp-json\/wp\/v2\/product_brand?post=36795"},{"taxonomy":"product_cat","embeddable":true,"href":"https:\/\/www.headshop.nl\/es\/wp-json\/wp\/v2\/product_cat?post=36795"},{"taxonomy":"product_tag","embeddable":true,"href":"https:\/\/www.headshop.nl\/es\/wp-json\/wp\/v2\/product_tag?post=36795"}],"curies":[{"name":"wp","href":"https:\/\/api.w.org\/{rel}","templated":true}]}}