{"id":36787,"date":"2021-09-27T07:50:26","date_gmt":"2021-09-27T07:50:26","guid":{"rendered":"https:\/\/www.headshop.nl\/?post_type=product&#038;p=36787"},"modified":"2024-09-23T11:28:55","modified_gmt":"2024-09-23T11:28:55","slug":"cocaine-cuts-drug-test","status":"publish","type":"product","link":"https:\/\/www.headshop.nl\/es\/cocaine-cuts-drug-test\/","title":{"rendered":"Cocaine Cuts Drug Test"},"content":{"rendered":"<h2>Cocaine Cuts Drug Test de EZ Test<\/h2>\n<p>El kit EZ Test Cocaine Cuts Drug Test es la herramienta perfecta para ayudarle a mantenerse alejado de peligros potenciales, independientemente de sus preferencias o creencias. Por ejemplo, si no est\u00e1 seguro de qu\u00e9 sustancias contienen los medicamentos que han sido cortados con materiales de relleno, esta prueba le dir\u00e1 r\u00e1pidamente si hay que considerarlos peligrosos.<\/p>\n<p>\u00a1Este kit incluye un kit para el uso de un individuo-nunca compre un medicamento sin probarlo primero! \u00a1Incluimos todas las herramientas necesarias y mucho m\u00e1s para que siempre pueda estar seguro de lo que hay dentro de cualquier producto antes de usarlo! Las pruebas son fiables y seguras tambi\u00e9n, as\u00ed que realmente no hay nada que le impida estar seguro sobre todos los aspectos de su consumo.<\/p>\n<p>&nbsp;<\/p>","protected":false},"excerpt":{"rendered":"<p>El Cocaine Cuts Drug Test de EZ Test le dir\u00e1 si su muestra contiene o no lo que usted desea. \u00a1Simple utilizar y confiable, esta prueba de la droga es perfecta para la paz de la mente! Preciso y r\u00e1pido - estas son las palabras que m\u00e1s significan para nosotros cuando se trata de probar muestras de productos propios. Siga adelante y si\u00e9ntase mucho m\u00e1s seguro con kits de prueba de drogas precisos y f\u00e1ciles de usar de EZ Test.<\/p>","protected":false},"featured_media":36897,"template":"","meta":[],"product_brand":[],"product_cat":[387,297,384],"product_tag":[],"class_list":{"0":"post-36787","1":"product","2":"type-product","3":"status-publish","4":"has-post-thumbnail","6":"product_cat-drugtests","7":"product_cat-all-products","8":"product_cat-smartshop","9":"product_shipping_class-creditcard-on","11":"first","12":"instock","13":"taxable","14":"shipping-taxable","15":"purchasable","16":"product-type-variable","17":"has-default-attributes"},"_links":{"self":[{"href":"https:\/\/www.headshop.nl\/es\/wp-json\/wp\/v2\/product\/36787","targetHints":{"allow":["GET"]}}],"collection":[{"href":"https:\/\/www.headshop.nl\/es\/wp-json\/wp\/v2\/product"}],"about":[{"href":"https:\/\/www.headshop.nl\/es\/wp-json\/wp\/v2\/types\/product"}],"wp:featuredmedia":[{"embeddable":true,"href":"https:\/\/www.headshop.nl\/es\/wp-json\/wp\/v2\/media\/36897"}],"wp:attachment":[{"href":"https:\/\/www.headshop.nl\/es\/wp-json\/wp\/v2\/media?parent=36787"}],"wp:term":[{"taxonomy":"product_brand","embeddable":true,"href":"https:\/\/www.headshop.nl\/es\/wp-json\/wp\/v2\/product_brand?post=36787"},{"taxonomy":"product_cat","embeddable":true,"href":"https:\/\/www.headshop.nl\/es\/wp-json\/wp\/v2\/product_cat?post=36787"},{"taxonomy":"product_tag","embeddable":true,"href":"https:\/\/www.headshop.nl\/es\/wp-json\/wp\/v2\/product_tag?post=36787"}],"curies":[{"name":"wp","href":"https:\/\/api.w.org\/{rel}","templated":true}]}}