{"id":36349,"date":"2020-08-25T08:07:50","date_gmt":"2020-08-25T08:07:50","guid":{"rendered":"https:\/\/www.headshop.nl\/?post_type=product&#038;p=36349"},"modified":"2026-04-17T13:26:15","modified_gmt":"2026-04-17T13:26:15","slug":"pure-cbd-crystals-99-hempcare","status":"publish","type":"product","link":"https:\/\/www.headshop.nl\/es\/pure-cbd-crystals-99-hempcare\/","title":{"rendered":"Pure CBD Crystals 99% Hempcare"},"content":{"rendered":"<h2>CBD puro cristalizado de Hempcare (500mg)<\/h2>\n<p>Si est\u00e1s buscando cristales totalmente naturales y CBD, entonces Hempcare - Pure CBD Crystals 99% es una opci\u00f3n perfecta. No tienes que preocuparte por ingerir ingredientes no deseados, \u00a1porque este producto no contiene nada m\u00e1s que cristales de CBD puros y libres de THC!<\/p>\n<p>Hempcare Pure CBD Crystals 99% es la nueva generaci\u00f3n de una rutina cada vez m\u00e1s popular. S\u00f3lo tienes que echar un poco en tu comida, zumo o batido. Con este producto de CBD todo en uno puedes tomar tu dosis diaria de muchas formas, \u00a1y seguir sinti\u00e9ndote feliz por ello!<\/p>\n<p>Los cristales de Hempcare se extraen utilizando un avanzado extracto de CO2 Supercr\u00edtico para conservar la m\u00e1xima pureza (99%). Los investigadores hol\u00edsticos sugieren que el cannabis, o m\u00e1s concretamente los cannabinoides, pueden ser beneficiosos para diversas enfermedades mentales como la ansiedad y el TEPT, ya que regulan los niveles de \u00e1nimo, lo que a su vez reduce la ansiedad.<\/p>","protected":false},"excerpt":{"rendered":"<p>Si buscas cristales totalmente naturales y CBD, entonces Hempcare - Pure CBD Crystals 99% es la opci\u00f3n perfecta. Hempcare utiliza el proceso de extracci\u00f3n m\u00e1s puro para que los usuarios puedan disfrutar de los beneficios del c\u00e1\u00f1amo y los cannabinoides sin efectos secundarios ni contaminantes. \u00a1La forma m\u00e1s pura de CBD que existe!<\/p>","protected":false},"featured_media":82325,"template":"","meta":[],"product_brand":[],"product_cat":[453,297,451,455,819],"product_tag":[],"class_list":{"0":"post-36349","1":"product","2":"type-product","3":"status-publish","4":"has-post-thumbnail","6":"product_cat-cbd-crystals","7":"product_cat-all-products","8":"product_cat-cbdshop","9":"product_cat-healthshop","10":"product_cat-hempcare","12":"first","13":"instock","14":"taxable","15":"shipping-taxable","16":"purchasable","17":"product-type-simple"},"_links":{"self":[{"href":"https:\/\/www.headshop.nl\/es\/wp-json\/wp\/v2\/product\/36349","targetHints":{"allow":["GET"]}}],"collection":[{"href":"https:\/\/www.headshop.nl\/es\/wp-json\/wp\/v2\/product"}],"about":[{"href":"https:\/\/www.headshop.nl\/es\/wp-json\/wp\/v2\/types\/product"}],"wp:featuredmedia":[{"embeddable":true,"href":"https:\/\/www.headshop.nl\/es\/wp-json\/wp\/v2\/media\/82325"}],"wp:attachment":[{"href":"https:\/\/www.headshop.nl\/es\/wp-json\/wp\/v2\/media?parent=36349"}],"wp:term":[{"taxonomy":"product_brand","embeddable":true,"href":"https:\/\/www.headshop.nl\/es\/wp-json\/wp\/v2\/product_brand?post=36349"},{"taxonomy":"product_cat","embeddable":true,"href":"https:\/\/www.headshop.nl\/es\/wp-json\/wp\/v2\/product_cat?post=36349"},{"taxonomy":"product_tag","embeddable":true,"href":"https:\/\/www.headshop.nl\/es\/wp-json\/wp\/v2\/product_tag?post=36349"}],"curies":[{"name":"wp","href":"https:\/\/api.w.org\/{rel}","templated":true}]}}