{"id":36346,"date":"2021-08-25T08:07:46","date_gmt":"2021-08-25T08:07:46","guid":{"rendered":"https:\/\/www.headshop.nl\/?post_type=product&#038;p=36346"},"modified":"2025-02-18T09:02:34","modified_gmt":"2025-02-18T09:02:34","slug":"ruby-cbd-oil-10-hempcare","status":"publish","type":"product","link":"https:\/\/www.headshop.nl\/es\/ruby-cbd-oil-10-hempcare\/","title":{"rendered":"Ruby CBD Aceite (10%) Hempcare"},"content":{"rendered":"<h2>Ruby CBD Aceite de Hempcare<\/h2>\n<h2 data-start=\"338\" data-end=\"371\">\u00bfQu\u00e9 es HempCare RUBY 10% CBD?<\/h2>\n<p data-start=\"373\" data-end=\"860\">HempCare RUBY 10% CBD es un aceite de CBD 100% natural altamente concentrado, derivado de una rara planta de c\u00e1\u00f1amo que crece en un suelo de arcilla roja rico en minerales en las monta\u00f1as. Este entorno \u00fanico contribuye al color rojo rub\u00ed del aceite y a sus potentes propiedades naturales. HempCare RUBY 10% CBD es rico en cannabinoides beneficiosos, incluyendo cannabidiol (CBD), cannabigerol (CBG), y cannabinol (CBN), as\u00ed como terpenos, flavonoides y fenoles, todos los cuales trabajan juntos para apoyar el cuerpo de forma natural.<\/p>\n<p data-start=\"862\" data-end=\"1301\">A diferencia de otros aceites de CBD, HempCare RUBY 10% CBD se extrae de una variedad especial de c\u00e1\u00f1amo conocida por su mayor concentraci\u00f3n de beta-cariofileno, un terpeno con potentes propiedades antiinflamatorias y analg\u00e9sicas. Esto convierte a HempCare RUBY 10% CBD en una excelente opci\u00f3n para quienes buscan aliviar molestias o reducir el estr\u00e9s. Su composici\u00f3n natural garantiza que est\u00e1 libre de sustancias t\u00f3xicas, proporcionando una experiencia pura y org\u00e1nica.<\/p>\n<h2 data-start=\"1303\" data-end=\"1338\">Historia de HempCare RUBY 10% CBD<\/h2>\n<p data-start=\"1340\" data-end=\"1813\">La historia de HempCare RUBY 10% CBD comienza con el cultivo del c\u00e1\u00f1amo en una regi\u00f3n monta\u00f1osa \u00fanica, donde la arcilla roja natural del suelo contribuye a las caracter\u00edsticas excepcionales de la planta. HempCare selecciona cuidadosamente las mejores variedades de c\u00e1\u00f1amo y utiliza un proceso de extracci\u00f3n especial para preservar todo el espectro de cannabinoides, terpenos y otros nutrientes esenciales. Las plantas de c\u00e1\u00f1amo se cultivan sin utilizar pesticidas, lo que garantiza un producto puro y de alta calidad.<\/p>\n<p data-start=\"1815\" data-end=\"2130\">Con el tiempo, HempCare se ha ganado el reconocimiento por elaborar productos de CBD de primera calidad, y el aceite de CBD RUBY 10% destaca por su alto contenido en terpenos y sus poco comunes condiciones de cultivo. Este aceite no es un producto de CBD m\u00e1s, sino un testimonio del compromiso de HempCare por ofrecer una experiencia de CBD realmente \u00fanica y eficaz.<\/p>\n<h2 data-start=\"2132\" data-end=\"2167\">C\u00f3mo utilizar HempCare RUBY 10% CBD<\/h2>\n<p data-start=\"2169\" data-end=\"2537\">Para experimentar todos los beneficios de HempCare RUBY 10% CBD, se recomienda empezar con 5 gotas dos veces al d\u00eda bajo la lengua. Mantenga el aceite bajo la lengua durante aproximadamente 20 segundos antes de tragarlo para permitir la m\u00e1xima absorci\u00f3n. Muchos usuarios dicen sentir los efectos despu\u00e9s de unos d\u00edas de uso constante, pero los resultados \u00f3ptimos pueden variar de una persona a otra.<\/p>\n<p data-start=\"2539\" data-end=\"2956\">Si experimenta alguna reacci\u00f3n adversa, es aconsejable reducir la dosis. Sin embargo, el cuerpo s\u00f3lo absorber\u00e1 lo que necesita, y cualquier exceso ser\u00e1 expulsado de forma natural a trav\u00e9s de la orina o el sudor. Si siente la necesidad de un efecto m\u00e1s fuerte, puede aumentar gradualmente la dosis para adaptarla a sus necesidades. HempCare RUBY 10% CBD ofrece un enfoque flexible para el uso del CBD, permiti\u00e9ndote ajustarlo seg\u00fan tu experiencia personal.<\/p>\n<h2 data-start=\"2958\" data-end=\"2997\">Ingredientes de HempCare RUBY 10% CBD<\/h2>\n<p data-start=\"2999\" data-end=\"3380\">HempCare RUBY 10% CBD se compone de dos ingredientes principales: aceite de semilla de c\u00e1\u00f1amo y extracto de c\u00e1\u00f1amo. Estos ingredientes trabajan juntos para proporcionar una potente mezcla de cannabinoides, incluyendo CBD, CBG y CBN, as\u00ed como una variedad de terpenos, flavonoides y otros compuestos beneficiosos. La inclusi\u00f3n de aceite de semilla de c\u00e1\u00f1amo garantiza que el producto sigue siendo org\u00e1nico y libre de cualquier producto qu\u00edmico nocivo.<\/p>\n<p data-start=\"3382\" data-end=\"3759\">Los terpenos del HempCare RUBY 10% CBD, como el bisabolol, son conocidos por sus propiedades antibacterianas y antif\u00fangicas, que contribuyen a los beneficios terap\u00e9uticos del aceite. Esta combinaci\u00f3n de ingredientes naturales crea un producto eficaz y seguro para el uso diario. Sin aditivos t\u00f3xicos, HempCare RUBY 10% CBD le garantiza que s\u00f3lo obtendr\u00e1 lo mejor de la naturaleza.<\/p>\n<p data-start=\"3761\" data-end=\"3773\"><strong data-start=\"3761\" data-end=\"3773\">Advertencia:<\/strong><\/p>\n<p data-start=\"3775\" data-end=\"3926\">Consulte con un profesional sanitario antes de utilizarlo, especialmente si est\u00e1 embarazada, en per\u00edodo de lactancia o tomando medicaci\u00f3n. No exceda la dosis recomendada.<\/p>\n<p data-start=\"3934\" data-end=\"4234\" data-is-last-node=\"\">HempCare RUBY 10% CBD es un producto \u00fanico y eficaz que combina las propiedades curativas naturales del c\u00e1\u00f1amo con la ciencia moderna. Tanto si buscas aliviar el dolor, reducir el estr\u00e9s o simplemente un impulso de bienestar natural, HempCare RUBY 10% CBD proporciona una soluci\u00f3n totalmente natural para tu rutina diaria.<\/p>","protected":false},"excerpt":{"rendered":"<p>HempCare RUBY 10% CBD es un aceite de CBD de primera calidad elaborado a partir de una variedad poco com\u00fan de c\u00e1\u00f1amo cultivado en las monta\u00f1as, enriquecido con terpenos especiales. Este aceite natural ofrece numerosos beneficios potenciales, como propiedades antiinflamatorias y reductoras del estr\u00e9s, gracias a su composici\u00f3n \u00fanica de cannabinoides y terpenos.<\/p>","protected":false},"featured_media":82338,"template":"","meta":[],"product_brand":[],"product_cat":[454,297,451,628,461,455,630,819,460],"product_tag":[],"class_list":{"0":"post-36346","1":"product","2":"type-product","3":"status-publish","4":"has-post-thumbnail","6":"product_cat-cbd-oils","7":"product_cat-all-products","8":"product_cat-cbdshop","9":"product_cat-cbdshop-top-5","10":"product_cat-detox","11":"product_cat-healthshop","12":"product_cat-healthshop-top-10","13":"product_cat-hempcare","14":"product_cat-recovery","16":"first","17":"instock","18":"taxable","19":"shipping-taxable","20":"purchasable","21":"product-type-variable","22":"has-default-attributes"},"_links":{"self":[{"href":"https:\/\/www.headshop.nl\/es\/wp-json\/wp\/v2\/product\/36346","targetHints":{"allow":["GET"]}}],"collection":[{"href":"https:\/\/www.headshop.nl\/es\/wp-json\/wp\/v2\/product"}],"about":[{"href":"https:\/\/www.headshop.nl\/es\/wp-json\/wp\/v2\/types\/product"}],"wp:featuredmedia":[{"embeddable":true,"href":"https:\/\/www.headshop.nl\/es\/wp-json\/wp\/v2\/media\/82338"}],"wp:attachment":[{"href":"https:\/\/www.headshop.nl\/es\/wp-json\/wp\/v2\/media?parent=36346"}],"wp:term":[{"taxonomy":"product_brand","embeddable":true,"href":"https:\/\/www.headshop.nl\/es\/wp-json\/wp\/v2\/product_brand?post=36346"},{"taxonomy":"product_cat","embeddable":true,"href":"https:\/\/www.headshop.nl\/es\/wp-json\/wp\/v2\/product_cat?post=36346"},{"taxonomy":"product_tag","embeddable":true,"href":"https:\/\/www.headshop.nl\/es\/wp-json\/wp\/v2\/product_tag?post=36346"}],"curies":[{"name":"wp","href":"https:\/\/api.w.org\/{rel}","templated":true}]}}