{"id":36340,"date":"2021-08-25T08:07:43","date_gmt":"2021-08-25T08:07:43","guid":{"rendered":"https:\/\/www.headshop.nl\/?post_type=product&#038;p=36340"},"modified":"2025-02-18T08:57:55","modified_gmt":"2025-02-18T08:57:55","slug":"raw-cbd-oil-5-hempcare","status":"publish","type":"product","link":"https:\/\/www.headshop.nl\/es\/raw-cbd-oil-5-hempcare\/","title":{"rendered":"Raw CBD Aceite (5%) Hempcare"},"content":{"rendered":"<h2>Raw CBD Aceite de Hempcare<\/h2>\n<h2 data-start=\"403\" data-end=\"434\">\u00bfQu\u00e9 es Hempcare RAW 5% CBD?<\/h2>\n<p data-start=\"436\" data-end=\"1064\">Hempcare RAW 5% CBD es un aceite de CBD org\u00e1nico de alta calidad elaborado a partir del c\u00e1\u00f1amo. Este producto est\u00e1 en su forma m\u00e1s pura, ofreciendo un extracto crudo y sin procesar que conserva todos los compuestos naturales que se encuentran en la planta de c\u00e1\u00f1amo, incluyendo cannabinoides, terpenos y flavonoides. Estos compuestos trabajan juntos para proporcionar un beneficio hol\u00edstico al cuerpo, sin los efectos psicoactivos asociados con THC. Hempcare RAW 5% CBD se elabora mediante extracci\u00f3n con CO2, un m\u00e9todo que preserva la integridad natural de la planta y garantiza un producto limpio y eficaz. Este producto es ideal para personas que se inician en el CBD y para quienes prefieren un remedio org\u00e1nico y natural.<\/p>\n<h2 data-start=\"1071\" data-end=\"1104\">Historia de Hempcare RAW 5% CBD<\/h2>\n<p data-start=\"1106\" data-end=\"1790\">El CBD se ha utilizado durante siglos por sus beneficios terap\u00e9uticos, pero su uso ha ganado una atenci\u00f3n significativa en los \u00faltimos a\u00f1os. La historia del uso del CBD se remonta a civilizaciones antiguas que comprend\u00edan sus propiedades medicinales. En el siglo XX, el CBD fue reconocido por sus potenciales beneficios para la salud, lo que llev\u00f3 a nuevas investigaciones y avances en sus m\u00e9todos de extracci\u00f3n. Hempcare RAW 5% CBD forma parte de este movimiento moderno, aportando una opci\u00f3n cruda y sin refinar a los usuarios que buscan una experiencia de CBD puro. La cuidadosa selecci\u00f3n de plantas de c\u00e1\u00f1amo org\u00e1nico y el uso de la extracci\u00f3n con CO2 hacen de este producto una opci\u00f3n fiable para aquellos que buscan todo el espectro de beneficios de la planta del c\u00e1\u00f1amo.<\/p>\n<h2 data-start=\"1797\" data-end=\"1830\">C\u00f3mo utilizar Hempcare RAW 5% CBD<\/h2>\n<p data-start=\"1832\" data-end=\"2406\">Para aprovechar al m\u00e1ximo el Hempcare RAW 5% CBD, se recomienda tomarlo por v\u00eda sublingual, colocando unas gotas bajo la lengua. Este m\u00e9todo permite una absorci\u00f3n m\u00e1s r\u00e1pida en el torrente sangu\u00edneo, garantizando resultados r\u00e1pidos y eficaces. Comience con una dosis peque\u00f1a y aum\u00e9ntela gradualmente seg\u00fan sus necesidades individuales. Como el producto es natural, sus efectos pueden variar de persona a persona, por lo que es importante controlar su respuesta y ajustar seg\u00fan sea necesario. Hempcare RAW 5% CBD se presenta en un c\u00f3modo frasco con cuentagotas para facilitar la dosificaci\u00f3n, por lo que es un complemento perfecto para cualquier rutina diaria de bienestar.<\/p>\n<h2 data-start=\"2413\" data-end=\"2450\">Ingredientes de Hempcare RAW 5% CBD<\/h2>\n<p data-start=\"2452\" data-end=\"3056\">Hempcare RAW 5% CBD se elabora a partir de 100% ingredientes naturales, lo que garantiza un producto puro y org\u00e1nico. El ingrediente principal es el extracto de c\u00e1\u00f1amo, que contiene una variedad de cannabinoides, incluyendo CBD y CBG, junto con terpenos y flavonoides. Estos compuestos act\u00faan de forma sin\u00e9rgica para favorecer la salud en general. Adem\u00e1s del extracto de c\u00e1\u00f1amo, el producto contiene aceite de semilla de c\u00e1\u00f1amo, que a\u00f1ade un componente nutritivo rico en \u00e1cidos grasos esenciales. Esta mezcla de ingredientes derivados del c\u00e1\u00f1amo garantiza que Hempcare RAW 5% CBD ofrezca una amplia gama de beneficios, desde promover la relajaci\u00f3n hasta reducir la inflamaci\u00f3n.<\/p>\n<p data-start=\"3063\" data-end=\"3337\" data-is-last-node=\"\"><strong data-start=\"3063\" data-end=\"3075\">Advertencia:<\/strong><br data-start=\"3075\" data-end=\"3078\" \/>Como con cualquier suplemento natural, es importante consultar con un profesional de la salud antes de comenzar un nuevo r\u00e9gimen de CBD, especialmente si est\u00e1 embarazada, amamantando o tiene alguna condici\u00f3n de salud existente. Mantener fuera del alcance de los ni\u00f1os. Conservar en un lugar fresco y seco.<\/p>","protected":false},"excerpt":{"rendered":"<p>Hempcare RAW 5% CBD es un extracto de CBD puro, sin procesar, procedente de la planta del c\u00e1\u00f1amo. Contiene todos los cannabinoides, flavonoides y terpenos esenciales sin los efectos psicoactivos del THC. Este producto natural est\u00e1 dise\u00f1ado para promover la relajaci\u00f3n, aliviar el dolor y apoyar el equilibrio mental, por lo que es una opci\u00f3n ideal para aquellos que buscan una introducci\u00f3n suave a los beneficios del CBD.<\/p>","protected":false},"featured_media":82332,"template":"","meta":[],"product_brand":[],"product_cat":[454,297,451,628,455,819],"product_tag":[],"class_list":{"0":"post-36340","1":"product","2":"type-product","3":"status-publish","4":"has-post-thumbnail","6":"product_cat-cbd-oils","7":"product_cat-all-products","8":"product_cat-cbdshop","9":"product_cat-cbdshop-top-5","10":"product_cat-healthshop","11":"product_cat-hempcare","13":"first","14":"instock","15":"taxable","16":"shipping-taxable","17":"purchasable","18":"product-type-variable","19":"has-default-attributes"},"_links":{"self":[{"href":"https:\/\/www.headshop.nl\/es\/wp-json\/wp\/v2\/product\/36340","targetHints":{"allow":["GET"]}}],"collection":[{"href":"https:\/\/www.headshop.nl\/es\/wp-json\/wp\/v2\/product"}],"about":[{"href":"https:\/\/www.headshop.nl\/es\/wp-json\/wp\/v2\/types\/product"}],"wp:featuredmedia":[{"embeddable":true,"href":"https:\/\/www.headshop.nl\/es\/wp-json\/wp\/v2\/media\/82332"}],"wp:attachment":[{"href":"https:\/\/www.headshop.nl\/es\/wp-json\/wp\/v2\/media?parent=36340"}],"wp:term":[{"taxonomy":"product_brand","embeddable":true,"href":"https:\/\/www.headshop.nl\/es\/wp-json\/wp\/v2\/product_brand?post=36340"},{"taxonomy":"product_cat","embeddable":true,"href":"https:\/\/www.headshop.nl\/es\/wp-json\/wp\/v2\/product_cat?post=36340"},{"taxonomy":"product_tag","embeddable":true,"href":"https:\/\/www.headshop.nl\/es\/wp-json\/wp\/v2\/product_tag?post=36340"}],"curies":[{"name":"wp","href":"https:\/\/api.w.org\/{rel}","templated":true}]}}