{"id":36179,"date":"2021-08-24T07:57:14","date_gmt":"2021-08-24T07:57:14","guid":{"rendered":"https:\/\/www.headshop.nl\/?post_type=product&#038;p=36179"},"modified":"2026-03-29T01:26:22","modified_gmt":"2026-03-29T01:26:22","slug":"hawaiian-magic-mushroom-spores","status":"publish","type":"product","link":"https:\/\/www.headshop.nl\/es\/hawaiian-magic-mushroom-spores\/","title":{"rendered":"Hawaiian Esporas de hongos m\u00e1gicos"},"content":{"rendered":"<h2 dir=\"auto\">\u00bfQu\u00e9 son las esporas del hongo m\u00e1gico Hawaiian?<\/h2>\n<p dir=\"auto\">Hawaiian Magic Mushroom Spores es un producto de primera calidad para el cultivo de potentes setas psilocybe conocidas por sus intensos efectos psicoactivos. Entregadas en una ampolla de cultivo est\u00e9ril de 5 ML, estas esporas est\u00e1n listas para inocular un sustrato, simplificando el cultivo para los entusiastas. Esta variedad ocupa un lugar destacado en las escalas de potencia, prometiendo v\u00edvidas alucinaciones, sentidos agudizados y una profunda conexi\u00f3n con la naturaleza. Incluso peque\u00f1as dosis estimulan la creatividad y la introspecci\u00f3n. La ampolla contiene micelio 100%, vermiculita y perlita para una calidad \u00f3ptima. Almacenar en un lugar oscuro para mantener la viabilidad. Ideales para adultos que exploran la conciencia en un entorno seguro y controlado con un compa\u00f1ero de confianza, estas esporas requieren una manipulaci\u00f3n cuidadosa y procedimientos est\u00e9riles para un cultivo satisfactorio y una experiencia transformadora.<\/p>\n<h2 dir=\"auto\">Historia de Hawaiian Magic Mushroom Spores<\/h2>\n<p dir=\"auto\">Originarias de los paisajes tropicales de Hawai, las Esporas de Seta M\u00e1gica Hawaiian pertenecen a una potente variedad de psilocybe venerada por cultivadores y psiconautas. Utilizadas hist\u00f3ricamente en pr\u00e1cticas espirituales y cham\u00e1nicas, estas setas se hicieron famosas por su fuerza. Los avances modernos en micolog\u00eda han permitido la distribuci\u00f3n est\u00e9ril en ampollas de cultivo, haciendo que el cultivo casero sea m\u00e1s seguro y f\u00e1cil. La potencia constante y el crecimiento fiable de esta variedad la han convertido en una de las favoritas de la comunidad psicod\u00e9lica, c\u00e9lebre por ofrecer experiencias profundas que expanden la mente. Su legado, arraigado en la naturaleza y la exploraci\u00f3n humana, contin\u00faa a trav\u00e9s de un manejo y almacenamiento adecuados para preservar la calidad y honrar su rico patrimonio.<\/p>\n<h2 dir=\"auto\">C\u00f3mo utilizar las esporas de hongos m\u00e1gicos Hawaiian<\/h2>\n<p dir=\"auto\">El cultivo de Hawaiian Magic Mushroom Spores requiere precisi\u00f3n y esterilidad. L\u00e1vese bien las manos y limpie el exterior de la ampolla de cultivo con un hisopo est\u00e9ril con alcohol. En un entorno limpio, abra el envase est\u00e9ril de la jeringa, afloje ligeramente la tapa de la ampolla e inserte la aguja a trav\u00e9s del sello de goma para llenar la jeringa con el cultivo de esporas. Inocule uniformemente el sustrato elegido y d\u00e9jelo crecer a temperatura ambiente. En pocos d\u00edas deber\u00eda aparecer micelio visible, lo que indica que ha tenido \u00e9xito. Guarde las esporas no utilizadas en un lugar oscuro. Trabaja en un entorno controlado para garantizar setas pr\u00f3speras y una experiencia potente y gratificante con esta poderosa cepa.<\/p>\n<h2 dir=\"auto\">Ingredientes de Hawaiian Magic Mushroom Spores<\/h2>\n<p dir=\"auto\">Cada ampolla de cultivo de 5 ML contiene componentes de alta calidad para un cultivo satisfactorio: Micelio 100%, la base para el crecimiento de los hongos; vermiculita, para retener la humedad; y perlita, para aireaci\u00f3n y drenaje. Producidos en condiciones est\u00e9riles, estos ingredientes garantizan su pureza y potencia. Su sencilla composici\u00f3n prioriza la calidad, favoreciendo el crecimiento robusto de una cepa de psilocybe muy potente. Almacenar en un espacio oscuro para mantener la eficacia. Estos componentes permiten a los cultivadores cultivar setas que proporcionan profundos efectos sensoriales y creativos de forma segura y controlada.<\/p>\n<p dir=\"auto\"><strong>Advertencia<\/strong><\/p>\n<p dir=\"auto\">Mantenga Hawaiian Magic Mushroom Spores fuera del alcance de los ni\u00f1os. Util\u00edcelo s\u00f3lo en un entorno interior seguro y en presencia de un acompa\u00f1ante de confianza. No consumir en caso de embarazo o lactancia, ya que puede suponer riesgos para la salud. Su consumo disminuye la capacidad para conducir o manejar maquinaria. Evitar combinar con alcohol, drogas o medicamentos debido a interacciones impredecibles. No recomendada para menores de 18 a\u00f1os. Siga procedimientos est\u00e9riles durante el cultivo para evitar la contaminaci\u00f3n y garantizar la seguridad.<\/p>","protected":false},"excerpt":{"rendered":"<p>Para cualquier psiconauta; las Setas M\u00e1gicas Hawaiian tratan sobre el poder de esta estupenda cepa y lo que ocurre con unas cuantas setas. La psilocibina es conocida por sus viajes energ\u00e9ticos que potencian la mente. Esta seta no es como la mayor\u00eda de las que se encuentran por ah\u00ed, ya que son bastante fuertes cuando se trata de efectos visuales - pero las recomendamos s\u00f3lo para los m\u00e1s experimentados debido a sus intensos efectos espirituales y triposos.<\/p>","protected":false},"featured_media":36150,"template":"","meta":[],"product_brand":[],"product_cat":[399,297,403,398,384],"product_tag":[978],"class_list":{"0":"post-36179","1":"product","2":"type-product","3":"status-publish","4":"has-post-thumbnail","6":"product_cat-shroomshop","7":"product_cat-all-products","8":"product_cat-magic-mushroom-spore-syringes","9":"product_cat-mushrooms","10":"product_cat-smartshop","11":"product_tag-shrdeal","12":"product_shipping_class-group-7","14":"first","15":"instock","16":"taxable","17":"shipping-taxable","18":"purchasable","19":"product-type-variable","20":"has-default-attributes"},"_links":{"self":[{"href":"https:\/\/www.headshop.nl\/es\/wp-json\/wp\/v2\/product\/36179","targetHints":{"allow":["GET"]}}],"collection":[{"href":"https:\/\/www.headshop.nl\/es\/wp-json\/wp\/v2\/product"}],"about":[{"href":"https:\/\/www.headshop.nl\/es\/wp-json\/wp\/v2\/types\/product"}],"wp:featuredmedia":[{"embeddable":true,"href":"https:\/\/www.headshop.nl\/es\/wp-json\/wp\/v2\/media\/36150"}],"wp:attachment":[{"href":"https:\/\/www.headshop.nl\/es\/wp-json\/wp\/v2\/media?parent=36179"}],"wp:term":[{"taxonomy":"product_brand","embeddable":true,"href":"https:\/\/www.headshop.nl\/es\/wp-json\/wp\/v2\/product_brand?post=36179"},{"taxonomy":"product_cat","embeddable":true,"href":"https:\/\/www.headshop.nl\/es\/wp-json\/wp\/v2\/product_cat?post=36179"},{"taxonomy":"product_tag","embeddable":true,"href":"https:\/\/www.headshop.nl\/es\/wp-json\/wp\/v2\/product_tag?post=36179"}],"curies":[{"name":"wp","href":"https:\/\/api.w.org\/{rel}","templated":true}]}}