{"id":36176,"date":"2021-08-24T07:57:02","date_gmt":"2021-08-24T07:57:02","guid":{"rendered":"https:\/\/www.headshop.nl\/?post_type=product&#038;p=36176"},"modified":"2025-10-16T07:04:01","modified_gmt":"2025-10-16T07:04:01","slug":"colombian-magic-mushroom-spores","status":"publish","type":"product","link":"https:\/\/www.headshop.nl\/es\/colombian-magic-mushroom-spores\/","title":{"rendered":"Colombian Esporas de hongos m\u00e1gicos"},"content":{"rendered":"<h2 dir=\"auto\">\u00bfQu\u00e9 son las esporas del hongo m\u00e1gico Colombian?<\/h2>\n<p dir=\"auto\">Colombian Magic Mushroom Spores, una potente variedad de Psilocybe Cubensis procedente de Colombia, es conocida por sus capuchones de color amarillo-p\u00e1lido-marr\u00f3n \"Colombian Rust\" y sus intensos efectos psicod\u00e9licos. M\u00e1s fuertes que las variedades Mexican o Thai, son las favoritas de los usuarios experimentados. Entregadas en una ampolla de cultivo est\u00e9ril de 5 ML con micelio 100%, vermiculita y perlita, estas esporas reducen los riesgos de contaminaci\u00f3n en comparaci\u00f3n con las tradicionales impresiones de esporas o jeringas. Ideales para un cultivo fiable y potente, son adecuadas tanto para cultivadores experimentados como para entusiastas. Almac\u00e9nalas en un entorno oscuro y refrigerado (2-8\u00b0C) para garantizar su longevidad y calidad y disfrutar de una profunda experiencia psicod\u00e9lica.<\/p>\n<h2 dir=\"auto\">Historia de Colombian Magic Mushroom Spores<\/h2>\n<p dir=\"auto\">Originarias de las exuberantes regiones de Colombia, las esporas del hongo m\u00e1gico Colombian han sido veneradas por las comunidades ind\u00edgenas por sus usos espirituales y medicinales. Destacada por su crecimiento robusto y sus potentes efectos, la cepa \"Colombian Rust\" gan\u00f3 popularidad mundial a pesar de los largos tiempos de cultivo. El desarrollo de la ampolla de cultivo revolucion\u00f3 el cultivo dom\u00e9stico al minimizar los riesgos de contaminaci\u00f3n. Famosas por sus experiencias v\u00edvidas y su fiabilidad, estas esporas mezclan una rica herencia cultural con la micolog\u00eda moderna. El almacenamiento adecuado en condiciones frescas y oscuras (2-8\u00b0C) preserva su potencia e importancia hist\u00f3rica para los cultivadores que buscan conexiones psicod\u00e9licas profundas.<\/p>\n<h2 dir=\"auto\">C\u00f3mo utilizar las esporas de hongos m\u00e1gicos Colombian<\/h2>\n<p dir=\"auto\">Utilizar Colombian Magic Mushroom Spores es sencillo con la ampolla de cultivo est\u00e9ril. L\u00e1vese bien las manos y limpie el exterior de la ampolla con un bastoncillo est\u00e9ril con alcohol. En un entorno limpio, abra el envase est\u00e9ril de la jeringa, afloje ligeramente la tapa de la ampolla y extraiga el cultivo a trav\u00e9s del sello de goma. Inyectar en el sustrato y conservar a temperatura ambiente. El crecimiento del micelio aparece a los pocos d\u00edas, lo que indica el \u00e9xito. Mantenga un espacio de trabajo est\u00e9ril para obtener resultados \u00f3ptimos. Con un seguimiento cuidadoso, este proceso produce setas potentes, recompensando la precisi\u00f3n y la paciencia en el cultivo.<\/p>\n<h2 dir=\"auto\">Ingredientes de Colombian Magic Mushroom Spores<\/h2>\n<p dir=\"auto\">Cada ampolla de cultivo de 5 ML contiene micelio 100%, vermiculita y perlita, elaborados en condiciones est\u00e9riles para un cultivo fiable. El micelio impulsa el crecimiento de los hongos, la vermiculita retiene la humedad para la expansi\u00f3n del micelio y la perlita mejora la aireaci\u00f3n para evitar la compactaci\u00f3n del sustrato. Este cultivo listo para usar simplifica el cultivo en comparaci\u00f3n con las impresiones de esporas o las jeringas. Almacenar en un entorno oscuro y refrigerado (2-8\u00b0C) para mantener la calidad. Estos componentes naturales garantizan un crecimiento constante, proporcionando setas potentes ideales tanto para cultivadores novatos como experimentados que buscan una experiencia psicod\u00e9lica de alta calidad.<\/p>\n<p dir=\"auto\"><strong>Advertencia<\/strong><\/p>\n<p dir=\"auto\">Mantenga Colombian Magic Mushroom Spores fuera del alcance de los ni\u00f1os y util\u00edcelo en un entorno seguro y controlado con la presencia de un acompa\u00f1ante de confianza. No utilizar en caso de embarazo o lactancia debido a sus efectos impredecibles. Este producto perjudica la conducci\u00f3n o el manejo de maquinaria. Evite combinarlo con alcohol, drogas o medicamentos para prevenir riesgos amplificados. No apto para menores de 18 a\u00f1os. Priorice la seguridad y la responsabilidad durante el uso.<\/p>","protected":false},"excerpt":{"rendered":"<p>Las Esporas de Setas M\u00e1gicas Colombian son la elecci\u00f3n perfecta si buscas un viaje sin preocuparte demasiado por lo que ver\u00e1s. Las setas m\u00e1gicas Colombian Psilocybe Colobienscens han sido buscadas por muchos, ya que mantienen una actitud relajada y disfrutan de los viajes filos\u00f3ficos. \u00a1Empieza a cultivarlas!<\/p>","protected":false},"featured_media":36138,"template":"","meta":[],"product_brand":[],"product_cat":[399,297,403,398,384],"product_tag":[978],"class_list":{"0":"post-36176","1":"product","2":"type-product","3":"status-publish","4":"has-post-thumbnail","6":"product_cat-shroomshop","7":"product_cat-all-products","8":"product_cat-magic-mushroom-spore-syringes","9":"product_cat-mushrooms","10":"product_cat-smartshop","11":"product_tag-shrdeal","12":"product_shipping_class-group-7","14":"first","15":"instock","16":"taxable","17":"shipping-taxable","18":"purchasable","19":"product-type-variable","20":"has-default-attributes"},"_links":{"self":[{"href":"https:\/\/www.headshop.nl\/es\/wp-json\/wp\/v2\/product\/36176","targetHints":{"allow":["GET"]}}],"collection":[{"href":"https:\/\/www.headshop.nl\/es\/wp-json\/wp\/v2\/product"}],"about":[{"href":"https:\/\/www.headshop.nl\/es\/wp-json\/wp\/v2\/types\/product"}],"wp:featuredmedia":[{"embeddable":true,"href":"https:\/\/www.headshop.nl\/es\/wp-json\/wp\/v2\/media\/36138"}],"wp:attachment":[{"href":"https:\/\/www.headshop.nl\/es\/wp-json\/wp\/v2\/media?parent=36176"}],"wp:term":[{"taxonomy":"product_brand","embeddable":true,"href":"https:\/\/www.headshop.nl\/es\/wp-json\/wp\/v2\/product_brand?post=36176"},{"taxonomy":"product_cat","embeddable":true,"href":"https:\/\/www.headshop.nl\/es\/wp-json\/wp\/v2\/product_cat?post=36176"},{"taxonomy":"product_tag","embeddable":true,"href":"https:\/\/www.headshop.nl\/es\/wp-json\/wp\/v2\/product_tag?post=36176"}],"curies":[{"name":"wp","href":"https:\/\/api.w.org\/{rel}","templated":true}]}}