{"id":36174,"date":"2021-08-24T07:56:55","date_gmt":"2021-08-24T07:56:55","guid":{"rendered":"https:\/\/www.headshop.nl\/?post_type=product&#038;p=36174"},"modified":"2025-10-16T07:04:02","modified_gmt":"2025-10-16T07:04:02","slug":"mexican-magic-mushroom-spores","status":"publish","type":"product","link":"https:\/\/www.headshop.nl\/es\/mexican-magic-mushroom-spores\/","title":{"rendered":"Mexican Esporas de hongos m\u00e1gicos"},"content":{"rendered":"<h2 dir=\"auto\">\u00bfQu\u00e9 son las esporas del hongo m\u00e1gico Mexican?<\/h2>\n<p dir=\"auto\">Mexican Las esporas del hongo m\u00e1gico, derivadas de Psilocybe mexicana, son c\u00e9lebres por su importancia hist\u00f3rica y cultural. Suministradas en una ampolla de cultivo est\u00e9ril de 5 ML, estas esporas simplifican el cultivo reduciendo los riesgos de contaminaci\u00f3n en comparaci\u00f3n con las tradicionales impresiones de esporas o jeringas. Ideales para mic\u00f3logos principiantes y experimentados, ofrecen una forma fiable y segura de cultivar micelio vibrante, conectando a los usuarios con una tradici\u00f3n Mexican centenaria. El cultivo listo para usar de la ampolla fomenta una experiencia de cultivo gratificante, mezclando ciencia y espiritualidad. Cons\u00e9rvese en un entorno oscuro y refrigerado (2-8\u00b0C) para mantener la calidad, garantizando un profundo viaje a la belleza natural de la micolog\u00eda.<\/p>\n<h2 dir=\"auto\">Historia de Mexican Magic Mushroom Spores<\/h2>\n<p dir=\"auto\">Arraigados en las pr\u00e1cticas espirituales Mexican ind\u00edgenas, los hongos Psilocybe mexicana eran sagrados en los rituales precoloniales, utilizados por los chamanes para la comunicaci\u00f3n divina. Su importancia persisti\u00f3 hasta la d\u00e9cada de 1950, cuando el descubrimiento de la psilocibina en estos hongos despert\u00f3 el inter\u00e9s cient\u00edfico mundial, tendiendo un puente entre las antiguas tradiciones y la micolog\u00eda moderna. Hoy en d\u00eda, las Esporas de Hongos M\u00e1gicos Mexican, conservadas en Ampollas de Cultivo est\u00e9riles, permiten a los cultivadores caseros honrar este legado. Celebradas por su profundidad hist\u00f3rica, permiten a los entusiastas participar en una pr\u00e1ctica venerada, manteniendo la autenticidad de la cepa y la reverencia cultural a trav\u00e9s de un cultivo cuidadoso.<\/p>\n<h2 dir=\"auto\">C\u00f3mo utilizar las esporas de hongos m\u00e1gicos Mexican<\/h2>\n<p dir=\"auto\">El uso de Mexican Magic Mushroom Spores es sencillo con la ampolla de cultivo est\u00e9ril. L\u00e1vese bien las manos y limpie el exterior de la ampolla con un bastoncillo est\u00e9ril con alcohol. En un entorno limpio, abra el envase est\u00e9ril de la jeringa, afloje ligeramente el tap\u00f3n de la ampolla y extraiga el cultivo de 5 ML a trav\u00e9s del sello de goma. Inocular un sustrato (por ejemplo, una mezcla de vermiculita y perlita) y almacenar a temperatura ambiente. El crecimiento del micelio aparece a los pocos d\u00edas, lo que indica el \u00e9xito. Mantenga un espacio de trabajo est\u00e9ril para obtener resultados \u00f3ptimos. Almacene las esporas no utilizadas a 2-8\u00b0C en un espacio oscuro y refrigerado para garantizar su viabilidad futura.<\/p>\n<h2 dir=\"auto\">Ingredientes de Mexican Magic Mushroom Spores<\/h2>\n<p dir=\"auto\">Cada ampolla de cultivo de 5 ML contiene un cultivo est\u00e9ril de esporas de Psilocybe mexicana, dise\u00f1ado para ofrecer pureza y facilidad. El sustrato recomendado incluye micelio, vermiculita para la retenci\u00f3n de humedad y perlita para la aireaci\u00f3n, creando unas condiciones de crecimiento \u00f3ptimas. Producida bajo estrictas condiciones de esterilidad, esta mezcla libre de contaminantes garantiza un cultivo fiable. Los ingredientes m\u00ednimos y de alta calidad equilibran la simplicidad y la eficacia, favoreciendo un desarrollo vibrante de los hongos. Esta formulaci\u00f3n permite tanto a principiantes como a expertos cultivar con \u00e9xito, honrando los or\u00edgenes ancestrales de la cepa al tiempo que aprovecha las t\u00e9cnicas modernas para una experiencia micol\u00f3gica sin fisuras.<\/p>\n<p dir=\"auto\"><strong>Advertencia<\/strong><\/p>\n<p dir=\"auto\">Manipule Mexican Magic Mushroom Spores con responsabilidad y mant\u00e9ngalo fuera del alcance de los ni\u00f1os. Util\u00edcelo en un entorno seguro y controlado con la presencia de un acompa\u00f1ante de confianza. No utilizar durante el embarazo o la lactancia debido a posibles riesgos para la salud. Este producto perjudica la conducci\u00f3n o el manejo de maquinaria. Evite combinarlo con alcohol, drogas o medicamentos para prevenir efectos adversos. No apto para menores de 18 a\u00f1os. Conservar en un lugar oscuro y refrigerado (2-8\u00b0C). Siga cuidadosamente las instrucciones de cultivo para garantizar una experiencia segura y positiva.<\/p>","protected":false},"excerpt":{"rendered":"<p>Saludos, Cabeza de Hongo. \u00bfQuieres un poco de magia? No hay necesidad de viajar a una galaxia muy lejana para este cambio de perspectiva: consigue Mexican Magic Mushroom Spores y deja que tu mente vague libremente. Estos peque\u00f1ines son ligeramente potentes y suaves con tu cerebro. Una introducci\u00f3n perfecta a los psicod\u00e9licos, \u00a1garantizada!<\/p>","protected":false},"featured_media":36160,"template":"","meta":[],"product_brand":[],"product_cat":[399,297,403,398,384],"product_tag":[978],"class_list":{"0":"post-36174","1":"product","2":"type-product","3":"status-publish","4":"has-post-thumbnail","6":"product_cat-shroomshop","7":"product_cat-all-products","8":"product_cat-magic-mushroom-spore-syringes","9":"product_cat-mushrooms","10":"product_cat-smartshop","11":"product_tag-shrdeal","12":"product_shipping_class-group-7","14":"first","15":"instock","16":"taxable","17":"shipping-taxable","18":"purchasable","19":"product-type-variable","20":"has-default-attributes"},"_links":{"self":[{"href":"https:\/\/www.headshop.nl\/es\/wp-json\/wp\/v2\/product\/36174","targetHints":{"allow":["GET"]}}],"collection":[{"href":"https:\/\/www.headshop.nl\/es\/wp-json\/wp\/v2\/product"}],"about":[{"href":"https:\/\/www.headshop.nl\/es\/wp-json\/wp\/v2\/types\/product"}],"wp:featuredmedia":[{"embeddable":true,"href":"https:\/\/www.headshop.nl\/es\/wp-json\/wp\/v2\/media\/36160"}],"wp:attachment":[{"href":"https:\/\/www.headshop.nl\/es\/wp-json\/wp\/v2\/media?parent=36174"}],"wp:term":[{"taxonomy":"product_brand","embeddable":true,"href":"https:\/\/www.headshop.nl\/es\/wp-json\/wp\/v2\/product_brand?post=36174"},{"taxonomy":"product_cat","embeddable":true,"href":"https:\/\/www.headshop.nl\/es\/wp-json\/wp\/v2\/product_cat?post=36174"},{"taxonomy":"product_tag","embeddable":true,"href":"https:\/\/www.headshop.nl\/es\/wp-json\/wp\/v2\/product_tag?post=36174"}],"curies":[{"name":"wp","href":"https:\/\/api.w.org\/{rel}","templated":true}]}}