{"id":36127,"date":"2021-08-24T07:33:39","date_gmt":"2021-08-24T07:33:39","guid":{"rendered":"https:\/\/www.headshop.nl\/?post_type=product&#038;p=36127"},"modified":"2025-10-16T07:04:04","modified_gmt":"2025-10-16T07:04:04","slug":"mazatapec-magic-mushroom-spores","status":"publish","type":"product","link":"https:\/\/www.headshop.nl\/es\/mazatapec-magic-mushroom-spores\/","title":{"rendered":"Mazatapec Esporas de hongos m\u00e1gicos"},"content":{"rendered":"<h2 dir=\"auto\">\u00bfQu\u00e9 son las esporas del hongo m\u00e1gico Mazatapec?<\/h2>\n<p dir=\"auto\">Las esporas del hongo m\u00e1gico Mazatapec, una potente cepa de Psilocybe cubensis procedente de Mazatapec, Mexico, son apreciadas por sus efectos espirituales y visuales. Entregadas en una ampolla de cultivo est\u00e9ril de 5 ML con micelio 100%, vermiculita y perlita, estas esporas minimizan los riesgos de contaminaci\u00f3n, haciendo el cultivo accesible para principiantes y expertos. Arraigadas en antiguos rituales Mexican, ofrecen experiencias psicod\u00e9licas profundas e introspectivas. Almacenar en un entorno oscuro y refrigerado (2-8\u00b0C) para mantener la viabilidad. Reconocidas por su equilibrio entre facilidad y potencia, las esporas Mazatapec son una elecci\u00f3n popular para viajes transformadores en la comunidad psicod\u00e9lica.<\/p>\n<h2 dir=\"auto\">Historia de Mazatapec Magic Mushroom Spores<\/h2>\n<p dir=\"auto\">Originarias de Mazatapec, Mexico, las esporas del hongo m\u00e1gico Mazatapec han sido fundamentales en los rituales espirituales ind\u00edgenas, conectando a los usuarios con reinos divinos. Durante el auge psicod\u00e9lico del siglo XX cobraron importancia, y su resistencia y facilidad de cultivo las convirtieron en una de las favoritas de los mic\u00f3logos. El desarrollo de la Ampolla de Cultivo mejor\u00f3 su accesibilidad al garantizar su esterilidad. C\u00e9lebre por sus consistentes efectos visuales y espirituales, esta cepa mezcla la herencia cultural de Mexico con la micolog\u00eda moderna, siendo una apreciada elecci\u00f3n para aquellos que buscan experiencias psicod\u00e9licas significativas ligadas a tradiciones ancestrales.<\/p>\n<h2 dir=\"auto\">C\u00f3mo utilizar las esporas del hongo m\u00e1gico Mazatapec<\/h2>\n<p dir=\"auto\">Utilizar Mazatapec Magic Mushroom Spores es sencillo con la ampolla de cultivo est\u00e9ril. L\u00e1vese bien las manos y limpie el exterior de la ampolla con un hisopo est\u00e9ril con alcohol. En un entorno limpio, abra el envase est\u00e9ril de la jeringa, afloje ligeramente el tap\u00f3n de la ampolla y extraiga el cultivo de 5 ML a trav\u00e9s del sello de goma. Inocule uniformemente el sustrato y gu\u00e1rdelo a temperatura ambiente. El micelio aparece en pocos d\u00edas, aunque Mazatapec requiere paciencia debido a un ciclo de crecimiento m\u00e1s largo. Mant\u00e9n la esterilidad y cons\u00famelo en un entorno seguro con un compa\u00f1ero de confianza, empezando con una dosis baja.<\/p>\n<h2 dir=\"auto\">Ingredientes de Mazatapec Magic Mushroom Spores<\/h2>\n<p dir=\"auto\">Cada ampolla de cultivo de 5 ML contiene micelio 100%, vermiculita y perlita, preparados en condiciones est\u00e9riles para garantizar la pureza y un crecimiento robusto. El micelio impulsa el desarrollo de los hongos, la vermiculita retiene la humedad y la perlita mejora la aireaci\u00f3n y el drenaje. Esta mezcla sin aditivos favorece la potencia y accesibilidad de la cepa Mazatapec. Almacenar en un entorno oscuro y refrigerado (2-8\u00b0C) para preservar la viabilidad. Estos componentes de alta calidad crean un entorno de cultivo \u00f3ptimo, ofreciendo un producto fiable y eficaz para cultivadores principiantes y experimentados que buscan una experiencia psicod\u00e9lica gratificante.<\/p>\n<p dir=\"auto\"><strong>Advertencia<\/strong><\/p>\n<p dir=\"auto\">Mantenga Mazatapec Magic Mushroom Spores fuera del alcance de los ni\u00f1os y util\u00edcelo en un entorno interior seguro con un acompa\u00f1ante de confianza presente. No utilizar en caso de embarazo o lactancia debido a los riesgos potenciales. Su consumo perjudica la conducci\u00f3n o el manejo de maquinaria. Evite combinarlo con alcohol, drogas o medicamentos para prevenir efectos impredecibles. No apto para menores de 18 a\u00f1os. Cons\u00e9rvese en un lugar oscuro y refrigerado (2-8\u00b0C) y siga las instrucciones del cultivo para un uso seguro y responsable.<\/p>","protected":false},"excerpt":{"rendered":"<p>Las setas m\u00e1gicas Mazatapec no s\u00f3lo proporcionan una experiencia m\u00e1s positiva y equilibrada que algunas otras cepas de psicod\u00e9licos, sino que tambi\u00e9n aumentan la creatividad. Con nuestra soluci\u00f3n de esporas colonizadas de hongos m\u00e1gicos, \u00a1puedes cultivar tantos hongos m\u00e1gicos como quieras! Genial, \u00bfverdad?<\/p>","protected":false},"featured_media":36180,"template":"","meta":[],"product_brand":[],"product_cat":[399,297,403,398,384],"product_tag":[978],"class_list":{"0":"post-36127","1":"product","2":"type-product","3":"status-publish","4":"has-post-thumbnail","6":"product_cat-shroomshop","7":"product_cat-all-products","8":"product_cat-magic-mushroom-spore-syringes","9":"product_cat-mushrooms","10":"product_cat-smartshop","11":"product_tag-shrdeal","12":"product_shipping_class-group-7","14":"first","15":"instock","16":"taxable","17":"shipping-taxable","18":"purchasable","19":"product-type-variable","20":"has-default-attributes"},"_links":{"self":[{"href":"https:\/\/www.headshop.nl\/es\/wp-json\/wp\/v2\/product\/36127","targetHints":{"allow":["GET"]}}],"collection":[{"href":"https:\/\/www.headshop.nl\/es\/wp-json\/wp\/v2\/product"}],"about":[{"href":"https:\/\/www.headshop.nl\/es\/wp-json\/wp\/v2\/types\/product"}],"wp:featuredmedia":[{"embeddable":true,"href":"https:\/\/www.headshop.nl\/es\/wp-json\/wp\/v2\/media\/36180"}],"wp:attachment":[{"href":"https:\/\/www.headshop.nl\/es\/wp-json\/wp\/v2\/media?parent=36127"}],"wp:term":[{"taxonomy":"product_brand","embeddable":true,"href":"https:\/\/www.headshop.nl\/es\/wp-json\/wp\/v2\/product_brand?post=36127"},{"taxonomy":"product_cat","embeddable":true,"href":"https:\/\/www.headshop.nl\/es\/wp-json\/wp\/v2\/product_cat?post=36127"},{"taxonomy":"product_tag","embeddable":true,"href":"https:\/\/www.headshop.nl\/es\/wp-json\/wp\/v2\/product_tag?post=36127"}],"curies":[{"name":"wp","href":"https:\/\/api.w.org\/{rel}","templated":true}]}}