{"id":36035,"date":"2021-08-23T11:55:25","date_gmt":"2021-08-23T11:55:25","guid":{"rendered":"https:\/\/www.headshop.nl\/?post_type=product&#038;p=36035"},"modified":"2025-10-16T07:02:44","modified_gmt":"2025-10-16T07:02:44","slug":"ecuadorian-magic-mushroom-grow-kit","status":"publish","type":"product","link":"https:\/\/www.headshop.nl\/es\/ecuadorian-magic-mushroom-grow-kit\/","title":{"rendered":"Ecuadorian Kit de cultivo de setas m\u00e1gicas"},"content":{"rendered":"<h2 class=\"\" dir=\"auto\">\u00bfQu\u00e9 son los kits de cultivo todo en uno Ecuadorian?<\/h2>\n<p class=\"break-words\" dir=\"auto\">El kit de cultivo todo en uno Ecuadorian es una soluci\u00f3n f\u00e1cil de usar para cultivar setas m\u00e1gicas Ecuadorian de alta calidad, ideal tanto para cultivadores novatos como experimentados. Incluye una bandeja de cultivo, una bolsa de cultivo con filtros de aire y dos clips, y s\u00f3lo necesita agua para producir potentes setas conocidas por sus efectos puros y vibrantes.<\/p>\n<p class=\"break-words\" dir=\"auto\">Con los cuidados adecuados, el kit admite hasta tres cosechas, y la primera produce unos 400 gramos con un kit de 1.200 cc. Refrigerado, se mantiene viable durante seis meses, ofreciendo una forma fiable de cultivar aut\u00e9nticas setas m\u00e1gicas frescas en casa para disfrutar de una experiencia psicod\u00e9lica limpia y agradable.<\/p>\n<h2 class=\"\" dir=\"auto\">Historia de los kits de cultivo todo en uno Ecuadorian<\/h2>\n<p class=\"break-words\" dir=\"auto\">Arraigadas en las tradiciones sudamericanas, las setas m\u00e1gicas Ecuadorian han sido utilizadas durante siglos por las comunidades ind\u00edgenas Ecuadorian en rituales espirituales y medicinales para conectar con la naturaleza y lo divino. El moderno kit de cultivo \"todo en uno\", promovido por empresas como Mcsmart, surgi\u00f3 a finales del siglo XX, poniendo al alcance del cultivo dom\u00e9stico estas setas tan significativas desde el punto de vista cultural.<\/p>\n<p class=\"break-words\" dir=\"auto\">La cepa Ecuadorian, apreciada por su potencia equilibrada y efectos limpios similares a las variedades Colombian, se beneficia de a\u00f1os de perfeccionamiento en el cultivo. El kit combina la herencia ancestral con la innovaci\u00f3n moderna, satisfaciendo la creciente demanda de setas m\u00e1gicas caseras de alta calidad y respetando su importancia hist\u00f3rica.<\/p>\n<h2 class=\"\" dir=\"auto\">C\u00f3mo utilizar los kits de cultivo todo en uno Ecuadorian<\/h2>\n<p class=\"break-words\" dir=\"auto\">Para utilizar el Ecuadorian All-in-One GrowKit, empieza por lavarte las manos y limpiar el exterior del kit con un pa\u00f1o seco. Sumerja la bandeja en agua tibia (20\u00b0C) durante cinco minutos, esc\u00farrala y col\u00f3quela en la bolsa de cultivo con 200-250 ml de agua, sell\u00e1ndola con clips. Mantenga la bolsa a 20-25\u00b0C, alejada de la luz solar o el calor, hasta que se formen cabezas de alfiler en 10-20 d\u00edas.<\/p>\n<p class=\"break-words\" dir=\"auto\">Una vez que aparezcan cabezas de alfiler, ventile la bolsa a diario y roc\u00edela ligeramente. Coseche las setas justo antes de que se rompa el velo, gir\u00e1ndolas suavemente hacia fuera, y repita el proceso hasta tres veces. Este sencillo m\u00e9todo garantiza unas setas m\u00e1gicas Ecuadorian frescas y potentes con el m\u00ednimo esfuerzo.<\/p>\n<h2 class=\"\" dir=\"auto\">Ingredientes del kit de cultivo todo en uno Ecuadorian<\/h2>\n<p class=\"break-words\" dir=\"auto\">El Ecuadorian All-in-One GrowKit incluye un sustrato preinoculado con micelio Ecuadorian Magic Mushroom, hecho de materiales org\u00e1nicos como grano, paja o compost para favorecer un crecimiento robusto. El kit incluye una bolsa de cultivo con filtros de aire y dos clips para mantener la humedad y evitar la contaminaci\u00f3n, y s\u00f3lo requiere agua tibia para empezar.<\/p>\n<p class=\"break-words\" dir=\"auto\">No se utilizan aditivos sint\u00e9ticos, lo que garantiza un proceso de cultivo natural que preserva la potencia de la psilocibina de las setas. Los efectos limpios y vibrantes de la cepa Ecuadorian son inherentes al micelio, por lo que este kit cuidadosamente dise\u00f1ado es una herramienta sencilla pero eficaz para obtener cosechas de alta calidad.<\/p>\n<p dir=\"auto\"><strong>Advertencia: Manipulaci\u00f3n y almacenamiento seguros<\/strong><\/p>\n<p class=\"break-words\" dir=\"auto\">Ecuadorian Las setas m\u00e1gicas contienen psilocibina y psilocina, potentes alucin\u00f3genos que alteran la conciencia, el estado de \u00e1nimo y la percepci\u00f3n al afectar a los niveles de serotonina. Consumir con precauci\u00f3n en un entorno seguro debido a sus fuertes efectos.<\/p>\n<p class=\"break-words\" dir=\"auto\">Guarde el kit y las setas fuera del alcance de los ni\u00f1os y los animales dom\u00e9sticos para evitar su ingesti\u00f3n accidental. Consulte a un profesional sanitario antes de usarlos, sobre todo si padece alguna enfermedad o toma alg\u00fan medicamento, para garantizar una manipulaci\u00f3n y un consumo seguros.<\/p>","protected":false},"excerpt":{"rendered":"<p>Las setas m\u00e1gicas Ecuadorian son la elecci\u00f3n perfecta para cualquiera que busque una experiencia espiritual e introspectiva. Tienen muy pocos efectos visuales, lo que significa que son geniales si quieres centrarte en pensamientos filos\u00f3ficos profundos en lugar de alucinaciones de colores brillantes o animales correteando por tu cabeza.<\/p>","protected":false},"featured_media":36085,"template":"","meta":[],"product_brand":[],"product_cat":[399,297,400,398,384,834],"product_tag":[978],"class_list":{"0":"post-36035","1":"product","2":"type-product","3":"status-publish","4":"has-post-thumbnail","6":"product_cat-shroomshop","7":"product_cat-all-products","8":"product_cat-magic-mushroom-grow-kits","9":"product_cat-mushrooms","10":"product_cat-smartshop","11":"product_cat-strong-magic-mushrooms","12":"product_tag-shrdeal","13":"product_shipping_class-group-7","15":"first","16":"instock","17":"taxable","18":"shipping-taxable","19":"purchasable","20":"product-type-variable","21":"has-default-attributes"},"_links":{"self":[{"href":"https:\/\/www.headshop.nl\/es\/wp-json\/wp\/v2\/product\/36035","targetHints":{"allow":["GET"]}}],"collection":[{"href":"https:\/\/www.headshop.nl\/es\/wp-json\/wp\/v2\/product"}],"about":[{"href":"https:\/\/www.headshop.nl\/es\/wp-json\/wp\/v2\/types\/product"}],"wp:featuredmedia":[{"embeddable":true,"href":"https:\/\/www.headshop.nl\/es\/wp-json\/wp\/v2\/media\/36085"}],"wp:attachment":[{"href":"https:\/\/www.headshop.nl\/es\/wp-json\/wp\/v2\/media?parent=36035"}],"wp:term":[{"taxonomy":"product_brand","embeddable":true,"href":"https:\/\/www.headshop.nl\/es\/wp-json\/wp\/v2\/product_brand?post=36035"},{"taxonomy":"product_cat","embeddable":true,"href":"https:\/\/www.headshop.nl\/es\/wp-json\/wp\/v2\/product_cat?post=36035"},{"taxonomy":"product_tag","embeddable":true,"href":"https:\/\/www.headshop.nl\/es\/wp-json\/wp\/v2\/product_tag?post=36035"}],"curies":[{"name":"wp","href":"https:\/\/api.w.org\/{rel}","templated":true}]}}