{"id":36031,"date":"2021-08-23T11:55:21","date_gmt":"2021-08-23T11:55:21","guid":{"rendered":"https:\/\/www.headshop.nl\/?post_type=product&#038;p=36031"},"modified":"2025-10-16T07:02:45","modified_gmt":"2025-10-16T07:02:45","slug":"cambodian-magic-mushroom-grow-kit","status":"publish","type":"product","link":"https:\/\/www.headshop.nl\/es\/cambodian-magic-mushroom-grow-kit\/","title":{"rendered":"Cambodian Kit de cultivo de setas m\u00e1gicas"},"content":{"rendered":"<h2 class=\"\" dir=\"auto\">\u00bfQu\u00e9 son las setas Cambodian?<\/h2>\n<p class=\"break-words\" dir=\"auto\">El Cambodian Mushroom All-in-One GrowKit simplifica el cultivo dom\u00e9stico, ofreciendo la esencia del patrimonio tropical de Camboya a cultivadores de todo el mundo. Equipado con una bolsa de cultivo, filtros de aire y clips, este kit proporciona todo lo necesario para producir setas de alta calidad, produciendo alrededor de 400 gramos de un kit de 1200cc en la primera descarga con s\u00f3lo agua y cuidados b\u00e1sicos.<\/p>\n<p class=\"break-words\" dir=\"auto\">Las setas Cambodian, que ofrecen una experiencia psicod\u00e9lica equilibrada y v\u00edvida, son ideales para principiantes gracias a su potencia moderada. Almacenado en un ambiente fresco, el kit sigue siendo viable durante un m\u00e1ximo de seis meses, con un m\u00e1ximo de tres lavados, por lo que es una opci\u00f3n gratificante para aquellos que exploran la micolog\u00eda en un entorno seguro y controlado.<\/p>\n<h2 class=\"\" dir=\"auto\">Historia de las setas Cambodian<\/h2>\n<p class=\"break-words\" dir=\"auto\">Originarias de los templos camboyanos de Angkor Wat, las setas Cambodian fueron descubiertas por mic\u00f3logos atra\u00eddos por la biodiversidad de la regi\u00f3n. Tradicionalmente utilizadas en pr\u00e1cticas espirituales por sus efectos introspectivos, estas setas, con niveles moderados de psilocibina, se convirtieron en las favoritas en todo el mundo, inspirando la creaci\u00f3n del kit de cultivo todo en uno de la seta Cambodian.<\/p>\n<p class=\"break-words\" dir=\"auto\">Los avances en micolog\u00eda han reproducido las condiciones de humedad de Camboya, permitiendo un cultivo dom\u00e9stico uniforme. El kit refleja a\u00f1os de perfeccionamiento, mezclando el significado cultural antiguo con la accesibilidad moderna, lo que convierte a las setas Cambodian en una opci\u00f3n popular para los aficionados deseosos de explorar su potencial hist\u00f3rico y psicod\u00e9lico.<\/p>\n<h2 class=\"\" dir=\"auto\">C\u00f3mo utilizar las setas Cambodian<\/h2>\n<p class=\"break-words\" dir=\"auto\">Para utilizar el kit de cultivo todo en uno para setas Cambodian, empieza por lavarte las manos y limpiar el exterior del kit con un pa\u00f1o seco. Sumerja el kit en agua tibia (20\u00b0C) durante cinco minutos, esc\u00farralo y col\u00f3quelo en la bolsa de cultivo con 200-250 ml de agua, cerr\u00e1ndola con clips. Almacenar a 20-25\u00b0C, evitando la luz solar, hasta que se formen cabezas de alfiler en 10-20 d\u00edas.<\/p>\n<p class=\"break-words\" dir=\"auto\">Una vez que aparezcan cabezas de alfiler, ventile la bolsa a diario y roc\u00edela ligeramente. Cosecha las setas justo antes de que se rompa el velo gir\u00e1ndolas hacia fuera, repitiendo el proceso para brotes adicionales. Este sencillo m\u00e9todo garantiza un rendimiento de alta calidad, proporcionando los efectos \u00fanicos y accesibles de la Seta Cambodian con el m\u00ednimo esfuerzo.<\/p>\n<h2 class=\"\" dir=\"auto\">Ingredientes de las setas Cambodian<\/h2>\n<p class=\"break-words\" dir=\"auto\">El Cambodian Mushroom All-in-One GrowKit incluye un sustrato de 1200 cc preinoculado con micelio de Cambodian Mushroom, optimizado para un crecimiento robusto. Una bolsa de cultivo con filtros de aire y dos clips mantiene un ambiente est\u00e9ril y h\u00famedo, que s\u00f3lo requiere agua tibia para iniciar el cultivo, sin productos qu\u00edmicos o nutrientes adicionales necesarios.<\/p>\n<p class=\"break-words\" dir=\"auto\">El micelio, derivado de la cepa Cambodian, produce psilocibina de forma natural, que se convierte en psilocina por sus efectos psicod\u00e9licos. Este dise\u00f1o aerodin\u00e1mico y de alta calidad garantiza la accesibilidad y unos resultados uniformes, lo que permite a los cultivadores cultivar setas potentes con facilidad si se almacenan adecuadamente.<\/p>\n<p dir=\"auto\"><strong>Advertencia<\/strong><\/p>\n<p class=\"break-words\" dir=\"auto\">Cambodian Las setas contienen psilocibina y psilocina, alucin\u00f3genos naturales que alteran el estado de \u00e1nimo, la percepci\u00f3n y la cognici\u00f3n al afectar a los niveles de serotonina. Cons\u00famalas con precauci\u00f3n en un entorno seguro debido a sus potentes efectos, y evite su consumo si padece trastornos mentales o toma medicamentos que afecten a la serotonina.<\/p>\n<p class=\"break-words\" dir=\"auto\">Mant\u00e9n las setas y el kit de cultivo fuera del alcance de los ni\u00f1os para evitar su ingesti\u00f3n accidental. Nunca las combines con alcohol u otras sustancias, y aseg\u00farate de estar bien informado sobre sus efectos antes de consumirlas para garantizar una experiencia segura.<\/p>","protected":false},"excerpt":{"rendered":"<p>Las setas m\u00e1gicas Cambodian son perfectas para los que buscan un viaje psicod\u00e9lico de potencia media. Tienen todos los efectos que esperas de las setas m\u00e1gicas, y no son demasiado potentes para que los psiconautas con poca tolerancia puedan disfrutarlas. Cultiva Cambodian si te gustan los psicod\u00e9licos m\u00e1s suaves o quieres que sea m\u00e1s f\u00e1cil medir tu dosis.<\/p>","protected":false},"featured_media":36071,"template":"","meta":[],"product_brand":[],"product_cat":[399,297,400,398,384,834],"product_tag":[978],"class_list":{"0":"post-36031","1":"product","2":"type-product","3":"status-publish","4":"has-post-thumbnail","6":"product_cat-shroomshop","7":"product_cat-all-products","8":"product_cat-magic-mushroom-grow-kits","9":"product_cat-mushrooms","10":"product_cat-smartshop","11":"product_cat-strong-magic-mushrooms","12":"product_tag-shrdeal","13":"product_shipping_class-group-7","15":"first","16":"instock","17":"taxable","18":"shipping-taxable","19":"purchasable","20":"product-type-variable","21":"has-default-attributes"},"_links":{"self":[{"href":"https:\/\/www.headshop.nl\/es\/wp-json\/wp\/v2\/product\/36031","targetHints":{"allow":["GET"]}}],"collection":[{"href":"https:\/\/www.headshop.nl\/es\/wp-json\/wp\/v2\/product"}],"about":[{"href":"https:\/\/www.headshop.nl\/es\/wp-json\/wp\/v2\/types\/product"}],"wp:featuredmedia":[{"embeddable":true,"href":"https:\/\/www.headshop.nl\/es\/wp-json\/wp\/v2\/media\/36071"}],"wp:attachment":[{"href":"https:\/\/www.headshop.nl\/es\/wp-json\/wp\/v2\/media?parent=36031"}],"wp:term":[{"taxonomy":"product_brand","embeddable":true,"href":"https:\/\/www.headshop.nl\/es\/wp-json\/wp\/v2\/product_brand?post=36031"},{"taxonomy":"product_cat","embeddable":true,"href":"https:\/\/www.headshop.nl\/es\/wp-json\/wp\/v2\/product_cat?post=36031"},{"taxonomy":"product_tag","embeddable":true,"href":"https:\/\/www.headshop.nl\/es\/wp-json\/wp\/v2\/product_tag?post=36031"}],"curies":[{"name":"wp","href":"https:\/\/api.w.org\/{rel}","templated":true}]}}