{"id":36027,"date":"2021-08-23T11:55:17","date_gmt":"2021-08-23T11:55:17","guid":{"rendered":"https:\/\/www.headshop.nl\/?post_type=product&#038;p=36027"},"modified":"2025-10-16T07:02:45","modified_gmt":"2025-10-16T07:02:45","slug":"colombian-magic-mushroom-grow-kit","status":"publish","type":"product","link":"https:\/\/www.headshop.nl\/es\/colombian-magic-mushroom-grow-kit\/","title":{"rendered":"Colombian Kit de cultivo de setas m\u00e1gicas"},"content":{"rendered":"<h2 class=\"\" dir=\"auto\">\u00bfQu\u00e9 son los kits de cultivo todo en uno Colombian?<\/h2>\n<p class=\"break-words\" dir=\"auto\">El kit de cultivo todo en uno Colombian es un paquete completo para cultivar potentes setas m\u00e1gicas en casa, perfecto para aquellos que buscan una experiencia psicod\u00e9lica v\u00edvida y envolvente. A diferencia de cepas m\u00e1s suaves como la Mexican o la Thai, las setas Colombian proporcionan un viaje m\u00e1s profundo e intenso, mejorado por un kit f\u00e1cil de usar que incluye una caja de cultivo, una bolsa de cultivo con filtros de aire y dos clips, y que s\u00f3lo necesita agua para empezar.<\/p>\n<p class=\"break-words\" dir=\"auto\">Capaz de producir hasta tres cosechas, la primera de las cuales suele rondar los 400 gramos con un kit de 1.200 cc, este producto es accesible y gratificante. Almacenado en un frigor\u00edfico, el kit sigue siendo viable durante un m\u00e1ximo de seis meses, por lo que es una opci\u00f3n ideal para principiantes y cultivadores experimentados que buscan resultados consistentes y de alta calidad.<\/p>\n<h2 class=\"\" dir=\"auto\">Historia de los kits de cultivo todo en uno Colombian<\/h2>\n<p class=\"break-words\" dir=\"auto\">Arraigadas en el rico patrimonio cultural de Colombia, las setas m\u00e1gicas Colombian han sido utilizadas durante siglos por las comunidades ind\u00edgenas en rituales espirituales para acceder a estados superiores de conciencia. Conocidas por su potente contenido en psilocibina, estas setas ganaron atenci\u00f3n mundial a medida que avanzaba la micolog\u00eda, lo que llev\u00f3 a la creaci\u00f3n de kits de cultivo todo en uno a finales del siglo XX para simplificar el cultivo casero.<\/p>\n<p class=\"break-words\" dir=\"auto\">El Colombian All-in-One GrowKit combina el conocimiento tradicional con la innovaci\u00f3n moderna, ofreciendo una forma fiable de cultivar setas con los intensos efectos venerados durante generaciones. Su desarrollo refleja la democratizaci\u00f3n del cultivo, permitiendo a los entusiastas de todo el mundo experimentar la potencia \u00fanica de esta cepa y su significado cultural a trav\u00e9s de un sistema racionalizado y de alta calidad.<\/p>\n<h2 class=\"\" dir=\"auto\">C\u00f3mo utilizar los kits de cultivo todo en uno Colombian<\/h2>\n<p class=\"break-words\" dir=\"auto\">Para utilizar el Colombian All-in-One GrowKit, empieza por limpiarte las manos y el exterior del kit, luego retira y guarda la tapa. Sumerge el kit en agua tibia (20\u00b0C) durante cinco minutos con la tapa puesta, esc\u00farrelo durante 10 segundos y col\u00f3calo en la bolsa de cultivo con 200-250ml de agua, sell\u00e1ndola con clips. Almacenar a 20-25\u00b0C, evitando la luz solar o el calor, hasta que se formen cabezas de alfiler en 10-20 d\u00edas.<\/p>\n<p class=\"break-words\" dir=\"auto\">Una vez que aparezcan cabezas de alfiler, ventile la bolsa a diario y roc\u00edela ligeramente. Coseche las setas justo antes de que se rompa el velo, retorci\u00e9ndolas y repitiendo el proceso hasta tres veces. Este m\u00e9todo sencillo y eficaz garantiza un crecimiento \u00f3ptimo y unos rendimientos potentes, proporcionando una experiencia de cultivo segura y gratificante.<\/p>\n<h2 class=\"\" dir=\"auto\">Ingredientes del kit de cultivo todo en uno Colombian<\/h2>\n<p class=\"break-words\" dir=\"auto\">El Colombian All-in-One GrowKit cuenta con un sustrato infundido con esporas de hongos de alta calidad Colombian, elaborado a partir de materiales org\u00e1nicos como el grano o compost para apoyar el crecimiento del micelio robusto. Una bolsa de cultivo con filtros de aire y dos clips mantiene un entorno est\u00e9ril y h\u00famedo, evitando la contaminaci\u00f3n y promoviendo un desarrollo saludable, con s\u00f3lo agua necesaria para activar el proceso.<\/p>\n<p class=\"break-words\" dir=\"auto\">No se incluyen productos qu\u00edmicos ni aditivos adicionales, lo que garantiza una experiencia de cultivo natural. El sustrato infundido con esporas proporciona los intensos efectos caracter\u00edsticos de la cepa, haciendo de este kit racionalizado una herramienta eficiente y accesible tanto para cultivadores novatos como experimentados que buscan setas consistentes y de alta calidad.<\/p>\n<p dir=\"auto\"><strong>Advertencia: Las setas m\u00e1gicas y la seguridad<\/strong><\/p>\n<p class=\"break-words\" dir=\"auto\">Las setas m\u00e1gicas Colombian contienen psilocibina y psilocina, potentes alucin\u00f3genos que alteran el estado de \u00e1nimo, la percepci\u00f3n y la cognici\u00f3n al afectar a los niveles de serotonina. Debido a sus intensos efectos, consumir con precauci\u00f3n en un entorno controlado y evitar su uso sin la preparaci\u00f3n adecuada.<\/p>\n<p class=\"break-words\" dir=\"auto\">Guarde el kit y las setas en un lugar seguro, fuera del alcance de los ni\u00f1os, para evitar su ingesti\u00f3n accidental. Ten en cuenta los efectos psicol\u00f3gicos y fisiol\u00f3gicos, y manip\u00falalos de forma responsable para garantizar un uso seguro de estas potentes sustancias.<\/p>","protected":false},"excerpt":{"rendered":"<p>Las setas m\u00e1gicas Colombian son la forma perfecta de escapar de tu vida cotidiana y regalarte una experiencia iluminadora. Son una variedad de potencia media, muy espiritual, que se puede encontrar en grandes cantidades para aquellos que buscan m\u00e1s una aventura de b\u00fasqueda del alma que simplemente probar cosas nuevas.<\/p>","protected":false},"featured_media":36077,"template":"","meta":[],"product_brand":[],"product_cat":[399,297,400,398,384,834],"product_tag":[978],"class_list":{"0":"post-36027","1":"product","2":"type-product","3":"status-publish","4":"has-post-thumbnail","6":"product_cat-shroomshop","7":"product_cat-all-products","8":"product_cat-magic-mushroom-grow-kits","9":"product_cat-mushrooms","10":"product_cat-smartshop","11":"product_cat-strong-magic-mushrooms","12":"product_tag-shrdeal","13":"product_shipping_class-group-7","15":"first","16":"instock","17":"taxable","18":"shipping-taxable","19":"purchasable","20":"product-type-variable","21":"has-default-attributes"},"_links":{"self":[{"href":"https:\/\/www.headshop.nl\/es\/wp-json\/wp\/v2\/product\/36027","targetHints":{"allow":["GET"]}}],"collection":[{"href":"https:\/\/www.headshop.nl\/es\/wp-json\/wp\/v2\/product"}],"about":[{"href":"https:\/\/www.headshop.nl\/es\/wp-json\/wp\/v2\/types\/product"}],"wp:featuredmedia":[{"embeddable":true,"href":"https:\/\/www.headshop.nl\/es\/wp-json\/wp\/v2\/media\/36077"}],"wp:attachment":[{"href":"https:\/\/www.headshop.nl\/es\/wp-json\/wp\/v2\/media?parent=36027"}],"wp:term":[{"taxonomy":"product_brand","embeddable":true,"href":"https:\/\/www.headshop.nl\/es\/wp-json\/wp\/v2\/product_brand?post=36027"},{"taxonomy":"product_cat","embeddable":true,"href":"https:\/\/www.headshop.nl\/es\/wp-json\/wp\/v2\/product_cat?post=36027"},{"taxonomy":"product_tag","embeddable":true,"href":"https:\/\/www.headshop.nl\/es\/wp-json\/wp\/v2\/product_tag?post=36027"}],"curies":[{"name":"wp","href":"https:\/\/api.w.org\/{rel}","templated":true}]}}