{"id":36023,"date":"2021-08-23T11:55:13","date_gmt":"2021-08-23T11:55:13","guid":{"rendered":"https:\/\/www.headshop.nl\/?post_type=product&#038;p=36023"},"modified":"2025-10-16T07:02:46","modified_gmt":"2025-10-16T07:02:46","slug":"thai-magic-mushroom-grow-kit","status":"publish","type":"product","link":"https:\/\/www.headshop.nl\/es\/thai-magic-mushroom-grow-kit\/","title":{"rendered":"Thai Kit de cultivo de setas m\u00e1gicas"},"content":{"rendered":"<h2 class=\"\" dir=\"auto\">\u00bfQu\u00e9 son las setas m\u00e1gicas Thai?<\/h2>\n<p class=\"break-words\" dir=\"auto\">Las setas m\u00e1gicas Thai son famosas por sus efectos euf\u00f3ricos y alegres, que evocan la vibrante energ\u00eda de los famosos batidos de Thailand. Conocidas por sus altos rendimientos y potencia similares a las cepas Mexican, estas setas se cultivan f\u00e1cilmente con el kit de cultivo todo en uno, que incluye una bolsa de cultivo, filtros de aire y clips, y s\u00f3lo requieren agua y unas sencillas instrucciones.<\/p>\n<p class=\"break-words\" dir=\"auto\">Cada kit de 1200 cc puede producir hasta 500 gramos en la primera cosecha, con tres cosechas posibles, ofreciendo una experiencia m\u00e1gica que recuerda a las playas iluminadas por el sol. Almacenado en un frigor\u00edfico, el kit sigue siendo viable durante seis meses, por lo que es una opci\u00f3n fiable para los entusiastas que buscan un viaje de cultivo potente y gratificante.<\/p>\n<h2 class=\"\" dir=\"auto\">Historia de las setas m\u00e1gicas Thai<\/h2>\n<p class=\"break-words\" dir=\"auto\">Arraigadas en las tradiciones tropicales de Thailandia, las Setas M\u00e1gicas Thai se han utilizado en entornos espirituales y recreativos, ganando fama gracias a los \"batidos felices\" servidos en celebraciones junto a la playa. Sus efectos edificantes, descubiertos por viajeros, despertaron el inter\u00e9s mundial, lo que llev\u00f3 al desarrollo del kit de cultivo todo en uno para llevar esta variedad a cultivadores caseros de todo el mundo.<\/p>\n<p class=\"break-words\" dir=\"auto\">Hist\u00f3ricamente recolectadas en los climas c\u00e1lidos y h\u00famedos de Thailandia, estas setas prosperan en condiciones \u00f3ptimas que ahora pueden reproducirse con el kit de cultivo. El kit refleja los conocimientos avanzados de cultivo, garantizando una calidad constante, y sigue honrando el legado cultural de la herencia de esp\u00edritu libre de Thailand mientras cautiva a los cultivadores modernos con su vibrante potencial.<\/p>\n<h2 class=\"\" dir=\"auto\">C\u00f3mo utilizar las setas m\u00e1gicas Thai<\/h2>\n<p class=\"break-words\" dir=\"auto\">Para cultivar las setas m\u00e1gicas Thai, empiece por limpiarse las manos y el exterior del kit, luego sum\u00e9rjalo en agua tibia (20\u00b0C) durante cinco minutos, procurando no superar una hora. Esc\u00farralo, col\u00f3quelo en la bolsa de cultivo con 200-250 ml de agua, ci\u00e9rrelo con clips y gu\u00e1rdelo a 20-25\u00b0C, evitando la luz solar, hasta que se formen cabezas de alfiler en 10-20 d\u00edas.<\/p>\n<p class=\"break-words\" dir=\"auto\">Una vez que aparezcan cabezas de alfiler, ventile la bolsa a diario y roc\u00edela ligeramente. Coseche justo antes de que se rompa el velo, retorciendo las setas y repitiendo la operaci\u00f3n hasta tres veces. Consumidas frescas, estas setas proporcionan una experiencia veraniega y potente cuando se cultivan siguiendo cuidadosamente las instrucciones.<\/p>\n<h2 class=\"\" dir=\"auto\">Ingredientes de las setas m\u00e1gicas Thai<\/h2>\n<p class=\"break-words\" dir=\"auto\">El kit de cultivo todo en uno para las setas m\u00e1gicas Thai incluye un sustrato rico en nutrientes con micelio, una bolsa de cultivo con filtros de aire y dos clips, y s\u00f3lo necesita agua para el cultivo. El sustrato favorece un crecimiento robusto, produciendo psilocibina de forma natural, que se convierte en psilocina para los efectos alucin\u00f3genos de las setas, sin aditivos artificiales.<\/p>\n<p class=\"break-words\" dir=\"auto\">Este dise\u00f1o simplificado elimina los equipos complejos, haciendo que el cultivo sea accesible para todos los niveles de habilidad. Si se almacena correctamente, el kit garantiza m\u00faltiples cosechas de alto rendimiento, proporcionando la aut\u00e9ntica y estimulante experiencia de las setas m\u00e1gicas Thai y preservando su pureza cultural y natural.<\/p>\n<p dir=\"auto\"><strong>Advertencia<\/strong><\/p>\n<p class=\"break-words\" dir=\"auto\">Thai Las setas m\u00e1gicas contienen psilocibina y psilocina, potentes alucin\u00f3genos que alteran el estado de \u00e1nimo, la percepci\u00f3n y el sue\u00f1o al afectar a los niveles de serotonina. Cons\u00famalas con precauci\u00f3n, ya que los efectos var\u00edan seg\u00fan la sensibilidad individual, y aseg\u00farese de utilizarlas en un entorno seguro.<\/p>\n<p class=\"break-words\" dir=\"auto\">Guarde las setas y el growkit fuera del alcance de los ni\u00f1os debido a sus fuertes propiedades psicoactivas. La manipulaci\u00f3n responsable es esencial para disfrutar con seguridad de los vibrantes efectos de estas setas de gran importancia cultural.<\/p>","protected":false},"excerpt":{"rendered":"<p>\u00bfBuscas una forma divertida de salir de tu zona de confort y experimentar una realidad alternativa? \u00a1Estas setas m\u00e1gicas son perfectas! Su potencia permite tomarlas en entornos m\u00e1s sociales sin preocuparse por las dificultades que puedan surgir. \u00a1La seta m\u00e1gica perfecta para fiestas!<\/p>","protected":false},"featured_media":36061,"template":"","meta":[],"product_brand":[],"product_cat":[399,297,833,400,398,384],"product_tag":[978],"class_list":{"0":"post-36023","1":"product","2":"type-product","3":"status-publish","4":"has-post-thumbnail","6":"product_cat-shroomshop","7":"product_cat-all-products","8":"product_cat-beginner-magic-mushrooms","9":"product_cat-magic-mushroom-grow-kits","10":"product_cat-mushrooms","11":"product_cat-smartshop","12":"product_tag-shrdeal","13":"product_shipping_class-group-7","15":"first","16":"instock","17":"taxable","18":"shipping-taxable","19":"purchasable","20":"product-type-variable","21":"has-default-attributes"},"_links":{"self":[{"href":"https:\/\/www.headshop.nl\/es\/wp-json\/wp\/v2\/product\/36023","targetHints":{"allow":["GET"]}}],"collection":[{"href":"https:\/\/www.headshop.nl\/es\/wp-json\/wp\/v2\/product"}],"about":[{"href":"https:\/\/www.headshop.nl\/es\/wp-json\/wp\/v2\/types\/product"}],"wp:featuredmedia":[{"embeddable":true,"href":"https:\/\/www.headshop.nl\/es\/wp-json\/wp\/v2\/media\/36061"}],"wp:attachment":[{"href":"https:\/\/www.headshop.nl\/es\/wp-json\/wp\/v2\/media?parent=36023"}],"wp:term":[{"taxonomy":"product_brand","embeddable":true,"href":"https:\/\/www.headshop.nl\/es\/wp-json\/wp\/v2\/product_brand?post=36023"},{"taxonomy":"product_cat","embeddable":true,"href":"https:\/\/www.headshop.nl\/es\/wp-json\/wp\/v2\/product_cat?post=36023"},{"taxonomy":"product_tag","embeddable":true,"href":"https:\/\/www.headshop.nl\/es\/wp-json\/wp\/v2\/product_tag?post=36023"}],"curies":[{"name":"wp","href":"https:\/\/api.w.org\/{rel}","templated":true}]}}