{"id":36019,"date":"2021-08-23T11:55:09","date_gmt":"2021-08-23T11:55:09","guid":{"rendered":"https:\/\/www.headshop.nl\/?post_type=product&#038;p=36019"},"modified":"2025-10-16T07:02:46","modified_gmt":"2025-10-16T07:02:46","slug":"mexican-magic-mushroom-grow-kit","status":"publish","type":"product","link":"https:\/\/www.headshop.nl\/es\/mexican-magic-mushroom-grow-kit\/","title":{"rendered":"Mexican Kit de cultivo de setas m\u00e1gicas"},"content":{"rendered":"<h2 dir=\"auto\">\u00bfQu\u00e9 son las setas Mexican?<\/h2>\n<p dir=\"auto\">Las setas Mexican son una opci\u00f3n para principiantes que buscan una experiencia psicod\u00e9lica vibrante y energizante, con un viaje visualmente cautivador que se siente como una explosi\u00f3n de positividad. El Kit de Cultivo Todo en Uno hace que el cultivo sea accesible, incluyendo una bolsa de cultivo con filtros de aire y clips, que s\u00f3lo requiere agua para producir hasta tres cosechas, con la primera rindiendo alrededor de 500 gramos de un kit de 1200cc.<\/p>\n<p dir=\"auto\">Almacenado en un ambiente fresco, el kit sigue siendo viable durante unos seis meses, aunque su vida \u00fatil disminuye fuera de la refrigeraci\u00f3n. Este producto f\u00e1cil de usar invita tanto a principiantes como a entusiastas a explorar la micolog\u00eda, ofreciendo una forma fiable de cultivar Setas Mexican de alta calidad en casa para una experiencia gratificante y envolvente.<\/p>\n<h2 dir=\"auto\">Historia de las setas Mexican<\/h2>\n<p dir=\"auto\">Profundamente arraigadas en las tradiciones ind\u00edgenas de M\u00e9xico, las setas, conocidas como \"teonan\u00e1catl\" o \"carne de los dioses\", han sido utilizadas durante siglos en rituales espirituales y curativos por grupos como los mazatecos. Sus efectos, potenciados por la psilocibina, eran venerados por fomentar las conexiones con la naturaleza y lo divino, y a mediados del siglo XX recibieron atenci\u00f3n mundial gracias al trabajo del etnobot\u00e1nico R. Gordon Wasson.<\/p>\n<p dir=\"auto\">El All-in-One GrowKit acerca esta pr\u00e1ctica ancestral a los cultivadores modernos, combinando el significado tradicional con los avances en micolog\u00eda. Su dise\u00f1o garantiza una calidad constante, lo que permite a los usuarios cultivar estas setas culturalmente ricas en casa, conectando la sabidur\u00eda hist\u00f3rica con la exploraci\u00f3n psicod\u00e9lica contempor\u00e1nea.<\/p>\n<h2 dir=\"auto\">C\u00f3mo utilizar las setas Mexican<\/h2>\n<p dir=\"auto\">Para cultivar champi\u00f1ones Mexican con el kit de cultivo todo en uno, l\u00edmpiese las manos y el exterior del kit y, a continuaci\u00f3n, sum\u00e9rjalo en agua tibia (20\u00b0C) durante cinco minutos, sin exceder de una hora. Esc\u00farralo, col\u00f3quelo en la bolsa de cultivo con 200-250 ml de agua, ci\u00e9rrelo con clips y gu\u00e1rdelo a 20-25\u00b0C, evitando la luz solar, hasta que se formen cabezas de alfiler en 10-20 d\u00edas.<\/p>\n<p dir=\"auto\">Una vez que aparezcan cabezas de alfiler, ventile la bolsa a diario y roc\u00edela ligeramente. Coseche justo antes de que se rompa el velo, retorciendo las setas y repitiendo el proceso hasta tres veces. Este sencillo proceso garantiza cosechas abundantes y de gran calidad, lo que convierte el cultivo en una experiencia accesible y gratificante para todos los niveles.<\/p>\n<h2 dir=\"auto\">Ingredientes de las setas Mexican<\/h2>\n<p dir=\"auto\">El kit de cultivo todo en uno para las setas Mexican incluye un sustrato preenvasado optimizado para el crecimiento, una bolsa de cultivo con filtros de aire y dos clips para mantener un entorno controlado. El sustrato admite hasta tres cosechas con s\u00f3lo agua tibia (20\u00b0C), aprovechando la psilocibina natural de las setas, que se convierte en psilocina para producir efectos psicod\u00e9licos.<\/p>\n<p dir=\"auto\">No se requieren nutrientes o productos qu\u00edmicos adicionales, lo que garantiza un proceso natural. Este dise\u00f1o aerodin\u00e1mico ofrece setas Mexican consistentes y de alta calidad, por lo que el cultivo sencillo y eficaz para los principiantes y los cultivadores experimentados que buscan el viaje energizante y aut\u00e9ntico de la cepa.<\/p>\n<p dir=\"auto\"><strong>Advertencia<\/strong><\/p>\n<p dir=\"auto\">Mexican Las setas contienen psilocibina y psilocina, potentes alucin\u00f3genos que alteran el estado de \u00e1nimo, la percepci\u00f3n y la cognici\u00f3n a trav\u00e9s del sistema de serotonina del cerebro. Cons\u00famalas con precauci\u00f3n en un entorno seguro debido a sus fuertes efectos, y sea consciente de la experiencia psicod\u00e9lica.<\/p>\n<p dir=\"auto\">Guarde las setas y el kit de cultivo fuera del alcance de los ni\u00f1os para evitar su ingesti\u00f3n accidental. Consulte a un profesional si no est\u00e1 seguro de los efectos o interacciones, garantizando un uso responsable en un entorno controlado para una experiencia segura.<\/p>","protected":false},"excerpt":{"rendered":"<p>La sensaci\u00f3n c\u00e1lida y acogedora de estas setas m\u00e1gicas las convierte en la variedad perfecta para principiantes. Su bajo nivel de potencia permite que la gente se tome su tiempo para adaptarse y as\u00ed poder disfrutar plenamente de esta experiencia especial sin miedo ni preocupaciones. Las Mexican te traen risas, diversi\u00f3n y hacen que tu viaje sea de lo m\u00e1s acogedor.<\/p>","protected":false},"featured_media":36049,"template":"","meta":[],"product_brand":[],"product_cat":[399,297,833,400,398,384],"product_tag":[978],"class_list":{"0":"post-36019","1":"product","2":"type-product","3":"status-publish","4":"has-post-thumbnail","6":"product_cat-shroomshop","7":"product_cat-all-products","8":"product_cat-beginner-magic-mushrooms","9":"product_cat-magic-mushroom-grow-kits","10":"product_cat-mushrooms","11":"product_cat-smartshop","12":"product_tag-shrdeal","13":"product_shipping_class-group-7","15":"first","16":"instock","17":"taxable","18":"shipping-taxable","19":"purchasable","20":"product-type-variable","21":"has-default-attributes"},"_links":{"self":[{"href":"https:\/\/www.headshop.nl\/es\/wp-json\/wp\/v2\/product\/36019","targetHints":{"allow":["GET"]}}],"collection":[{"href":"https:\/\/www.headshop.nl\/es\/wp-json\/wp\/v2\/product"}],"about":[{"href":"https:\/\/www.headshop.nl\/es\/wp-json\/wp\/v2\/types\/product"}],"wp:featuredmedia":[{"embeddable":true,"href":"https:\/\/www.headshop.nl\/es\/wp-json\/wp\/v2\/media\/36049"}],"wp:attachment":[{"href":"https:\/\/www.headshop.nl\/es\/wp-json\/wp\/v2\/media?parent=36019"}],"wp:term":[{"taxonomy":"product_brand","embeddable":true,"href":"https:\/\/www.headshop.nl\/es\/wp-json\/wp\/v2\/product_brand?post=36019"},{"taxonomy":"product_cat","embeddable":true,"href":"https:\/\/www.headshop.nl\/es\/wp-json\/wp\/v2\/product_cat?post=36019"},{"taxonomy":"product_tag","embeddable":true,"href":"https:\/\/www.headshop.nl\/es\/wp-json\/wp\/v2\/product_tag?post=36019"}],"curies":[{"name":"wp","href":"https:\/\/api.w.org\/{rel}","templated":true}]}}