{"id":36007,"date":"2021-08-22T11:55:02","date_gmt":"2021-08-22T11:55:02","guid":{"rendered":"https:\/\/www.headshop.nl\/?post_type=product&#038;p=36007"},"modified":"2025-10-21T06:36:16","modified_gmt":"2025-10-21T06:36:16","slug":"b-magic-mushroom-grow-kit","status":"publish","type":"product","link":"https:\/\/www.headshop.nl\/es\/b-magic-mushroom-grow-kit\/","title":{"rendered":"B+ Kit de cultivo de setas m\u00e1gicas"},"content":{"rendered":"<h2 dir=\"auto\">\u00bfQu\u00e9 son las setas m\u00e1gicas B+?<\/h2>\n<p dir=\"auto\">El kit de cultivo todo en uno B+ es una soluci\u00f3n f\u00e1cil de usar para cultivar las setas m\u00e1gicas B+, conocidas por su gran tama\u00f1o y sus potentes efectos psicod\u00e9licos. El kit, que incluye un sustrato preparado, una bolsa de cultivo con filtros de aire y dos clips, s\u00f3lo necesita agua y unas sencillas instrucciones para producir hasta 400 gramos en la primera descarga de un kit de 1.200 cc, con tres cosechas posibles.<\/p>\n<p dir=\"auto\">Almacenado en un frigor\u00edfico, el kit sigue siendo viable durante seis meses, aunque su vida \u00fatil es limitada fuera del almacenamiento en fr\u00edo. Ideal para principiantes y cultivadores experimentados, el crecimiento robusto de la cepa B+ y sus experiencias v\u00edvidas e impulsadas por la psilocibina hacen de este kit una opci\u00f3n fiable para un viaje de cultivo gratificante.<\/p>\n<h2 dir=\"auto\">Historia de las setas m\u00e1gicas B+<\/h2>\n<p dir=\"auto\">Surgida en la d\u00e9cada de 1990, la cepa B+ se desarroll\u00f3 por su resistencia y altos rendimientos, gan\u00e1ndose su nombre por sus setas \"m\u00e1s grandes\" y \"mejores\". Su naturaleza indulgente y su capacidad para prosperar en condiciones variadas la convirtieron r\u00e1pidamente en una de las favoritas de los cultivadores caseros, consolidando su lugar en la comunidad psicod\u00e9lica.<\/p>\n<p dir=\"auto\">El B+ All-in-One GrowKit se basa en este legado, ofreciendo a los cultivadores modernos una forma accesible de cultivar esta cepa ic\u00f3nica. Equilibrando el cultivo hist\u00f3rico de setas con la comodidad contempor\u00e1nea, la B+ sigue siendo un s\u00edmbolo de calidad, invitando a los usuarios a explorar sus efectos intensos e introspectivos y su rica herencia psicod\u00e9lica.<\/p>\n<h2 dir=\"auto\">C\u00f3mo utilizar el kit de cultivo todo en uno B+<\/h2>\n<p dir=\"auto\">Para utilizar el B+ All-in-One GrowKit, l\u00e1vese las manos y limpie el exterior del kit, luego sum\u00e9rjalo en agua tibia (20\u00b0C) durante cinco minutos con la tapa puesta, sin exceder una hora. Esc\u00farralo durante diez segundos, col\u00f3quelo en la bolsa de cultivo con 200-250 ml de agua, ci\u00e9rrelo con clips y gu\u00e1rdelo a 20-25\u00b0C, evitando la luz solar, hasta que se formen cabezas de alfiler en 10-20 d\u00edas.<\/p>\n<p dir=\"auto\">Una vez que aparezcan cabezas de alfiler, ventile la bolsa a diario y roc\u00edela ligeramente. Coseche justo antes de que se rompa el velo retorciendo las setas hacia fuera, repitiendo la operaci\u00f3n hasta tres veces. Este sencillo m\u00e9todo garantiza m\u00faltiples cosechas de potentes setas B+ con el m\u00ednimo esfuerzo y unos resultados \u00f3ptimos.<\/p>\n<h2 dir=\"auto\">Ingredientes del kit de cultivo todo en uno B+<\/h2>\n<p dir=\"auto\">El B+ All-in-One GrowKit incluye un sustrato preinoculado de materiales org\u00e1nicos como granos, dise\u00f1ado para fomentar un crecimiento robusto del micelio B+. Una bolsa de cultivo con filtros de aire y dos clips mantiene la humedad y el intercambio de aire, y s\u00f3lo requiere agua para activarse, sin productos qu\u00edmicos ni fertilizantes a\u00f1adidos.<\/p>\n<p dir=\"auto\">La psilocibina y la psilocina naturales de la cepa B+ impulsan sus efectos psicod\u00e9licos, inherentes a los hongos. Este sistema aut\u00f3nomo de alta calidad admite m\u00faltiples flushes, garantizando cosechas consistentes y potentes a la vez que simplifica el cultivo para los cultivadores que buscan una experiencia aut\u00e9ntica y eficiente.<\/p>\n<p dir=\"auto\"><strong>Advertencia<\/strong><\/p>\n<p dir=\"auto\">Las setas m\u00e1gicas B+ contienen psilocibina y psilocina, potentes alucin\u00f3genos que alteran la percepci\u00f3n, el estado de \u00e1nimo y la cognici\u00f3n, pudiendo provocar alucinaciones v\u00edvidas. Cons\u00famalas con precauci\u00f3n en un entorno seguro y evite su consumo si padece trastornos mentales o toma medicamentos que afecten a la serotonina.<\/p>\n<p dir=\"auto\">Guarde el kit y las setas fuera del alcance de los ni\u00f1os y los animales dom\u00e9sticos para evitar su ingesti\u00f3n accidental. El uso responsable y el conocimiento de los efectos de estos compuestos psicoactivos son cruciales para una experiencia segura y controlada.<\/p>","protected":false},"excerpt":{"rendered":"<p>\u00a1La popularidad de esta cepa es cada vez mayor B+ cepa viene principalmente debido a su masividad pura! Este hongo m\u00e1gico es amado por muchos debido a la cantidad loca y el tama\u00f1o que se obtiene cuando se cultiva. La potencia var\u00eda de media a fuerte, pero con la ventaja a\u00f1adida de que despu\u00e9s de la cosecha se produce un gran brote que no hace da\u00f1o a nadie.<\/p>","protected":false},"featured_media":36067,"template":"","meta":[],"product_brand":[],"product_cat":[399,297,833,400,398,384],"product_tag":[978],"class_list":{"0":"post-36007","1":"product","2":"type-product","3":"status-publish","4":"has-post-thumbnail","6":"product_cat-shroomshop","7":"product_cat-all-products","8":"product_cat-beginner-magic-mushrooms","9":"product_cat-magic-mushroom-grow-kits","10":"product_cat-mushrooms","11":"product_cat-smartshop","12":"product_tag-shrdeal","13":"product_shipping_class-group-7","15":"first","16":"instock","17":"taxable","18":"shipping-taxable","19":"purchasable","20":"product-type-variable","21":"has-default-attributes"},"_links":{"self":[{"href":"https:\/\/www.headshop.nl\/es\/wp-json\/wp\/v2\/product\/36007","targetHints":{"allow":["GET"]}}],"collection":[{"href":"https:\/\/www.headshop.nl\/es\/wp-json\/wp\/v2\/product"}],"about":[{"href":"https:\/\/www.headshop.nl\/es\/wp-json\/wp\/v2\/types\/product"}],"wp:featuredmedia":[{"embeddable":true,"href":"https:\/\/www.headshop.nl\/es\/wp-json\/wp\/v2\/media\/36067"}],"wp:attachment":[{"href":"https:\/\/www.headshop.nl\/es\/wp-json\/wp\/v2\/media?parent=36007"}],"wp:term":[{"taxonomy":"product_brand","embeddable":true,"href":"https:\/\/www.headshop.nl\/es\/wp-json\/wp\/v2\/product_brand?post=36007"},{"taxonomy":"product_cat","embeddable":true,"href":"https:\/\/www.headshop.nl\/es\/wp-json\/wp\/v2\/product_cat?post=36007"},{"taxonomy":"product_tag","embeddable":true,"href":"https:\/\/www.headshop.nl\/es\/wp-json\/wp\/v2\/product_tag?post=36007"}],"curies":[{"name":"wp","href":"https:\/\/api.w.org\/{rel}","templated":true}]}}