{"id":35998,"date":"2021-08-24T11:19:03","date_gmt":"2021-08-24T11:19:03","guid":{"rendered":"https:\/\/www.headshop.nl\/?post_type=product&#038;p=35998"},"modified":"2026-05-04T13:26:17","modified_gmt":"2026-05-04T13:26:17","slug":"golden-teacher-magic-mushroom-grow-kit","status":"publish","type":"product","link":"https:\/\/www.headshop.nl\/es\/golden-teacher-magic-mushroom-grow-kit\/","title":{"rendered":"Golden Teacher Kit de cultivo de setas m\u00e1gicas"},"content":{"rendered":"<h2 dir=\"auto\">\u00bfQu\u00e9 son los Golden Teacher?<\/h2>\n<p dir=\"auto\">Las Golden Teacher son una distinguida variedad de setas m\u00e1gicas, reconocidas por sus grandes capuchones dorados y sus potentes efectos transformadores. El All-in-One GrowKit simplifica el cultivo en casa, incluyendo una bolsa de cultivo con filtros de aire y clips, requiriendo s\u00f3lo agua e instrucciones b\u00e1sicas para producir alrededor de 400 gramos en la primera descarga de un kit de 1200cc, con hasta tres cosechas posibles.<\/p>\n<p dir=\"auto\">Almacenado en un ambiente fresco, el kit sigue siendo viable durante unos seis meses, aunque su vida \u00fatil es limitada fuera de la refrigeraci\u00f3n. Ideal tanto para principiantes como para entusiastas, la Golden Teacher ofrece una potente experiencia psicod\u00e9lica, superando a cepas como la Colombian o la Ecuadorian, lo que la convierte en una opci\u00f3n popular para explorar los psicod\u00e9licos.<\/p>\n<h2 dir=\"auto\">Historia de los Golden Teacher<\/h2>\n<p dir=\"auto\">Se cree que las Golden Teacher surgieron en la d\u00e9cada de 1980 y se ganaron su nombre por sus capuchones dorados y sus profundos y perspicaces efectos, aunque sus or\u00edgenes exactos siguen sin estar claros. Ganando adeptos en la comunidad psicod\u00e9lica, llegaron a ser apreciadas por sus cualidades espirituales e introspectivas, difundi\u00e9ndose a trav\u00e9s de cultivadores dedicados y del boca a boca.<\/p>\n<p dir=\"auto\">El GrowKit Todo en Uno revolucion\u00f3 su cultivo, haci\u00e9ndolo accesible sin necesidad de conocimientos especializados. Hoy en d\u00eda, las Golden Teacher son una piedra angular del movimiento psicod\u00e9lico, valoradas por su consistencia e importancia cultural en el fomento de la sabidur\u00eda y la iluminaci\u00f3n, tendiendo un puente entre la reverencia hist\u00f3rica y las pr\u00e1cticas de cultivo modernas.<\/p>\n<h2 dir=\"auto\">C\u00f3mo utilizar los Golden Teacher<\/h2>\n<p dir=\"auto\">Para cultivar Golden Teachers, limpie el exterior del GrowKit, sum\u00e9rjalo en agua tibia (20\u00b0C) durante cinco minutos (no m\u00e1s de una hora), esc\u00farralo y col\u00f3quelo en la bolsa de cultivo con 200-250ml de agua. S\u00e9llelo con clips y gu\u00e1rdelo a 20-25\u00b0C, evitando la luz solar, hasta que se formen cabezas de alfiler en 10-20 d\u00edas, manteniendo niveles altos de humedad y CO2.<\/p>\n<p dir=\"auto\">Una vez que aparezcan las cabezas de los champi\u00f1ones, ventile la bolsa a diario y roc\u00edela ligeramente. Cosechar justo antes de que se rompa el velo retorciendo las setas hacia fuera, repitiendo la operaci\u00f3n para brotes adicionales. Cons\u00famelas con precauci\u00f3n, con una dosis baja y en un entorno seguro, para experimentar sus v\u00edvidas alucinaciones e intuiciones espirituales, evitando otras sustancias.<\/p>\n<h2 dir=\"auto\">Ingredientes de los Golden Teacher<\/h2>\n<p dir=\"auto\">Las Golden Teacher contienen psilocibina, que se convierte en psilocina, y compuestos traza, que impulsan sus potentes efectos alucin\u00f3genos a trav\u00e9s de la interacci\u00f3n con los receptores de serotonina. El kit de cultivo todo en uno incluye un sustrato est\u00e9ril de materiales org\u00e1nicos como vermiculita, perlita y cereales, optimizado para el crecimiento, adem\u00e1s de una bolsa de cultivo con filtros de aire y clips, que s\u00f3lo necesita agua.<\/p>\n<p dir=\"auto\">No se utilizan productos qu\u00edmicos ni aditivos, lo que garantiza un proceso natural. El mayor contenido de psilocibina distingue a los Golden Teacher, proporcionando setas consistentes y puras. Esta configuraci\u00f3n sencilla y org\u00e1nica favorece un cultivo fiable, en l\u00ednea con su reputaci\u00f3n de exploraci\u00f3n espiritual y psicol\u00f3gica.<\/p>\n<p dir=\"auto\"><strong>Advertencia<\/strong><\/p>\n<p dir=\"auto\">Los Golden Teacher contienen psilocibina y psilocina, potentes alucin\u00f3genos que alteran el estado de \u00e1nimo, la percepci\u00f3n y la cognici\u00f3n, pudiendo provocar alucinaciones intensas. Cons\u00famelos con precauci\u00f3n, con una dosis peque\u00f1a y en un entorno seguro, evitando su consumo si padeces trastornos mentales, tomas medicamentos que afectan a la serotonina o est\u00e1s embarazada o en periodo de lactancia.<\/p>\n<p dir=\"auto\">Guarda las setas y el GrowKit fuera del alcance de los ni\u00f1os. Nunca la combines con alcohol o drogas, y comprueba la situaci\u00f3n legal de la psilocibina en tu regi\u00f3n antes de cultivarla o consumirla para garantizar un uso responsable y seguro.<\/p>","protected":false},"excerpt":{"rendered":"<p>Los hongos Golden Teacher son la variedad de hongos m\u00e1gicos m\u00e1s popular para cultivar. Puede que no sean perfectas para principiantes, pero ofrecen un s\u00f3lido nivel de resistencia y un r\u00e1pido crecimiento. Estas setas tambi\u00e9n tienen un tama\u00f1o generoso, \u00a1lo que hace que sean adoradas por muchos! \u00bfA qui\u00e9n no le gusta la Golden Teacher?<\/p>","protected":false},"featured_media":36091,"template":"","meta":[],"product_brand":[],"product_cat":[399,297,400,398,626,384,625,834],"product_tag":[1039],"class_list":{"0":"post-35998","1":"product","2":"type-product","3":"status-publish","4":"has-post-thumbnail","6":"product_cat-shroomshop","7":"product_cat-all-products","8":"product_cat-magic-mushroom-grow-kits","9":"product_cat-mushrooms","10":"product_cat-shroomshop-top-10","11":"product_cat-smartshop","12":"product_cat-smartshop-top-10","13":"product_cat-strong-magic-mushrooms","14":"product_tag-triple-deal","15":"product_shipping_class-group-7","17":"first","18":"instock","19":"taxable","20":"shipping-taxable","21":"purchasable","22":"product-type-variable","23":"has-default-attributes"},"_links":{"self":[{"href":"https:\/\/www.headshop.nl\/es\/wp-json\/wp\/v2\/product\/35998","targetHints":{"allow":["GET"]}}],"collection":[{"href":"https:\/\/www.headshop.nl\/es\/wp-json\/wp\/v2\/product"}],"about":[{"href":"https:\/\/www.headshop.nl\/es\/wp-json\/wp\/v2\/types\/product"}],"wp:featuredmedia":[{"embeddable":true,"href":"https:\/\/www.headshop.nl\/es\/wp-json\/wp\/v2\/media\/36091"}],"wp:attachment":[{"href":"https:\/\/www.headshop.nl\/es\/wp-json\/wp\/v2\/media?parent=35998"}],"wp:term":[{"taxonomy":"product_brand","embeddable":true,"href":"https:\/\/www.headshop.nl\/es\/wp-json\/wp\/v2\/product_brand?post=35998"},{"taxonomy":"product_cat","embeddable":true,"href":"https:\/\/www.headshop.nl\/es\/wp-json\/wp\/v2\/product_cat?post=35998"},{"taxonomy":"product_tag","embeddable":true,"href":"https:\/\/www.headshop.nl\/es\/wp-json\/wp\/v2\/product_tag?post=35998"}],"curies":[{"name":"wp","href":"https:\/\/api.w.org\/{rel}","templated":true}]}}