{"id":35989,"date":"2021-08-19T11:15:21","date_gmt":"2021-08-19T11:15:21","guid":{"rendered":"https:\/\/www.headshop.nl\/?post_type=product&#038;p=35989"},"modified":"2025-06-06T06:34:52","modified_gmt":"2025-06-06T06:34:52","slug":"baby-hawaiian-woodrose-seeds","status":"publish","type":"product","link":"https:\/\/www.headshop.nl\/es\/baby-hawaiian-woodrose-seeds\/","title":{"rendered":"Baby Hawaiian Woodrose Semillas"},"content":{"rendered":"<h2 data-start=\"0\" data-end=\"35\">\u00bfQu\u00e9 son las semillas de Argyreia Nervosa?<\/h2>\n<p data-start=\"37\" data-end=\"678\">Las semillas de Argyreia Nervosa, tambi\u00e9n conocidas como Baby Hawaiian Woodrose, son las semillas de una planta trepadora originaria de la India. Estas semillas contienen una sustancia psicoactiva llamada LSA (Lysergic Acid Amide), que puede inducir efectos psicod\u00e9licos leves cuando se consume. A diferencia de otros alucin\u00f3genos, los efectos suelen ser leves y carecen de las intensas alucinaciones t\u00edpicamente asociadas a sustancias como la LSD. Los usuarios suelen experimentar sensaciones coloridas, v\u00edvidas y m\u00edsticas que alteran su estado de conciencia. La planta se utiliza con diversos fines, incluida la medicina tradicional y el uso recreativo, y ofrece beneficios tanto terap\u00e9uticos como psicoactivos.<\/p>\n<p data-start=\"680\" data-end=\"1107\">Las semillas de Argyreia Nervosa tienen una larga historia de uso medicinal en la India. Sin embargo, se hicieron m\u00e1s conocidas por sus efectos psicoactivos tras su introducci\u00f3n en el mundo occidental, especialmente en Hawai. Hoy en d\u00eda, las semillas de Baby Hawaiian Woodrose se buscan tanto con fines espirituales como recreativos. La planta sigue siendo objeto de estudio por su rica historia y sus beneficios potenciales m\u00e1s all\u00e1 de sus propiedades de alteraci\u00f3n mental.<\/p>\n<h2 data-start=\"1109\" data-end=\"1145\">Historia de las semillas de Argyreia Nervosa<\/h2>\n<p data-start=\"1147\" data-end=\"1526\">La Argyreia Nervosa tiene profundas ra\u00edces tanto en la medicina tradicional como en el uso psicoactivo. Originaria de la India, ha sido valorada por sus propiedades medicinales durante siglos. En la India antigua, la planta se utilizaba para tratar diversas dolencias, como problemas respiratorios, diabetes y artritis. Tambi\u00e9n se consideraba afrodis\u00edaca, y algunos sugieren que ten\u00eda efectos potenciadores de la libido.<\/p>\n<p data-start=\"1528\" data-end=\"1911\">La planta atrajo la atenci\u00f3n internacional cuando los europeos la encontraron en Hawai, donde se utilizaba no s\u00f3lo por sus cualidades medicinales, sino tambi\u00e9n como sedante. Fue en esta \u00e9poca cuando se descubrieron las propiedades psicoactivas de las semillas, lo que llev\u00f3 a asociarlas con experiencias psicod\u00e9licas. El nombre \"Hawaiian Woodrose\" se acu\u00f1\u00f3 debido a su popularidad en la regi\u00f3n.<\/p>\n<p data-start=\"1913\" data-end=\"2224\">M\u00e1s tarde, el qu\u00edmico suizo Albert Hoffman, que tambi\u00e9n descubri\u00f3 la LSD, aisl\u00f3 el LSA. Descubri\u00f3 que el LSA se encuentra de forma natural en ciertas plantas, entre ellas la Argyreia Nervosa. Entre ellas, la Argyreia Nervosa contiene la mayor concentraci\u00f3n de LSA, lo que hace que sus semillas sean especialmente valiosas tanto para usos recreativos como medicinales.<\/p>\n<h2 data-start=\"2226\" data-end=\"2262\">C\u00f3mo utilizar las semillas de Argyreia Nervosa<\/h2>\n<p data-start=\"2264\" data-end=\"2645\">Existen varios m\u00e9todos para consumir las semillas de Argyreia Nervosa, cada uno de los cuales ofrece una experiencia ligeramente diferente. Tradicionalmente, las semillas se mastican, lo que ayuda a liberar el LSA, provocando una aparici\u00f3n gradual de los efectos, normalmente en una hora. Los efectos pueden durar varias horas, con sensaciones de euforia, im\u00e1genes v\u00edvidas y una mayor sensibilidad al sonido y la luz.<\/p>\n<p data-start=\"2647\" data-end=\"2960\">Algunas personas prefieren moler las semillas hasta convertirlas en polvo y mezclarlas con alimentos o agua para enmascarar su amargor natural. Este m\u00e9todo puede alterar el tiempo de aparici\u00f3n y la intensidad de los efectos. Es importante tener en cuenta que la experiencia puede variar mucho en funci\u00f3n de factores como el metabolismo, el entorno y la ingesta previa de alimentos.<\/p>\n<p data-start=\"2962\" data-end=\"3348\">Al consumir semillas de Argyreia Nervosa, es fundamental hacerlo con precauci\u00f3n, sobre todo si es la primera vez. Empieza con una dosis peque\u00f1a para evaluar tu tolerancia, y ten en cuenta el entorno y tu estado mental, ya que pueden influir en los efectos. Siempre se recomienda consumirlas en un entorno seguro y c\u00f3modo, preferiblemente con un compa\u00f1ero de confianza que gu\u00ede la experiencia.<\/p>\n<h2 data-start=\"3350\" data-end=\"3390\">Ingredientes de las semillas de Argyreia Nervosa<\/h2>\n<p data-start=\"3392\" data-end=\"3919\">El principal compuesto activo de las semillas de Argyreia Nervosa es el LSA (amida del \u00e1cido lis\u00e9rgico), una sustancia natural de la misma familia qu\u00edmica que el LSD. El LSA es conocido por sus leves efectos psicoactivos, que pueden alterar la percepci\u00f3n, inducir euforia y mejorar la visi\u00f3n. Las semillas tambi\u00e9n contienen otros compuestos, incluidos alcaloides, que contribuyen a las propiedades medicinales de la planta. Estas sustancias adicionales pueden tener efectos antiinflamatorios, analg\u00e9sicos y antiespasm\u00f3dicos, lo que hace que las semillas sean beneficiosas en la medicina tradicional.<\/p>\n<p data-start=\"3921\" data-end=\"4310\">Adem\u00e1s del LSA, las semillas contienen una serie de compuestos naturales que se cree contribuyen a su potencial terap\u00e9utico. Esta combinaci\u00f3n de sustancias psicoactivas y medicinales es la raz\u00f3n por la que las semillas de Argyreia Nervosa se han utilizado durante siglos tanto con fines recreativos como medicinales. Sin embargo, debido a la naturaleza impredecible de sus efectos, se recomienda utilizar estas semillas de forma responsable.<\/p>\n<p data-start=\"4312\" data-end=\"4559\">El LSA, al estar estrechamente relacionado con el LSD, interact\u00faa con los receptores de serotonina del cerebro, lo que provoca una alteraci\u00f3n de las percepciones sensoriales. Aunque sus efectos son m\u00e1s leves que los de la LSD, la LSA puede seguir proporcionando una experiencia \u00fanica e introspectiva cuando se utiliza con precauci\u00f3n.<\/p>\n<p data-start=\"4561\" data-end=\"4571\"><strong>Advertencia<\/strong><\/p>\n<p data-start=\"4573\" data-end=\"5021\" data-is-last-node=\"\">Es importante tener precauci\u00f3n al consumir semillas de Argyreia Nervosa debido a su contenido psicoactivo. Los efectos pueden variar significativamente seg\u00fan el individuo y el m\u00e9todo de consumo. El uso excesivo o indebido puede provocar experiencias desagradables y, en algunos casos, efectos adversos para la salud. Aseg\u00farate siempre de estar en un entorno seguro y controlado cuando consumas estas semillas, y empieza con una dosis peque\u00f1a si no est\u00e1s familiarizado con sus efectos.<\/p>","protected":false},"excerpt":{"rendered":"<p>La Argyreia Nervosa, com\u00fanmente conocida como Baby Hawaiian Woodrose, es una planta cuyas semillas contienen LSA, un compuesto psicoactivo. El consumo de tan s\u00f3lo seis semillas puede provocar una experiencia psicod\u00e9lica leve, caracterizada por sensaciones v\u00edvidas y m\u00edsticas. Originaria de la India, se ha utilizado durante siglos en la medicina tradicional para tratar dolencias como la diabetes, los problemas respiratorios y la artritis, adem\u00e1s de considerarse afrodis\u00edaca. En Hawai, las semillas son reconocidas por sus efectos sedantes y se incorporan desde hace tiempo a las pr\u00e1cticas locales.<\/p>","protected":false},"featured_media":81931,"template":"","meta":[],"product_brand":[],"product_cat":[388,297,818,406,384],"product_tag":[],"class_list":{"0":"post-35989","1":"product","2":"type-product","3":"status-publish","4":"has-post-thumbnail","6":"product_cat-lsa-seeds","7":"product_cat-all-products","8":"product_cat-mcmystic","9":"product_cat-psychedelic-herbs","10":"product_cat-smartshop","11":"product_shipping_class-not-allowed-group-3","13":"first","14":"instock","15":"taxable","16":"shipping-taxable","17":"purchasable","18":"product-type-variable","19":"has-default-attributes"},"_links":{"self":[{"href":"https:\/\/www.headshop.nl\/es\/wp-json\/wp\/v2\/product\/35989","targetHints":{"allow":["GET"]}}],"collection":[{"href":"https:\/\/www.headshop.nl\/es\/wp-json\/wp\/v2\/product"}],"about":[{"href":"https:\/\/www.headshop.nl\/es\/wp-json\/wp\/v2\/types\/product"}],"wp:featuredmedia":[{"embeddable":true,"href":"https:\/\/www.headshop.nl\/es\/wp-json\/wp\/v2\/media\/81931"}],"wp:attachment":[{"href":"https:\/\/www.headshop.nl\/es\/wp-json\/wp\/v2\/media?parent=35989"}],"wp:term":[{"taxonomy":"product_brand","embeddable":true,"href":"https:\/\/www.headshop.nl\/es\/wp-json\/wp\/v2\/product_brand?post=35989"},{"taxonomy":"product_cat","embeddable":true,"href":"https:\/\/www.headshop.nl\/es\/wp-json\/wp\/v2\/product_cat?post=35989"},{"taxonomy":"product_tag","embeddable":true,"href":"https:\/\/www.headshop.nl\/es\/wp-json\/wp\/v2\/product_tag?post=35989"}],"curies":[{"name":"wp","href":"https:\/\/api.w.org\/{rel}","templated":true}]}}