{"id":35988,"date":"2021-08-19T11:15:20","date_gmt":"2021-08-19T11:15:20","guid":{"rendered":"https:\/\/www.headshop.nl\/?post_type=product&#038;p=35988"},"modified":"2025-06-06T06:35:40","modified_gmt":"2025-06-06T06:35:40","slug":"morning-glory-seeds","status":"publish","type":"product","link":"https:\/\/www.headshop.nl\/es\/morning-glory-seeds\/","title":{"rendered":"Morning Glory Semillas"},"content":{"rendered":"<h2 data-start=\"0\" data-end=\"32\">\u00bfQu\u00e9 son las semillas Morning Glory?<\/h2>\n<p data-start=\"34\" data-end=\"742\">Las semillas de Morning Glory, en particular las de la planta Ipomoea Purpurea, son reconocidas por sus propiedades psicoactivas. Estas semillas contienen amida de \u00e1cido lis\u00e9rgico (LSA), un compuesto qu\u00edmicamente relacionado con el LSD, conocido por inducir experiencias introspectivas, meditativas y ocasionalmente visionarias. Durante siglos, las culturas ind\u00edgenas, especialmente en Sudam\u00e9rica, han utilizado estas semillas de diversas formas para mejorar las pr\u00e1cticas espirituales. M\u00e1s all\u00e1 de sus hermosas flores, las semillas Morning Glory sirven como puerta de entrada a estados alterados de conciencia. Los efectos psicoactivos de las semillas dependen del entorno y del estado mental del usuario, lo que significa que la experiencia puede variar enormemente en funci\u00f3n del entorno y la mentalidad de cada uno.<\/p>\n<h2 data-start=\"744\" data-end=\"777\">Historia de las semillas Morning Glory<\/h2>\n<p data-start=\"779\" data-end=\"1551\">El uso de las semillas de Ipomoea Purpurea se remonta a miles de a\u00f1os. Las tribus ind\u00edgenas de Sudam\u00e9rica fueron de las primeras en reconocer y utilizar las propiedades psicoactivas de la planta Morning Glory. Normalmente mol\u00edan las semillas y las remojaban en agua o alcohol para extraer el compuesto activo, el LSA. Este m\u00e9todo minimizaba los efectos secundarios no deseados, permitiendo una experiencia m\u00e1s manejable y concentrada. Estos conocimientos se transmit\u00edan de generaci\u00f3n en generaci\u00f3n y se utilizaban a menudo en pr\u00e1cticas espirituales o ceremoniales. La identificaci\u00f3n cient\u00edfica del LSA lleg\u00f3 m\u00e1s tarde, en la d\u00e9cada de 1960, cuando los investigadores descubrieron su similitud qu\u00edmica con el LSD. Este v\u00ednculo atrajo una mayor atenci\u00f3n hacia las semillas, lo que condujo tanto a la exploraci\u00f3n cient\u00edfica como a un mayor inter\u00e9s recreativo por sus efectos.<\/p>\n<h2 data-start=\"1553\" data-end=\"1586\">C\u00f3mo utilizar las semillas Morning Glory<\/h2>\n<p data-start=\"1588\" data-end=\"2423\">Las semillas de Morning Glory deben utilizarse con precauci\u00f3n debido a sus potentes efectos psicoactivos. El m\u00e9todo tradicional de consumo consiste en moler las semillas hasta obtener un polvo fino y remojarlas en agua o, preferiblemente, en alcohol. El alcohol ayuda a extraer m\u00e1s eficazmente los compuestos psicoactivos. Tras el remojo, las semillas se consumen normalmente con el est\u00f3mago vac\u00edo para obtener los efectos m\u00e1s potentes. Es importante empezar con una dosis peque\u00f1a y estar atento al entorno, ya que la experiencia puede ser intensa e impredecible. Muchos consumidores afirman haber experimentado una mayor introspecci\u00f3n, pensamientos meditativos e incluso visiones. Sin embargo, debido a los posibles efectos secundarios, como n\u00e1useas o mareos, es fundamental estar en un entorno tranquilo y seguro, sin distracciones. Aseg\u00farese siempre de estar en un estado mental positivo antes de consumir estas semillas.<\/p>\n<h2 data-start=\"2425\" data-end=\"2462\">Ingredientes de las semillas Morning Glory<\/h2>\n<p data-start=\"2464\" data-end=\"3180\">El principal compuesto psicoactivo de las semillas de Morning Glory es la amida del \u00e1cido lis\u00e9rgico (LSA), qu\u00edmicamente similar al LSD pero menos potente. El LSA es responsable de los efectos psicoactivos de las semillas, que incluyen percepciones alteradas, mayor introspecci\u00f3n y experiencias visionarias. Adem\u00e1s del LSA, las semillas contienen otros compuestos como alcaloides y amino\u00e1cidos, aunque el LSA sigue siendo el ingrediente activo clave. Las semillas tambi\u00e9n contienen fibras vegetales y nutrientes esenciales, pero \u00e9stos no contribuyen a sus efectos psicoactivos. La concentraci\u00f3n de LSA en las semillas puede variar en funci\u00f3n de las condiciones de cultivo de la planta y de la cepa espec\u00edfica, por lo que algunos lotes pueden producir experiencias m\u00e1s fuertes o m\u00e1s d\u00e9biles que otros.<\/p>\n<p data-start=\"3182\" data-end=\"3192\"><strong>Advertencia<\/strong><\/p>\n<p data-start=\"3194\" data-end=\"3789\" data-is-last-node=\"\">El consumo de semillas de Morning Glory puede provocar intensos efectos psicoactivos. Estos efectos pueden variar dependiendo del individuo, el entorno y la dosis. Es esencial abordar el uso de estas semillas con precauci\u00f3n y conciencia. Los efectos secundarios potenciales incluyen n\u00e1useas, mareos y malestar psicol\u00f3gico. Se recomienda utilizar las semillas Morning Glory en un entorno controlado y seguro. Las mujeres embarazadas, las personas con problemas de salud mental, o aquellos que toman medicamentos deben evitar el uso de estas semillas. Aseg\u00farese siempre de estar completamente informado sobre los riesgos potenciales antes de usarlas.<\/p>","protected":false},"excerpt":{"rendered":"<p>La Ipomoea Purpurea, tambi\u00e9n conocida como Morning Glory, es una planta llamativa admirada por sus hermosas flores azul-p\u00farpura y sus semillas psicoactivas. Estas semillas contienen amida de \u00e1cido lis\u00e9rgico (LSA), un compuesto relacionado con el LSD, y han sido utilizadas durante siglos por las culturas ind\u00edgenas por sus propiedades que alteran la mente. Cada paquete contiene 300 semillas.<\/p>","protected":false},"featured_media":81935,"template":"","meta":[],"product_brand":[],"product_cat":[388,297,818,406,384],"product_tag":[],"class_list":{"0":"post-35988","1":"product","2":"type-product","3":"status-publish","4":"has-post-thumbnail","6":"product_cat-lsa-seeds","7":"product_cat-all-products","8":"product_cat-mcmystic","9":"product_cat-psychedelic-herbs","10":"product_cat-smartshop","11":"product_shipping_class-not-allowed-group-3","13":"first","14":"instock","15":"taxable","16":"shipping-taxable","17":"purchasable","18":"product-type-variable","19":"has-default-attributes"},"_links":{"self":[{"href":"https:\/\/www.headshop.nl\/es\/wp-json\/wp\/v2\/product\/35988","targetHints":{"allow":["GET"]}}],"collection":[{"href":"https:\/\/www.headshop.nl\/es\/wp-json\/wp\/v2\/product"}],"about":[{"href":"https:\/\/www.headshop.nl\/es\/wp-json\/wp\/v2\/types\/product"}],"wp:featuredmedia":[{"embeddable":true,"href":"https:\/\/www.headshop.nl\/es\/wp-json\/wp\/v2\/media\/81935"}],"wp:attachment":[{"href":"https:\/\/www.headshop.nl\/es\/wp-json\/wp\/v2\/media?parent=35988"}],"wp:term":[{"taxonomy":"product_brand","embeddable":true,"href":"https:\/\/www.headshop.nl\/es\/wp-json\/wp\/v2\/product_brand?post=35988"},{"taxonomy":"product_cat","embeddable":true,"href":"https:\/\/www.headshop.nl\/es\/wp-json\/wp\/v2\/product_cat?post=35988"},{"taxonomy":"product_tag","embeddable":true,"href":"https:\/\/www.headshop.nl\/es\/wp-json\/wp\/v2\/product_tag?post=35988"}],"curies":[{"name":"wp","href":"https:\/\/api.w.org\/{rel}","templated":true}]}}