{"id":35987,"date":"2021-08-19T11:15:18","date_gmt":"2021-08-19T11:15:18","guid":{"rendered":"https:\/\/www.headshop.nl\/?post_type=product&#038;p=35987"},"modified":"2025-06-06T06:35:22","modified_gmt":"2025-06-06T06:35:22","slug":"ololiuqui-seeds","status":"publish","type":"product","link":"https:\/\/www.headshop.nl\/es\/ololiuqui-seeds\/","title":{"rendered":"Ololiuqui Semillas"},"content":{"rendered":"<h2 data-start=\"0\" data-end=\"27\">\u00bfQu\u00e9 es Rivea Corymbosa?<\/h2>\n<p data-start=\"29\" data-end=\"706\">La Rivea Corymbosa, com\u00fanmente conocida como Ololiuqui, es una especie vegetal de la familia de las \"Morning Glory\". Sus semillas, a menudo denominadas Ololiuqui, han sido utilizadas durante siglos por las culturas ind\u00edgenas de Mexico por sus propiedades psicoactivas y medicinales. La planta tiene flores blancas y sus semillas contienen el compuesto activo Amida del \u00c1cido Lis\u00e9rgico (LSA), una sustancia natural similar al LSD. Sin embargo, a diferencia del LSD, el LSA induce una experiencia psicod\u00e9lica m\u00e1s gradual e introspectiva, utilizada a menudo para la meditaci\u00f3n, el autodescubrimiento o los viajes visionarios. Estas experiencias se desarrollan a lo largo de varias horas, ofreciendo un viaje interno y controlado en lugar de intensas alucinaciones externas.<\/p>\n<p data-start=\"708\" data-end=\"997\">Hist\u00f3ricamente, los aztecas valoraban estas semillas por su significado espiritual, pues cre\u00edan que les ayudaban a conectarse con reinos superiores. En la actualidad, la Rivea Corymbosa sigue siendo utilizada por personas que buscan estados alterados de conciencia con fines meditativos e introspectivos.<\/p>\n<h2 data-start=\"999\" data-end=\"1028\">Historia de Rivea Corymbosa<\/h2>\n<p data-start=\"1030\" data-end=\"1386\">La Rivea Corymbosa tiene profundas ra\u00edces en las culturas Mesoamericanas, donde se utiliza desde hace m\u00e1s de mil a\u00f1os. Se sabe que los aztecas, una civilizaci\u00f3n avanzada, utilizaban las semillas en rituales sagrados. Las semillas se llamaban Ololiuqui, que significa \"semilla redonda\", y se cre\u00eda que ten\u00edan un significado espiritual, a menudo utilizadas por los chamanes durante las ceremonias religiosas.<\/p>\n<p data-start=\"1388\" data-end=\"1842\">Estas semillas desempe\u00f1aban un papel esencial en las pr\u00e1cticas cham\u00e1nicas, como la adivinaci\u00f3n, la introspecci\u00f3n y la b\u00fasqueda de la sabidur\u00eda. Los chamanes consum\u00edan las semillas para entrar en estados alterados de conciencia, lo que les permit\u00eda tener visiones y percepciones profundas que facilitaban la conexi\u00f3n divina. A pesar de su antiguo uso, los beneficios potenciales de la Rivea Corymbosa siguen siendo reconocidos hoy en d\u00eda, especialmente en comunidades centradas en el bienestar alternativo y la expansi\u00f3n de la conciencia.<\/p>\n<h2 data-start=\"1844\" data-end=\"1873\">C\u00f3mo utilizar Rivea Corymbosa<\/h2>\n<p data-start=\"1875\" data-end=\"2137\">Las semillas de Rivea Corymbosa suelen consumirse por sus efectos psicoactivos. El m\u00e9todo tradicional consiste en moler las semillas hasta obtener un polvo fino y remojarlas en agua caliente, lo que ayuda a activar el LSA, el compuesto psicoactivo responsable de la experiencia.<\/p>\n<p data-start=\"2139\" data-end=\"2475\">Se recomienda empezar con una peque\u00f1a dosis de unas 12 a 22 semillas. Despu\u00e9s de molerlas, rem\u00f3jelas en agua tibia durante varias horas. Una vez remojadas, el agua puede consumirse junto con las semillas ablandadas. Algunos usuarios prefieren masticar las semillas despu\u00e9s de remojarlas, pero esto puede causar molestias estomacales y debe hacerse con precauci\u00f3n.<\/p>\n<p data-start=\"2477\" data-end=\"2785\">Por lo general, los efectos tardan aproximadamente una hora en hacer efecto, con una duraci\u00f3n aproximada de 8 horas. La intensidad de la experiencia puede variar seg\u00fan el entorno y el estado mental del usuario. Lo mejor es consumir Rivea Corymbosa en un entorno tranquilo y apacible para apreciar plenamente sus efectos introspectivos y visionarios.<\/p>\n<p data-start=\"2787\" data-end=\"2797\"><strong>Advertencia<\/strong><\/p>\n<p data-start=\"2799\" data-end=\"3156\">La Rivea Corymbosa debe consumirse de forma responsable. El consumo excesivo de las semillas puede provocar efectos secundarios negativos, como n\u00e1useas y v\u00f3mitos, sobre todo en quienes no est\u00e1n acostumbrados a las sustancias psicoactivas. Empiece siempre con una dosis baja y aum\u00e9ntela gradualmente si es necesario. Es crucial asegurarse de que el entorno es seguro y propicio para una experiencia positiva.<\/p>\n<h2 data-start=\"3158\" data-end=\"3191\">Ingredientes de Rivea Corymbosa<\/h2>\n<p data-start=\"3193\" data-end=\"3547\">El principal ingrediente activo de la Rivea Corymbosa es la Amida de \u00c1cido Lis\u00e9rgico (LSA), un compuesto que comparte una estructura similar con el LSD. Aunque el LSA proporciona una experiencia psicod\u00e9lica, no provoca las intensas alucinaciones asociadas al LSD. En su lugar, ofrece un viaje m\u00e1s introspectivo y calmante, a menudo descrito como una experiencia suave que altera la mente.<\/p>\n<p data-start=\"3549\" data-end=\"3796\">Adem\u00e1s del LSA, las semillas contienen una variedad de alcaloides y compuestos bioactivos que contribuyen a los efectos psicoactivos. Estos compuestos influyen en el inicio gradual y la duraci\u00f3n prolongada de la experiencia, que suele durar varias horas.<\/p>\n<p data-start=\"3798\" data-end=\"4117\">Aunque el LSA es el compuesto m\u00e1s potente y significativo de las semillas, a\u00fan se est\u00e1 estudiando la composici\u00f3n qu\u00edmica exacta y sus interacciones con el organismo. Estos compuestos trabajan juntos para crear una experiencia psicod\u00e9lica \u00fanica y controlada, que distingue a la Rivea Corymbosa de otras sustancias de la misma categor\u00eda.<\/p>\n<p data-start=\"4119\" data-end=\"4129\"><strong>Advertencia<\/strong><\/p>\n<p data-start=\"4131\" data-end=\"4369\" data-is-last-node=\"\">Respete siempre las dosis recomendadas cuando utilice Rivea Corymbosa para evitar posibles efectos secundarios. Un consumo excesivo puede provocar n\u00e1useas, v\u00f3mitos y sensaciones de agobio, por lo que es esencial abordar su uso con cuidado y moderaci\u00f3n.<\/p>","protected":false},"excerpt":{"rendered":"<p>En la cultura tradicional azteca, las semillas Ololiuqui se utilizaban como planta cham\u00e1nica. Son ricas en LSA y tienen fuertes propiedades alucin\u00f3genas que, seg\u00fan se dice, proporcionan intensos efectos visuales como colores brillantes y todo tipo de formas que pueden adoptar m\u00faltiples dimensiones a la vez.<\/p>","protected":false},"featured_media":81937,"template":"","meta":[],"product_brand":[],"product_cat":[388,297,818,406,384],"product_tag":[],"class_list":{"0":"post-35987","1":"product","2":"type-product","3":"status-publish","4":"has-post-thumbnail","6":"product_cat-lsa-seeds","7":"product_cat-all-products","8":"product_cat-mcmystic","9":"product_cat-psychedelic-herbs","10":"product_cat-smartshop","11":"product_shipping_class-not-allowed-group-3","13":"first","14":"instock","15":"taxable","16":"shipping-taxable","17":"purchasable","18":"product-type-variable","19":"has-default-attributes"},"_links":{"self":[{"href":"https:\/\/www.headshop.nl\/es\/wp-json\/wp\/v2\/product\/35987","targetHints":{"allow":["GET"]}}],"collection":[{"href":"https:\/\/www.headshop.nl\/es\/wp-json\/wp\/v2\/product"}],"about":[{"href":"https:\/\/www.headshop.nl\/es\/wp-json\/wp\/v2\/types\/product"}],"wp:featuredmedia":[{"embeddable":true,"href":"https:\/\/www.headshop.nl\/es\/wp-json\/wp\/v2\/media\/81937"}],"wp:attachment":[{"href":"https:\/\/www.headshop.nl\/es\/wp-json\/wp\/v2\/media?parent=35987"}],"wp:term":[{"taxonomy":"product_brand","embeddable":true,"href":"https:\/\/www.headshop.nl\/es\/wp-json\/wp\/v2\/product_brand?post=35987"},{"taxonomy":"product_cat","embeddable":true,"href":"https:\/\/www.headshop.nl\/es\/wp-json\/wp\/v2\/product_cat?post=35987"},{"taxonomy":"product_tag","embeddable":true,"href":"https:\/\/www.headshop.nl\/es\/wp-json\/wp\/v2\/product_tag?post=35987"}],"curies":[{"name":"wp","href":"https:\/\/api.w.org\/{rel}","templated":true}]}}