{"id":35985,"date":"2021-08-19T10:52:41","date_gmt":"2021-08-19T10:52:41","guid":{"rendered":"https:\/\/www.headshop.nl\/?post_type=product&#038;p=35985"},"modified":"2025-06-06T06:35:55","modified_gmt":"2025-06-06T06:35:55","slug":"yopo-seeds","status":"publish","type":"product","link":"https:\/\/www.headshop.nl\/es\/yopo-seeds\/","title":{"rendered":"Yopo Semillas"},"content":{"rendered":"<h2 data-start=\"0\" data-end=\"42\">\u00bfQu\u00e9 es Yopo (Anadenanthera Peregrina)?<\/h2>\n<p data-start=\"44\" data-end=\"473\">Yopo, conocido cient\u00edficamente como <em data-start=\"74\" data-end=\"99\">Anadenanthera Peregrina<\/em>es una planta originaria del Caribe y Sudam\u00e9rica. Las semillas de la Yopo contienen potentes alucin\u00f3genos naturales, incluido el DMT, por lo que son conocidas por inducir estados alterados de conciencia. Las tribus ind\u00edgenas han utilizado estas semillas durante siglos, principalmente en rituales cham\u00e1nicos, para obtener conocimientos espirituales, mejorar la autoconciencia e incluso predecir acontecimientos futuros.<\/p>\n<p data-start=\"475\" data-end=\"820\">Los efectos de las semillas Yopo son intensos pero de corta duraci\u00f3n, y suelen durar unos 90 minutos. Los usuarios informan de alucinaciones visuales v\u00edvidas, emociones amplificadas y una mayor sensaci\u00f3n de conciencia. Dada su potencia, la Yopo suele recomendarse a quienes tienen experiencia con sustancias psicoactivas y un buen conocimiento de sus m\u00e9todos de preparaci\u00f3n.<\/p>\n<p data-start=\"822\" data-end=\"1104\">El Yopo suele consumirse como rap\u00e9, lo que implica un cuidadoso procesamiento de las semillas. Esto incluye tostarlas, molerlas y mezclarlas con sustancias alcalinas antes de inhalar el polvo resultante. Este m\u00e9todo garantiza la plena potencia de los compuestos psicoactivos de las semillas.<\/p>\n<h2 data-start=\"1106\" data-end=\"1150\">Historia de Yopo (Anadenanthera Peregrina)<\/h2>\n<p data-start=\"1152\" data-end=\"1449\">La Yopo tiene una larga historia de uso, particularmente entre las antiguas civilizaciones sudamericanas. Las pruebas sugieren que culturas primitivas como la egipcia exploraron plantas psicoactivas similares, aunque el uso m\u00e1s destacado se ha rastreado hasta los incas y otras tribus ind\u00edgenas de Sudam\u00e9rica.<\/p>\n<p data-start=\"1451\" data-end=\"1872\">El pueblo inca, junto con varios grupos ind\u00edgenas, veneraba la Yopo por sus propiedades espirituales y medicinales. Los chamanes y l\u00edderes espirituales utilizaban las semillas para entrar en estados alterados de conciencia, adquirir sabidur\u00eda, acceder a la comunicaci\u00f3n divina y, a veces, prever acontecimientos futuros. Estas experiencias sol\u00edan tener lugar en entornos comunitarios, donde el cham\u00e1n guiaba a los participantes a trav\u00e9s del viaje visionario.<\/p>\n<p data-start=\"1874\" data-end=\"2196\">El proceso de preparaci\u00f3n de las semillas Yopo ha sido perfeccionado durante generaciones por las tribus ind\u00edgenas para maximizar su potencia y minimizar al mismo tiempo cualquier posible molestia. A pesar de sus antiguas ra\u00edces, el Yopo sigue siendo hoy en d\u00eda una parte vital de ciertos rituales tribales, especialmente entre las culturas que mantienen sus pr\u00e1cticas tradicionales.<\/p>\n<p data-start=\"2198\" data-end=\"2465\">Con el moderno resurgimiento del inter\u00e9s por las sustancias psicoactivas naturales, la Yopo est\u00e1 siendo explorada por usuarios contempor\u00e1neos, conocidos como psiconautas, que buscan experiencias profundas y significativas. Sin embargo, la sustancia sigue siendo potente y debe manejarse con respeto y cuidado.<\/p>\n<h2 data-start=\"2467\" data-end=\"2511\">C\u00f3mo utilizar Yopo (Anadenanthera Peregrina)<\/h2>\n<p data-start=\"2513\" data-end=\"2738\">Las semillas de Yopo se consumen principalmente como rap\u00e9, una pr\u00e1ctica que llevan siglos utilizando las tribus ind\u00edgenas de Sudam\u00e9rica. Para que las semillas sean aptas para la inhalaci\u00f3n, deben someterse a un cuidadoso proceso de preparaci\u00f3n.<\/p>\n<p data-start=\"2740\" data-end=\"2804\">El m\u00e9todo de preparaci\u00f3n tradicional comprende los siguientes pasos:<\/p>\n<ol data-start=\"2806\" data-end=\"3248\">\n<li data-start=\"2806\" data-end=\"2854\"><strong data-start=\"2809\" data-end=\"2828\">Limpiar las semillas<\/strong> para eliminar cualquier impureza.<\/li>\n<li data-start=\"2855\" data-end=\"2946\"><strong data-start=\"2858\" data-end=\"2877\">Tostar las semillas<\/strong> en una sart\u00e9n caliente hasta que la c\u00e1scara exterior se agriete y pueda retirarse f\u00e1cilmente.<\/li>\n<li data-start=\"2947\" data-end=\"3000\"><strong data-start=\"2950\" data-end=\"2967\">Secar las semillas<\/strong> hasta que est\u00e9n firmes y duros.<\/li>\n<li data-start=\"3001\" data-end=\"3043\"><strong data-start=\"3004\" data-end=\"3023\">Moler las semillas<\/strong> en un polvo fino.<\/li>\n<li data-start=\"3044\" data-end=\"3164\"><strong data-start=\"3047\" data-end=\"3065\">Mezclar el polvo<\/strong> con sustancias alcalinas como el bicarbonato de sodio o la cal, a\u00f1adiendo una peque\u00f1a cantidad de agua para formar una pasta.<\/li>\n<li data-start=\"3165\" data-end=\"3248\"><strong data-start=\"3168\" data-end=\"3185\">Secar la pasta<\/strong> de nuevo y molerlo hasta obtener un polvo fino apto para la inhalaci\u00f3n.<\/li>\n<\/ol>\n<p data-start=\"3250\" data-end=\"3536\">Los efectos de la Yopo pueden sentirse incluso con una peque\u00f1a dosis de 1-3 semillas. Dosis mayores intensificar\u00e1n la experiencia, que a menudo se describe como profundamente visionaria e inmersiva. Los usuarios primerizos deber\u00edan empezar con la dosis m\u00e1s peque\u00f1a posible y ajustarse gradualmente seg\u00fan su experiencia.<\/p>\n<p data-start=\"3538\" data-end=\"3736\">Aunque la inhalaci\u00f3n es el m\u00e9todo tradicional, algunos usuarios modernos han experimentado con diferentes formas de consumir Yopo, aunque el rap\u00e9 sigue siendo el m\u00e9todo m\u00e1s eficaz y preciso desde el punto de vista hist\u00f3rico.<\/p>\n<p data-start=\"3738\" data-end=\"3748\"><strong>Advertencia<\/strong><\/p>\n<p data-start=\"3750\" data-end=\"4286\" data-is-last-node=\"\">Yopo (Anadenanthera Peregrina) es una potente sustancia psicoactiva que debe tomarse con precauci\u00f3n. No es apto para menores de 18 a\u00f1os. Las mujeres embarazadas o en per\u00edodo de lactancia, las personas con enfermedades preexistentes o las que toman medicaci\u00f3n deben consultar a un profesional sanitario antes de utilizarlo. La preparaci\u00f3n inadecuada o el uso excesivo pueden causar n\u00e1useas, mareos o malestar. Este producto est\u00e1 destinado \u00fanicamente a usuarios responsables y experimentados. Gu\u00e1rdelo siempre en un lugar fresco y seco y mant\u00e9ngalo fuera del alcance de los ni\u00f1os.<\/p>","protected":false},"excerpt":{"rendered":"<p>Yopo (Anadenanthera Peregrina) es una planta sudamericana tradicional famosa por sus efectos psicoactivos. Las semillas de esta planta han sido utilizadas durante siglos por las culturas ind\u00edgenas en pr\u00e1cticas espirituales y visionarias. La Yopo induce una experiencia potente pero de corta duraci\u00f3n, que suele durar unos 90 minutos, y se suele utilizar en entornos rituales o introspectivos. Esta sustancia natural es ideal para quienes buscan explorar estados mentales y emocionales profundos en un entorno controlado.<\/p>\n<p>15 Semillas<\/p>","protected":false},"featured_media":81941,"template":"","meta":[],"product_brand":[],"product_cat":[388,297,818,406,384],"product_tag":[],"class_list":{"0":"post-35985","1":"product","2":"type-product","3":"status-publish","4":"has-post-thumbnail","6":"product_cat-lsa-seeds","7":"product_cat-all-products","8":"product_cat-mcmystic","9":"product_cat-psychedelic-herbs","10":"product_cat-smartshop","11":"product_shipping_class-not-allowed-group-3","13":"first","14":"instock","15":"taxable","16":"shipping-taxable","17":"purchasable","18":"product-type-variable","19":"has-default-attributes"},"_links":{"self":[{"href":"https:\/\/www.headshop.nl\/es\/wp-json\/wp\/v2\/product\/35985","targetHints":{"allow":["GET"]}}],"collection":[{"href":"https:\/\/www.headshop.nl\/es\/wp-json\/wp\/v2\/product"}],"about":[{"href":"https:\/\/www.headshop.nl\/es\/wp-json\/wp\/v2\/types\/product"}],"wp:featuredmedia":[{"embeddable":true,"href":"https:\/\/www.headshop.nl\/es\/wp-json\/wp\/v2\/media\/81941"}],"wp:attachment":[{"href":"https:\/\/www.headshop.nl\/es\/wp-json\/wp\/v2\/media?parent=35985"}],"wp:term":[{"taxonomy":"product_brand","embeddable":true,"href":"https:\/\/www.headshop.nl\/es\/wp-json\/wp\/v2\/product_brand?post=35985"},{"taxonomy":"product_cat","embeddable":true,"href":"https:\/\/www.headshop.nl\/es\/wp-json\/wp\/v2\/product_cat?post=35985"},{"taxonomy":"product_tag","embeddable":true,"href":"https:\/\/www.headshop.nl\/es\/wp-json\/wp\/v2\/product_tag?post=35985"}],"curies":[{"name":"wp","href":"https:\/\/api.w.org\/{rel}","templated":true}]}}