{"id":35978,"date":"2021-08-19T10:34:51","date_gmt":"2021-08-19T10:34:51","guid":{"rendered":"https:\/\/www.headshop.nl\/?post_type=product&#038;p=35978"},"modified":"2025-10-16T07:05:24","modified_gmt":"2025-10-16T07:05:24","slug":"san-pedro-peruvianus-cactus-seeds","status":"publish","type":"product","link":"https:\/\/www.headshop.nl\/es\/san-pedro-peruvianus-cactus-seeds\/","title":{"rendered":"San Pedro Peruvianus Semillas de cactus"},"content":{"rendered":"<h2>100 San Pedro Peruvianus Semillas de cactus para cultivo<\/h2>\n<p>Se dice que los cactus que se pueden cultivar a partir de las semillas de esta asombrosa planta son capaces de producir efectos como el LSD, las setas m\u00e1gicas e incluso la reina Ayahuasca. El cactus que contiene se llama mescalina que qu\u00edmicamente se asemeja a estas sustancias mencionadas anteriormente de una manera que produce efectos similares cuando son consumidos por las personas.<\/p>\n<p>El cactus Mescaline de San Pedro se ha utilizado en diversos rituales y ceremonias durante siglos porque contiene muchos alcaloides diferentes, como el popular Mescaline, que puede tener efectos similares al LSD.<\/p>\n<p>Seg\u00fan algunos chamanes de Per\u00fa o Ecuador, el cactus San Pedro se considera un dios por s\u00ed mismo. \u00a1Menos mal que puedes cultivarlo en casa!<\/p>","protected":false},"excerpt":{"rendered":"<p>Durante siglos, el antiguo cactus de San Pedro ha sido un objeto sagrado en Sudam\u00e9rica. Se encuentra principalmente como planta ornamental y tambi\u00e9n por sus propiedades medicinales naturales que incluyen compuestos psicoactivos como la Mescalina. Ya est\u00e1n disponibles las semillas de San Pedro para cultivarlas f\u00e1cilmente en casa.<\/p>","protected":false},"featured_media":38151,"template":"","meta":[],"product_brand":[],"product_cat":[394,297,384],"product_tag":[],"class_list":{"0":"post-35978","1":"product","2":"type-product","3":"status-publish","4":"has-post-thumbnail","6":"product_cat-mescaline-cacti","7":"product_cat-all-products","8":"product_cat-smartshop","9":"product_shipping_class-group-7","11":"first","12":"instock","13":"taxable","14":"shipping-taxable","15":"purchasable","16":"product-type-variable","17":"has-default-attributes"},"_links":{"self":[{"href":"https:\/\/www.headshop.nl\/es\/wp-json\/wp\/v2\/product\/35978","targetHints":{"allow":["GET"]}}],"collection":[{"href":"https:\/\/www.headshop.nl\/es\/wp-json\/wp\/v2\/product"}],"about":[{"href":"https:\/\/www.headshop.nl\/es\/wp-json\/wp\/v2\/types\/product"}],"wp:featuredmedia":[{"embeddable":true,"href":"https:\/\/www.headshop.nl\/es\/wp-json\/wp\/v2\/media\/38151"}],"wp:attachment":[{"href":"https:\/\/www.headshop.nl\/es\/wp-json\/wp\/v2\/media?parent=35978"}],"wp:term":[{"taxonomy":"product_brand","embeddable":true,"href":"https:\/\/www.headshop.nl\/es\/wp-json\/wp\/v2\/product_brand?post=35978"},{"taxonomy":"product_cat","embeddable":true,"href":"https:\/\/www.headshop.nl\/es\/wp-json\/wp\/v2\/product_cat?post=35978"},{"taxonomy":"product_tag","embeddable":true,"href":"https:\/\/www.headshop.nl\/es\/wp-json\/wp\/v2\/product_tag?post=35978"}],"curies":[{"name":"wp","href":"https:\/\/api.w.org\/{rel}","templated":true}]}}