{"id":35974,"date":"2021-08-19T10:28:43","date_gmt":"2021-08-19T10:28:43","guid":{"rendered":"https:\/\/www.headshop.nl\/?post_type=product&#038;p=35974"},"modified":"2025-10-16T07:05:25","modified_gmt":"2025-10-16T07:05:25","slug":"san-pedro-pachanoi-cactus-seeds","status":"publish","type":"product","link":"https:\/\/www.headshop.nl\/es\/san-pedro-pachanoi-cactus-seeds\/","title":{"rendered":"San Pedro Pachanoi Semillas de cactus"},"content":{"rendered":"<h2>100 San Pedro Pachanoi Semillas de cactus para cultivo<\/h2>\n<p>El cactus Mescaline de San Pedro se ha utilizado en diversos rituales y ceremonias durante siglos porque contiene muchos alcaloides diferentes, como el popular Mescaline, que puede tener efectos similares al LSD.<\/p>\n<p>Seg\u00fan algunos chamanes de Per\u00fa o Ecuador, el cactus San Pedro se considera un dios por s\u00ed mismo. \u00a1Menos mal que puedes cultivarlo en casa!<\/p>\n<p>Consigue 100 semillas de esta planta m\u00e1gica y mira lo que pasa cuando pruebas a cultivar cactus de mescalina. Esta incre\u00edble criatura ha sido utilizada durante siglos por personas de ambos pa\u00edses debido a todos los alcaloides en su interior - como la mescalina que qu\u00edmicamente se asemeja a LSD y produce efectos similares a los hongos m\u00e1gicos, LSD, incluso reina Ayahuasca s\u00ed mismo.<\/p>","protected":false},"excerpt":{"rendered":"<p>Algunos chamanes de Per\u00fa o Ecuador consideran a este cactus m\u00e1gico un dios en s\u00ed mismo. \u00a1Cultiva tu propia planta dadora de mescalina con 100 semillas de cactus San Pedro!<\/p>","protected":false},"featured_media":38155,"template":"","meta":[],"product_brand":[],"product_cat":[394,297,384],"product_tag":[],"class_list":{"0":"post-35974","1":"product","2":"type-product","3":"status-publish","4":"has-post-thumbnail","6":"product_cat-mescaline-cacti","7":"product_cat-all-products","8":"product_cat-smartshop","9":"product_shipping_class-group-7","11":"first","12":"instock","13":"taxable","14":"shipping-taxable","15":"purchasable","16":"product-type-variable","17":"has-default-attributes"},"_links":{"self":[{"href":"https:\/\/www.headshop.nl\/es\/wp-json\/wp\/v2\/product\/35974","targetHints":{"allow":["GET"]}}],"collection":[{"href":"https:\/\/www.headshop.nl\/es\/wp-json\/wp\/v2\/product"}],"about":[{"href":"https:\/\/www.headshop.nl\/es\/wp-json\/wp\/v2\/types\/product"}],"wp:featuredmedia":[{"embeddable":true,"href":"https:\/\/www.headshop.nl\/es\/wp-json\/wp\/v2\/media\/38155"}],"wp:attachment":[{"href":"https:\/\/www.headshop.nl\/es\/wp-json\/wp\/v2\/media?parent=35974"}],"wp:term":[{"taxonomy":"product_brand","embeddable":true,"href":"https:\/\/www.headshop.nl\/es\/wp-json\/wp\/v2\/product_brand?post=35974"},{"taxonomy":"product_cat","embeddable":true,"href":"https:\/\/www.headshop.nl\/es\/wp-json\/wp\/v2\/product_cat?post=35974"},{"taxonomy":"product_tag","embeddable":true,"href":"https:\/\/www.headshop.nl\/es\/wp-json\/wp\/v2\/product_tag?post=35974"}],"curies":[{"name":"wp","href":"https:\/\/api.w.org\/{rel}","templated":true}]}}