{"id":35940,"date":"2021-08-19T10:05:59","date_gmt":"2021-08-19T10:05:59","guid":{"rendered":"https:\/\/www.headshop.nl\/?post_type=product&#038;p=35940"},"modified":"2025-10-16T07:05:25","modified_gmt":"2025-10-16T07:05:25","slug":"peyote-cactus-seeds","status":"publish","type":"product","link":"https:\/\/www.headshop.nl\/es\/peyote-cactus-seeds\/","title":{"rendered":"Peyote Semillas de cactus"},"content":{"rendered":"<h2>10 Peyote Semillas de cactus para cultivo<\/h2>\n<p>La Mescalina es m\u00e1s conocida por su estructura qu\u00edmica similar a la de la LSD, al tiempo que produce efectos muy parecidos a los de las setas m\u00e1gicas o drogas psicod\u00e9licas como la propia LSD. Algunos dicen que encuentran su experiencia con esta planta m\u00e1s enraizada y m\u00e1s f\u00e1cil de controlar que otros psicod\u00e9licos disponibles en el mercado hoy en d\u00eda s\u00f3lo por estas cualidades.<\/p>\n<p>Algunos chamanes consideran a este cactus m\u00e1gico un dios en s\u00ed mismo... \u00a1Y ahora t\u00fa tambi\u00e9n puedes cultivarlo en casa! Consigue 10 semillas del cactus Peyote y cultiva tu propia planta productora de mescalina en la comodidad de tu jard\u00edn.<\/p>\n<p>Este fant\u00e1stico esp\u00e9cimen se ha utilizado durante siglos en diversos rituales de los nativos americanos, y todo gracias a la gran variedad que existe entre los alcaloides. Siendo el m\u00e1s popular: Mescaline, que tiene similitudes qu\u00edmicas con LSD mientras que tiene efectos casi id\u00e9nticos a los que estamos m\u00e1s familiarizados como las setas m\u00e1gicas o incluso la reina Ayahuasca en s\u00ed.<\/p>\n<p>Algunos dicen que este viaje puede sentirse m\u00e1s enraizado que otros despu\u00e9s de ingerir estas plantas debido a su psicodelia de alto nivel.<\/p>","protected":false},"excerpt":{"rendered":"<p>Durante milenios, el cactus Peyote ha sido considerado un dios en algunos rituales cham\u00e1nicos de los nativos americanos. Ahora t\u00fa tambi\u00e9n puedes cultivarlo en casa. Consigue 10 semillas y empieza a cultivar hoy mismo tus propios cactus productores de mescalina.<\/p>","protected":false},"featured_media":38187,"template":"","meta":[],"product_brand":[],"product_cat":[394,297,384],"product_tag":[],"class_list":{"0":"post-35940","1":"product","2":"type-product","3":"status-publish","4":"has-post-thumbnail","6":"product_cat-mescaline-cacti","7":"product_cat-all-products","8":"product_cat-smartshop","9":"product_shipping_class-group-7","11":"first","12":"instock","13":"taxable","14":"shipping-taxable","15":"purchasable","16":"product-type-variable","17":"has-default-attributes"},"_links":{"self":[{"href":"https:\/\/www.headshop.nl\/es\/wp-json\/wp\/v2\/product\/35940","targetHints":{"allow":["GET"]}}],"collection":[{"href":"https:\/\/www.headshop.nl\/es\/wp-json\/wp\/v2\/product"}],"about":[{"href":"https:\/\/www.headshop.nl\/es\/wp-json\/wp\/v2\/types\/product"}],"wp:featuredmedia":[{"embeddable":true,"href":"https:\/\/www.headshop.nl\/es\/wp-json\/wp\/v2\/media\/38187"}],"wp:attachment":[{"href":"https:\/\/www.headshop.nl\/es\/wp-json\/wp\/v2\/media?parent=35940"}],"wp:term":[{"taxonomy":"product_brand","embeddable":true,"href":"https:\/\/www.headshop.nl\/es\/wp-json\/wp\/v2\/product_brand?post=35940"},{"taxonomy":"product_cat","embeddable":true,"href":"https:\/\/www.headshop.nl\/es\/wp-json\/wp\/v2\/product_cat?post=35940"},{"taxonomy":"product_tag","embeddable":true,"href":"https:\/\/www.headshop.nl\/es\/wp-json\/wp\/v2\/product_tag?post=35940"}],"curies":[{"name":"wp","href":"https:\/\/api.w.org\/{rel}","templated":true}]}}