{"id":35900,"date":"2021-08-19T09:18:01","date_gmt":"2021-08-19T09:18:01","guid":{"rendered":"https:\/\/www.headshop.nl\/?post_type=product&#038;p=35900"},"modified":"2026-02-11T13:26:17","modified_gmt":"2026-02-11T13:26:17","slug":"ultimatex-partypills","status":"publish","type":"product","link":"https:\/\/www.headshop.nl\/es\/ultimatex-partypills\/","title":{"rendered":"UltimateX Partypills"},"content":{"rendered":"<h2 data-pm-slice=\"1 1 []\">\u00bfQu\u00e9 es UltimateX?<\/h2>\n<p>UltimateX es un potenciador de energ\u00eda natural dise\u00f1ado para mejorar tu experiencia de fiesta. Tanto si est\u00e1s en un festival, un club o una fiesta en casa, estas pastillas proporcionan la mezcla perfecta de energ\u00eda y euforia para seguir adelante. Inspirado en los cl\u00e1sicos caramelos \"salmiak\", UltimateX proporciona un potente subid\u00f3n sin los efectos secundarios no deseados de los estimulantes tradicionales. Con una mezcla cuidadosamente seleccionada de ingredientes naturales, esta alternativa legal al XTC te asegura mantenerte con energ\u00eda, concentrado y en el momento, haciendo que cada noche sea inolvidable.<\/p>\n<h2>Historia del UltimateX<\/h2>\n<p>UltimateX fue desarrollado para aquellos que viven la vida al m\u00e1ximo y necesitan un empuj\u00f3n extra para mantener el ritmo. Inspirada en las tradiciones herbales y en la cultura moderna de las fiestas, DNX cre\u00f3 esta f\u00f3rmula para proporcionar una forma legal y natural de mejorar la energ\u00eda y el estado de \u00e1nimo. Con el tiempo, la demanda de estimulantes de origen vegetal ha crecido, dando lugar a innovaciones en los suplementos para aumentar la energ\u00eda. Combinando superalimentos ancestrales como la maca y el kratom con nootr\u00f3picos modernos, UltimateX tiende un puente entre el bienestar natural y la vida nocturna de alta energ\u00eda, creando un producto hecho a medida para los amantes de la fiesta de todo el mundo.<\/p>\n<h2>C\u00f3mo utilizar UltimateX<\/h2>\n<p>Para obtener los mejores resultados, tome de 1 a 2 comprimidos 30 minutos antes de que empiecen a notarse sus efectos. Si lo desea, puede aumentar la dosis hasta un m\u00e1ximo de 4 comprimidos en 24 horas. Los efectos var\u00edan seg\u00fan la persona, pero suelen durar varias horas, proporcionando una energ\u00eda sostenida y una mayor sensaci\u00f3n de euforia. Evite exceder la dosis recomendada para garantizar una experiencia segura y agradable. Tome siempre UltimateX con agua y nunca lo mezcle con otros estimulantes, alcohol o medicamentos para evitar interacciones no deseadas.<\/p>\n<h2>Ingredientes del UltimateX<\/h2>\n<p>UltimateX contiene una mezcla \u00fanica de ingredientes naturales que act\u00faan conjuntamente para mejorar la energ\u00eda, la concentraci\u00f3n y el estado de \u00e1nimo.<\/p>\n<ul data-spread=\"false\">\n<li><strong>Maca<\/strong>: Un potente adapt\u00f3geno conocido por aumentar la resistencia, equilibrar las hormonas y potenciar la libido.<\/li>\n<li><strong>Jengibre<\/strong>: Ayuda a la digesti\u00f3n, reduce las n\u00e1useas y favorece los niveles de energ\u00eda.<\/li>\n<li><strong>DL-Fenilalanina<\/strong>: Amino\u00e1cido que ayuda a regular el estado de \u00e1nimo y mejora el estado de alerta al influir en la producci\u00f3n de dopamina y endorfinas.<\/li>\n<li><strong>Cafe\u00edna<\/strong>: Un conocido estimulante que aumenta la energ\u00eda y el estado de alerta, permiti\u00e9ndole mantenerse activo durante m\u00e1s tiempo.<\/li>\n<li><strong>Kratom<\/strong>: Planta tropical con propiedades naturales energizantes y analg\u00e9sicas, que proporciona un efecto equilibrado y estimulante.<\/li>\n<\/ul>\n<p>Estos ingredientes cuidadosamente seleccionados trabajan en sinergia para crear una f\u00f3rmula potente pero natural que favorece la resistencia, el estado de alerta y la mejora del humor, haciendo de UltimateX el complemento perfecto para su rutina de fiesta.<\/p>\n<p><strong>Advertencia:<\/strong> UltimateX es un complemento alimenticio y no debe utilizarse como sustituto de una dieta equilibrada. Mantener fuera del alcance de los ni\u00f1os. S\u00f3lo para uso de personas mayores de 18 a\u00f1os. No lo use si tiene presi\u00f3n arterial alta\/baja, afecciones card\u00edacas, trastornos de la tiroides, enfermedades renales, depresi\u00f3n, trastornos nerviosos o si est\u00e1 tomando inhibidores de la MAO. Evite el consumo excesivo de alcohol durante el uso de este producto. Consulte a un m\u00e9dico en caso de duda.<\/p>","protected":false},"excerpt":{"rendered":"<p data-pm-slice=\"1 1 []\">\u00bfBuscas una inyecci\u00f3n de energ\u00eda intensa para que tu fiesta sea inolvidable? UltimateX es la pastilla de \u00e9xtasis natural que te mantendr\u00e1 bailando hasta el amanecer. Con su mezcla \u00fanica de ingredientes, UltimateX aumenta tu resistencia y euforia, asegurando que cada evento sea una experiencia para recordar.<\/p>","protected":false},"featured_media":35928,"template":"","meta":[],"product_brand":[],"product_cat":[386,297,707,408,411,397,384],"product_tag":[],"class_list":{"0":"post-35900","1":"product","2":"type-product","3":"status-publish","4":"has-post-thumbnail","6":"product_cat-party-pills","7":"product_cat-all-products","8":"product_cat-buy-xtc","9":"product_cat-dnx","10":"product_cat-energy-pills","11":"product_cat-party","12":"product_cat-smartshop","14":"first","15":"instock","16":"taxable","17":"shipping-taxable","18":"purchasable","19":"product-type-variable","20":"has-default-attributes"},"_links":{"self":[{"href":"https:\/\/www.headshop.nl\/es\/wp-json\/wp\/v2\/product\/35900","targetHints":{"allow":["GET"]}}],"collection":[{"href":"https:\/\/www.headshop.nl\/es\/wp-json\/wp\/v2\/product"}],"about":[{"href":"https:\/\/www.headshop.nl\/es\/wp-json\/wp\/v2\/types\/product"}],"wp:featuredmedia":[{"embeddable":true,"href":"https:\/\/www.headshop.nl\/es\/wp-json\/wp\/v2\/media\/35928"}],"wp:attachment":[{"href":"https:\/\/www.headshop.nl\/es\/wp-json\/wp\/v2\/media?parent=35900"}],"wp:term":[{"taxonomy":"product_brand","embeddable":true,"href":"https:\/\/www.headshop.nl\/es\/wp-json\/wp\/v2\/product_brand?post=35900"},{"taxonomy":"product_cat","embeddable":true,"href":"https:\/\/www.headshop.nl\/es\/wp-json\/wp\/v2\/product_cat?post=35900"},{"taxonomy":"product_tag","embeddable":true,"href":"https:\/\/www.headshop.nl\/es\/wp-json\/wp\/v2\/product_tag?post=35900"}],"curies":[{"name":"wp","href":"https:\/\/api.w.org\/{rel}","templated":true}]}}