{"id":35898,"date":"2021-08-19T09:17:59","date_gmt":"2021-08-19T09:17:59","guid":{"rendered":"https:\/\/www.headshop.nl\/?post_type=product&#038;p=35898"},"modified":"2025-12-17T13:26:17","modified_gmt":"2025-12-17T13:26:17","slug":"lemonx-partypills","status":"publish","type":"product","link":"https:\/\/www.headshop.nl\/es\/lemonx-partypills\/","title":{"rendered":"LemonX Partypills"},"content":{"rendered":"<h2 data-pm-slice=\"1 1 []\">\u00bfQu\u00e9 es LemonX?<\/h2>\n<p>LemonX es un suplemento energ\u00e9tico natural dise\u00f1ado para mejorar su resistencia social y f\u00edsica durante fiestas y eventos. Si las situaciones sociales le resultan agotadoras o le cuesta mantener altos niveles de energ\u00eda durante la noche, LemonX le proporciona el empuj\u00f3n extra que necesita. Act\u00faa estimulando la producci\u00f3n de adrenalina, manteni\u00e9ndole en\u00e9rgico y activo durante horas. Con una mezcla \u00fanica de ingredientes naturales, este suplemento te ayuda a disfrutar de cada momento sin sentirte fatigado. Tanto si est\u00e1s en una rave o en una reuni\u00f3n social, LemonX te asegura mantenerte animado, alerta y totalmente inmerso en la experiencia. Sus efectos se describen a menudo como un impulso de energ\u00eda agradable y sin esfuerzo que mejora tanto el estado de \u00e1nimo como la resistencia.<\/p>\n<h2>Historia del LemonX<\/h2>\n<p>LemonX se desarroll\u00f3 para satisfacer la creciente necesidad de una forma natural y eficaz de mantener los niveles de energ\u00eda durante eventos sociales prolongados. La inspiraci\u00f3n de este suplemento surgi\u00f3 de los fiesteros que quer\u00edan divertirse sin sufrir bajones de energ\u00eda ni depender de estimulantes artificiales. A lo largo de los a\u00f1os, los investigadores han perfeccionado la formulaci\u00f3n, garantizando un equilibrio perfecto de extractos naturales y vitaminas esenciales. El uso de ingredientes conocidos y respaldados cient\u00edficamente, como la cafe\u00edna y la niacina, garantiza la eficacia sin comprometer la seguridad. LemonX gan\u00f3 popularidad r\u00e1pidamente entre los asistentes a festivales, los entusiastas de las discotecas y cualquiera que busque una forma fiable de mantenerse activo y comprometido. Hoy en d\u00eda, sigue siendo un suplemento de referencia para aquellos que quieren mejorar su energ\u00eda y experiencia social sin efectos secundarios perjudiciales.<\/p>\n<h2>C\u00f3mo utilizar LemonX<\/h2>\n<p>Para obtener los mejores resultados, tome de 1 a 2 c\u00e1psulas de LemonX aproximadamente 30 minutos antes de necesitar un aporte de energ\u00eda. Si es necesario, puede tomar hasta 3 \u00f3 4 c\u00e1psulas, pero no exceda la dosis m\u00e1xima de 4 c\u00e1psulas cada 24 horas. Esta dosificaci\u00f3n garantiza que los ingredientes activos se absorban por completo y est\u00e9n listos para aumentar tus niveles de energ\u00eda cuando m\u00e1s los necesites. Evite tomar LemonX demasiado cerca de la hora de acostarse, ya que sus efectos estimulantes pueden interferir con el sue\u00f1o. Mant\u00e9ngase hidratado mientras toma LemonX, ya que una hidrataci\u00f3n adecuada favorece el metabolismo energ\u00e9tico y el bienestar general. Para obtener los mejores resultados, combine LemonX con una dieta equilibrada y un estilo de vida saludable para maximizar sus beneficios.<\/p>\n<h2>Ingredientes del LemonX<\/h2>\n<p>LemonX contiene una mezcla cuidadosamente seleccionada de ingredientes naturales, cada uno de los cuales contribuye a potenciar sus efectos energ\u00e9ticos:<\/p>\n<ul data-spread=\"false\">\n<li><strong>Cafe\u00edna:<\/strong> La cafe\u00edna, que se encuentra de forma natural en el caf\u00e9 y el t\u00e9, aumenta el estado de alerta y reduce la fatiga, ayud\u00e1ndole a mantenerse con energ\u00eda durante per\u00edodos m\u00e1s largos.<\/li>\n<li><strong>GABA:<\/strong> Ayuda a relajarse y reduce el estr\u00e9s, equilibrando los efectos estimulantes de la cafe\u00edna para evitar el nerviosismo.<\/li>\n<li><strong>Citrus Aurantium:<\/strong> Tambi\u00e9n conocido como naranja amarga, este ingrediente aumenta los niveles de energ\u00eda y mejora la concentraci\u00f3n mental.<\/li>\n<li><strong>L-Citrulina:<\/strong> Mejora la circulaci\u00f3n sangu\u00ednea, garantizando que los m\u00fasculos reciban m\u00e1s ox\u00edgeno y nutrientes, lo que aumenta la resistencia y reduce la fatiga.<\/li>\n<li><strong>Niacina (vitamina B3):<\/strong> Favorece el metabolismo y la producci\u00f3n de energ\u00eda a la vez que promueve la claridad mental y el bienestar general.<\/li>\n<li><strong>Cloruro de cromo:<\/strong> Ayuda a regular los niveles de az\u00facar en sangre, evitando los bajones de energ\u00eda y promoviendo niveles de energ\u00eda estables.<\/li>\n<li><strong>DL-Fenilalanina:<\/strong> Favorece la producci\u00f3n de neurotransmisores como la dopamina, mejorando el estado de \u00e1nimo y la concentraci\u00f3n.<\/li>\n<li><strong>Feniletilamina (PEA):<\/strong> Este compuesto, que se encuentra de forma natural en el chocolate, mejora el estado de \u00e1nimo y la agudeza mental, contribuyendo a una sensaci\u00f3n general de bienestar.<\/li>\n<\/ul>\n<p><strong>Advertencia:<\/strong><\/p>\n<p>No utilizar LemonX como sustituto de una dieta equilibrada. Mantener fuera del alcance de los ni\u00f1os. Destinado exclusivamente a personas mayores de 18 a\u00f1os. No utilizar si padece hipertensi\u00f3n o hipotensi\u00f3n, afecciones card\u00edacas, trastornos tiroideos, enfermedades renales, depresi\u00f3n, ansiedad o si est\u00e1 tomando inhibidores de la MAO. Evite el consumo excesivo de alcohol durante el uso de este producto. En caso de duda, consulte a su m\u00e9dico antes de usarlo.<\/p>","protected":false},"excerpt":{"rendered":"<p>\u00bfBuscas una inyecci\u00f3n de energ\u00eda para disfrutar al m\u00e1ximo de tus salidas nocturnas? LemonX te ayuda a convertirte en la mariposa social que realmente eres. Estas c\u00e1psulas naturales aumentan la producci\u00f3n de adrenalina, manteni\u00e9ndote con energ\u00eda, alerta y listo para bailar toda la noche.<\/p>","protected":false},"featured_media":35916,"template":"","meta":[],"product_brand":[],"product_cat":[386,297,707,408,411,397,384],"product_tag":[],"class_list":{"0":"post-35898","1":"product","2":"type-product","3":"status-publish","4":"has-post-thumbnail","6":"product_cat-party-pills","7":"product_cat-all-products","8":"product_cat-buy-xtc","9":"product_cat-dnx","10":"product_cat-energy-pills","11":"product_cat-party","12":"product_cat-smartshop","14":"first","15":"instock","16":"taxable","17":"shipping-taxable","18":"purchasable","19":"product-type-variable","20":"has-default-attributes"},"_links":{"self":[{"href":"https:\/\/www.headshop.nl\/es\/wp-json\/wp\/v2\/product\/35898","targetHints":{"allow":["GET"]}}],"collection":[{"href":"https:\/\/www.headshop.nl\/es\/wp-json\/wp\/v2\/product"}],"about":[{"href":"https:\/\/www.headshop.nl\/es\/wp-json\/wp\/v2\/types\/product"}],"wp:featuredmedia":[{"embeddable":true,"href":"https:\/\/www.headshop.nl\/es\/wp-json\/wp\/v2\/media\/35916"}],"wp:attachment":[{"href":"https:\/\/www.headshop.nl\/es\/wp-json\/wp\/v2\/media?parent=35898"}],"wp:term":[{"taxonomy":"product_brand","embeddable":true,"href":"https:\/\/www.headshop.nl\/es\/wp-json\/wp\/v2\/product_brand?post=35898"},{"taxonomy":"product_cat","embeddable":true,"href":"https:\/\/www.headshop.nl\/es\/wp-json\/wp\/v2\/product_cat?post=35898"},{"taxonomy":"product_tag","embeddable":true,"href":"https:\/\/www.headshop.nl\/es\/wp-json\/wp\/v2\/product_tag?post=35898"}],"curies":[{"name":"wp","href":"https:\/\/api.w.org\/{rel}","templated":true}]}}