{"id":35879,"date":"2021-08-19T08:40:16","date_gmt":"2021-08-19T08:40:16","guid":{"rendered":"https:\/\/www.headshop.nl\/?post_type=product&#038;p=35879"},"modified":"2025-02-11T07:37:23","modified_gmt":"2025-02-11T07:37:23","slug":"mdnx-partypills","status":"publish","type":"product","link":"https:\/\/www.headshop.nl\/es\/mdnx-partypills\/","title":{"rendered":"MDNX Partypills"},"content":{"rendered":"<h2 data-pm-slice=\"1 1 []\">\u00bfQu\u00e9 es MDNX?<\/h2>\n<p>MDNX es un suplemento natural elaborado para los amantes de las fiestas que desean amplificar su experiencia. Proporciona una oleada de energ\u00eda, aumenta los sentimientos de felicidad y mejora las interacciones sociales. A diferencia de los estimulantes artificiales, MDNX est\u00e1 formulado con ingredientes naturales que trabajan en armon\u00eda con su cuerpo. Tanto si est\u00e1 bailando en un festival como disfrutando de una reuni\u00f3n \u00edntima, MDNX le garantiza que se mantendr\u00e1 en\u00e9rgico y participativo.<\/p>\n<p>Los efectos de MDNX se describen a menudo como un intenso impulso de energ\u00eda, aumento de la conectividad emocional, y un estado general de euforia. Su mezcla \u00fanica de extractos de hierbas y amino\u00e1cidos apoya tanto la resistencia mental y f\u00edsica, ayudando a permanecer en el momento sin caer m\u00e1s tarde. Con MDNX, sus noches se convierten en experiencias inolvidables llenas de alegr\u00eda y vitalidad.<\/p>\n<h2>Historia del MDNX<\/h2>\n<p>El concepto de MDNX tiene su origen en la b\u00fasqueda de alternativas naturales a los estimulantes sint\u00e9ticos. A lo largo de los a\u00f1os, muchos fiesteros han buscado formas de mejorar sus experiencias sin los efectos secundarios negativos de las sustancias artificiales.<\/p>\n<p>MDNX se ha desarrollado combinando antiguos remedios herbales con la investigaci\u00f3n cient\u00edfica moderna. Ingredientes como la maca, la kanna y el jengibre se han utilizado durante siglos en la medicina tradicional por sus propiedades para aumentar la energ\u00eda y mejorar el estado de \u00e1nimo. La formulaci\u00f3n de MDNX re\u00fane estos potentes ingredientes de una manera que apoya tanto la mente y el cuerpo, permitiendo a los usuarios disfrutar de su noche sin preocupaciones acerca de un accidente al d\u00eda siguiente.<\/p>\n<h2>C\u00f3mo utilizar MDNX<\/h2>\n<p>Para obtener los mejores resultados, tome de 1 a 2 c\u00e1psulas aproximadamente 30 minutos antes del efecto deseado. Si es necesario, puede aumentar la toma hasta un m\u00e1ximo de 4 c\u00e1psulas en 24 horas. No exceda la dosis recomendada.<\/p>\n<p>MDNX est\u00e1 dise\u00f1ado para un uso responsable. Funciona mejor cuando se combina con hidrataci\u00f3n y una dieta equilibrada. Tanto si est\u00e1s en la pista de baile, disfrutando de un festival de m\u00fasica o socializando con amigos, MDNX te mantiene en tu mejor momento. Escucha siempre a tu cuerpo y utiliza MDNX con moderaci\u00f3n para disfrutar al m\u00e1ximo de la fiesta.<\/p>\n<h2>Ingredientes del MDNX<\/h2>\n<p>MDNX contiene una mezcla cuidadosamente seleccionada de ingredientes naturales que act\u00faan conjuntamente para mejorar su energ\u00eda y estado de \u00e1nimo:<\/p>\n<ul data-spread=\"true\">\n<li><strong>Maca:<\/strong> Ra\u00edz peruana conocida por sus propiedades adapt\u00f3genas, la maca aumenta la resistencia, mejora el estado de \u00e1nimo y el bienestar general. Tambi\u00e9n ayuda a equilibrar las hormonas, lo que puede conducir a una experiencia m\u00e1s estable y placentera.<\/li>\n<li><strong>Jengibre:<\/strong> Esta poderosa ra\u00edz favorece la digesti\u00f3n, reduce las n\u00e1useas y tiene propiedades antiinflamatorias. Tambi\u00e9n ayuda a mantener los niveles de energ\u00eda y el estado de alerta durante toda la noche.<\/li>\n<li><strong>DL-Fenilalanina (DLPA):<\/strong> Un amino\u00e1cido que desempe\u00f1a un papel crucial en la regulaci\u00f3n del estado de \u00e1nimo al influir en neurotransmisores como la dopamina y las endorfinas. El DLPA ayuda a mejorar la concentraci\u00f3n, aumentar el estado de alerta y potenciar la sensaci\u00f3n general de felicidad.<\/li>\n<li><strong>Cafe\u00edna:<\/strong> La cafe\u00edna, un estimulante natural que aumenta la energ\u00eda y el estado de alerta, prolonga la resistencia y potencia los efectos de otros ingredientes. Ayuda a prevenir la fatiga, manteni\u00e9ndote activo durante m\u00e1s tiempo.<\/li>\n<li><strong>Kanna:<\/strong> Planta sudafricana conocida por sus propiedades para mejorar el estado de \u00e1nimo. La Kanna aumenta los niveles de serotonina, reduce la ansiedad y favorece la conectividad social, haciendo que las interacciones sean m\u00e1s agradables y sin esfuerzo.<\/li>\n<\/ul>\n<p><strong>Advertencia:<\/strong> MDNX es un complemento alimenticio y no debe utilizarse como sustituto de una dieta variada. Mantener fuera del alcance de los ni\u00f1os. S\u00f3lo para uso de personas mayores de 18 a\u00f1os. No utilizar en combinaci\u00f3n con medicamentos, otros estimulantes, o si padece afecciones card\u00edacas, presi\u00f3n arterial alta\/baja, trastornos tiroideos, enfermedades renales, depresi\u00f3n, ansiedad u otros problemas de salud f\u00edsica o mental. Evite el consumo excesivo de alcohol. En caso de duda, consulte a su m\u00e9dico antes de utilizarlo.<\/p>","protected":false},"excerpt":{"rendered":"<p data-pm-slice=\"1 1 []\">\u00bfBuscas un impulso extra para mejorar tu noche de fiesta? MDNX es una p\u00edldora de fiesta natural dise\u00f1ada para elevar tu energ\u00eda, mejorar tu estado de \u00e1nimo y mantenerte en marcha toda la noche. Con ingredientes naturales cuidadosamente seleccionados, MDNX te ayuda a experimentar sensaciones euf\u00f3ricas mientras mantienes el control. Sin resacas, s\u00f3lo pura diversi\u00f3n.<\/p>","protected":false},"featured_media":35920,"template":"","meta":[],"product_brand":[],"product_cat":[386,297,707,408,411,397,384],"product_tag":[],"class_list":{"0":"post-35879","1":"product","2":"type-product","3":"status-publish","4":"has-post-thumbnail","6":"product_cat-party-pills","7":"product_cat-all-products","8":"product_cat-buy-xtc","9":"product_cat-dnx","10":"product_cat-energy-pills","11":"product_cat-party","12":"product_cat-smartshop","14":"first","15":"instock","16":"taxable","17":"shipping-taxable","18":"purchasable","19":"product-type-variable","20":"has-default-attributes"},"_links":{"self":[{"href":"https:\/\/www.headshop.nl\/es\/wp-json\/wp\/v2\/product\/35879","targetHints":{"allow":["GET"]}}],"collection":[{"href":"https:\/\/www.headshop.nl\/es\/wp-json\/wp\/v2\/product"}],"about":[{"href":"https:\/\/www.headshop.nl\/es\/wp-json\/wp\/v2\/types\/product"}],"wp:featuredmedia":[{"embeddable":true,"href":"https:\/\/www.headshop.nl\/es\/wp-json\/wp\/v2\/media\/35920"}],"wp:attachment":[{"href":"https:\/\/www.headshop.nl\/es\/wp-json\/wp\/v2\/media?parent=35879"}],"wp:term":[{"taxonomy":"product_brand","embeddable":true,"href":"https:\/\/www.headshop.nl\/es\/wp-json\/wp\/v2\/product_brand?post=35879"},{"taxonomy":"product_cat","embeddable":true,"href":"https:\/\/www.headshop.nl\/es\/wp-json\/wp\/v2\/product_cat?post=35879"},{"taxonomy":"product_tag","embeddable":true,"href":"https:\/\/www.headshop.nl\/es\/wp-json\/wp\/v2\/product_tag?post=35879"}],"curies":[{"name":"wp","href":"https:\/\/api.w.org\/{rel}","templated":true}]}}