{"id":35836,"date":"2021-08-17T12:20:54","date_gmt":"2021-08-17T12:20:54","guid":{"rendered":"https:\/\/www.headshop.nl\/?post_type=product&#038;p=35836"},"modified":"2025-06-06T06:33:49","modified_gmt":"2025-06-06T06:33:49","slug":"mcsx-partypills","status":"publish","type":"product","link":"https:\/\/www.headshop.nl\/es\/mcsx-partypills\/","title":{"rendered":"MCSX Partypills"},"content":{"rendered":"<h2>6 MCSX Partypills de HPA<\/h2>\n<p>\u00bfPuede utilizar el dormitorio para su ventaja? Pruebe las p\u00edldoras sexuales naturales a base de hierbas de MCSX para mujeres, hombres y todos los dem\u00e1s. Estos productos est\u00e1n dise\u00f1ados espec\u00edficamente con el aumento de la libido y la resistencia en mente para que cuando llegue el momento de hacer el amor toda la noche - \u00a1nadie tenga excusas para no ser capaz de dar lo mejor de s\u00ed!<\/p>\n<p>No s\u00f3lo te ayudar\u00e1n a aumentar tu energ\u00eda sexual, sino que tampoco tendr\u00e1s que preocuparte de que las herramientas vuelvan a fallarte. \u00a1Prep\u00e1rate para una noche excitante!<\/p>\n<p>&nbsp;<\/p>","protected":false},"excerpt":{"rendered":"<p>MCSX es un estimulador sexual y de la libido a base de hierbas. Aumenta el flujo sangu\u00edneo a los m\u00fasculos necesarios. Adem\u00e1s de aumentar la libido, le proporciona mucha energ\u00eda para disfrutar de una noche de pasi\u00f3n m\u00e1s larga. Contiene 6 c\u00e1psulas.<\/p>","protected":false},"featured_media":35812,"template":"","meta":[],"product_brand":[],"product_cat":[395,297,707,411,494,386,705,384],"product_tag":[],"class_list":{"0":"post-35836","1":"product","2":"type-product","3":"status-publish","4":"has-post-thumbnail","6":"product_cat-aphrodisiacs","7":"product_cat-all-products","8":"product_cat-buy-xtc","9":"product_cat-energy-pills","10":"product_cat-hpa","11":"product_cat-party-pills","12":"product_cat-sex-shop","13":"product_cat-smartshop","14":"product_shipping_class-not-allowed-group-1","16":"first","17":"instock","18":"taxable","19":"shipping-taxable","20":"purchasable","21":"product-type-variable","22":"has-default-attributes"},"_links":{"self":[{"href":"https:\/\/www.headshop.nl\/es\/wp-json\/wp\/v2\/product\/35836","targetHints":{"allow":["GET"]}}],"collection":[{"href":"https:\/\/www.headshop.nl\/es\/wp-json\/wp\/v2\/product"}],"about":[{"href":"https:\/\/www.headshop.nl\/es\/wp-json\/wp\/v2\/types\/product"}],"wp:featuredmedia":[{"embeddable":true,"href":"https:\/\/www.headshop.nl\/es\/wp-json\/wp\/v2\/media\/35812"}],"wp:attachment":[{"href":"https:\/\/www.headshop.nl\/es\/wp-json\/wp\/v2\/media?parent=35836"}],"wp:term":[{"taxonomy":"product_brand","embeddable":true,"href":"https:\/\/www.headshop.nl\/es\/wp-json\/wp\/v2\/product_brand?post=35836"},{"taxonomy":"product_cat","embeddable":true,"href":"https:\/\/www.headshop.nl\/es\/wp-json\/wp\/v2\/product_cat?post=35836"},{"taxonomy":"product_tag","embeddable":true,"href":"https:\/\/www.headshop.nl\/es\/wp-json\/wp\/v2\/product_tag?post=35836"}],"curies":[{"name":"wp","href":"https:\/\/api.w.org\/{rel}","templated":true}]}}