{"id":35834,"date":"2021-08-17T12:20:50","date_gmt":"2021-08-17T12:20:50","guid":{"rendered":"https:\/\/www.headshop.nl\/?post_type=product&#038;p=35834"},"modified":"2025-10-10T01:26:26","modified_gmt":"2025-10-10T01:26:26","slug":"mdaa-partypills","status":"publish","type":"product","link":"https:\/\/www.headshop.nl\/es\/mdaa-partypills\/","title":{"rendered":"MDAA Partypills"},"content":{"rendered":"<h2>6 MDAA Partypills de HPA<\/h2>\n<p>\u00bfCu\u00e1l es la manera perfecta de divertirse? \u00a1HPA MDAA! Este suplemento a base de hierbas llevar\u00e1 tu experiencia a un nivel completamente nuevo, sin nada que pueda perjudicarte. Con ingredientes naturales y extractos de hierbas - esta p\u00edldora se asegura de que est\u00e9s con m\u00e1s energ\u00eda que nunca mientras disfrutas de los momentos maravillosos de la vida con bandas sonoras de calidad de otro mundo.<\/p>\n<p>\u00a1HPA MDAA es una alternativa herbal a las pastillas para fiestas callejeras! Aumenta la vitalidad y te ayuda a disfrutar del maravilloso mundo del sonido. Llena de ingredientes naturales, esta p\u00edldora te permitir\u00e1 tener una noche llena de maravillas sin ning\u00fan efecto secundario al d\u00eda siguiente. Esto es para cualquiera que busque pasarlo en grande mientras sale de fiesta - pero sin querer nada malo a cambio de su consumo de alcohol o drogas.<\/p>","protected":false},"excerpt":{"rendered":"<p>HPA MDAA es la p\u00edldora de fiesta a base de hierbas que te proporcionar\u00e1 una noche de maravilla sin efectos secundarios. Este producto natural contiene ingredientes que aumentan tu vitalidad y te facilitan disfrutar de los placeres de la vida, \u00a1como la m\u00fasica! \u00a1Prep\u00e1rate para la fiesta toda la noche!<\/p>","protected":false},"featured_media":35816,"template":"","meta":[],"product_brand":[],"product_cat":[386,297,707,411,494,397,384],"product_tag":[],"class_list":{"0":"post-35834","1":"product","2":"type-product","3":"status-publish","4":"has-post-thumbnail","6":"product_cat-party-pills","7":"product_cat-all-products","8":"product_cat-buy-xtc","9":"product_cat-energy-pills","10":"product_cat-hpa","11":"product_cat-party","12":"product_cat-smartshop","13":"product_shipping_class-not-allowed-group-1","15":"first","16":"instock","17":"taxable","18":"shipping-taxable","19":"purchasable","20":"product-type-variable","21":"has-default-attributes"},"_links":{"self":[{"href":"https:\/\/www.headshop.nl\/es\/wp-json\/wp\/v2\/product\/35834","targetHints":{"allow":["GET"]}}],"collection":[{"href":"https:\/\/www.headshop.nl\/es\/wp-json\/wp\/v2\/product"}],"about":[{"href":"https:\/\/www.headshop.nl\/es\/wp-json\/wp\/v2\/types\/product"}],"wp:featuredmedia":[{"embeddable":true,"href":"https:\/\/www.headshop.nl\/es\/wp-json\/wp\/v2\/media\/35816"}],"wp:attachment":[{"href":"https:\/\/www.headshop.nl\/es\/wp-json\/wp\/v2\/media?parent=35834"}],"wp:term":[{"taxonomy":"product_brand","embeddable":true,"href":"https:\/\/www.headshop.nl\/es\/wp-json\/wp\/v2\/product_brand?post=35834"},{"taxonomy":"product_cat","embeddable":true,"href":"https:\/\/www.headshop.nl\/es\/wp-json\/wp\/v2\/product_cat?post=35834"},{"taxonomy":"product_tag","embeddable":true,"href":"https:\/\/www.headshop.nl\/es\/wp-json\/wp\/v2\/product_tag?post=35834"}],"curies":[{"name":"wp","href":"https:\/\/api.w.org\/{rel}","templated":true}]}}