{"id":35832,"date":"2021-08-17T12:20:42","date_gmt":"2021-08-17T12:20:42","guid":{"rendered":"https:\/\/www.headshop.nl\/?post_type=product&#038;p=35832"},"modified":"2025-06-06T06:31:12","modified_gmt":"2025-06-06T06:31:12","slug":"xtcy-partypills","status":"publish","type":"product","link":"https:\/\/www.headshop.nl\/es\/xtcy-partypills\/","title":{"rendered":"XTCY Partypills"},"content":{"rendered":"<h2>6 XTCY Partypills de HPA<\/h2>\n<p>Si quieres bailar toda la noche sin preocupaciones, \u00a1no busques m\u00e1s! HPA XTCY Party Pill Set incluye todo lo que tu cuerpo necesita para pasar un rato incre\u00edble con los amigos. Si la fiesta es demasiado para un d\u00eda y quieres volver a hacerlo ma\u00f1ana, este juego de pastillas tambi\u00e9n lo tiene cubierto.<\/p>\n<p>Los fiesteros ingeniosos que necesitan un chute de energ\u00eda deber\u00edan considerar los Energizantes XTCY. La f\u00f3rmula combina ingredientes naturales que te dan un subid\u00f3n de energ\u00eda perfecto para las fiestas y te ayudan a pasar la noche. Algunos usuarios lo encuentran muy similar al \u00e9xtasis real, \u00a1pero sin efectos secundarios!<\/p>\n<p>&nbsp;<\/p>","protected":false},"excerpt":{"rendered":"<p>\u00bfQuieres estar de fiesta toda la noche con tus amigos? HPA XTCY Party Pill Set te dar\u00e1 un impulso de energ\u00eda natural para que los movimientos de baile m\u00e1s intensos no te agoten. Adem\u00e1s, estas pastillas son una alternativa saludable a las drogas t\u00f3xicas de la calle y est\u00e1n fabricadas con ingredientes naturales completamente legales.<\/p>","protected":false},"featured_media":35824,"template":"","meta":[],"product_brand":[],"product_cat":[386,297,707,411,494,397,384],"product_tag":[],"class_list":{"0":"post-35832","1":"product","2":"type-product","3":"status-publish","4":"has-post-thumbnail","6":"product_cat-party-pills","7":"product_cat-all-products","8":"product_cat-buy-xtc","9":"product_cat-energy-pills","10":"product_cat-hpa","11":"product_cat-party","12":"product_cat-smartshop","13":"product_shipping_class-not-allowed-group-1","15":"first","16":"instock","17":"taxable","18":"shipping-taxable","19":"purchasable","20":"product-type-variable","21":"has-default-attributes"},"_links":{"self":[{"href":"https:\/\/www.headshop.nl\/es\/wp-json\/wp\/v2\/product\/35832","targetHints":{"allow":["GET"]}}],"collection":[{"href":"https:\/\/www.headshop.nl\/es\/wp-json\/wp\/v2\/product"}],"about":[{"href":"https:\/\/www.headshop.nl\/es\/wp-json\/wp\/v2\/types\/product"}],"wp:featuredmedia":[{"embeddable":true,"href":"https:\/\/www.headshop.nl\/es\/wp-json\/wp\/v2\/media\/35824"}],"wp:attachment":[{"href":"https:\/\/www.headshop.nl\/es\/wp-json\/wp\/v2\/media?parent=35832"}],"wp:term":[{"taxonomy":"product_brand","embeddable":true,"href":"https:\/\/www.headshop.nl\/es\/wp-json\/wp\/v2\/product_brand?post=35832"},{"taxonomy":"product_cat","embeddable":true,"href":"https:\/\/www.headshop.nl\/es\/wp-json\/wp\/v2\/product_cat?post=35832"},{"taxonomy":"product_tag","embeddable":true,"href":"https:\/\/www.headshop.nl\/es\/wp-json\/wp\/v2\/product_tag?post=35832"}],"curies":[{"name":"wp","href":"https:\/\/api.w.org\/{rel}","templated":true}]}}