{"id":35830,"date":"2021-08-17T12:20:41","date_gmt":"2021-08-17T12:20:41","guid":{"rendered":"https:\/\/www.headshop.nl\/?post_type=product&#038;p=35830"},"modified":"2025-06-06T06:34:03","modified_gmt":"2025-06-06T06:34:03","slug":"triple-xxx-partypills","status":"publish","type":"product","link":"https:\/\/www.headshop.nl\/es\/triple-xxx-partypills\/","title":{"rendered":"Triple XXX Partypills"},"content":{"rendered":"<h2>6 Triple XXX Partypills de HPA<\/h2>\n<p>Las pastillas para fiestas Triple XXX son la mejor opci\u00f3n para aquellos que quieren tener una noche verdaderamente memorable. Triple XXX est\u00e1 llena de ingredientes naturales que proporcionan una experiencia edificante y euf\u00f3rica, \u00a1as\u00ed como algo de fortaleza mental cuando m\u00e1s lo necesitas!<\/p>\n<p>Si quieres salir de fiesta como un holand\u00e9s en Amsterdam, entonces Triple XXX es la pastilla para ti. Estas pastillas est\u00e1n elaboradas con ingredientes naturales que proporcionan dosis saludables de energ\u00eda y buen rollo sin sustancias artificiales ni efectos secundarios peligrosos.<\/p>\n<p>La Triple XXX tiene todas las ventajas de las drogas de fiesta cl\u00e1sicas pero ninguno de sus inconvenientes: \u00a1no es adictiva ni provoca alucinaciones en caso de sobredosis! No te preocupes demasiado por tu h\u00edgado porque estas pastillas s\u00f3lo contienen dos tipos de estimulantes (cafe\u00edna y guaran\u00e1) que han demostrado ser seguros en diversos estudios m\u00e9dicos.<\/p>\n<p>Las pastillas para fiestas Triple XXX llenar\u00e1n tu noche de energ\u00eda y buenas vibraciones. Esta es una gran elecci\u00f3n si no s\u00f3lo est\u00e1s buscando una pastilla para fiestas euf\u00f3rica, \u00a1sino que tambi\u00e9n quieres a\u00f1adir esa pizca de poder mental por encima!<\/p>","protected":false},"excerpt":{"rendered":"<p>Las p\u00edldoras de fiesta Triple X han sido dise\u00f1adas para hacer que tu noche en \u00c1msterdam sea a\u00fan m\u00e1s incre\u00edble. Estos suplementos naturales son la elecci\u00f3n perfecta si quieres una noche euf\u00f3rica y llena de energ\u00eda, buen rollo y fuerza mental.<\/p>","protected":false},"featured_media":35820,"template":"","meta":[],"product_brand":[],"product_cat":[386,297,707,411,494,397,384],"product_tag":[],"class_list":{"0":"post-35830","1":"product","2":"type-product","3":"status-publish","4":"has-post-thumbnail","6":"product_cat-party-pills","7":"product_cat-all-products","8":"product_cat-buy-xtc","9":"product_cat-energy-pills","10":"product_cat-hpa","11":"product_cat-party","12":"product_cat-smartshop","13":"product_shipping_class-not-allowed-group-1","15":"first","16":"instock","17":"taxable","18":"shipping-taxable","19":"purchasable","20":"product-type-variable","21":"has-default-attributes"},"_links":{"self":[{"href":"https:\/\/www.headshop.nl\/es\/wp-json\/wp\/v2\/product\/35830","targetHints":{"allow":["GET"]}}],"collection":[{"href":"https:\/\/www.headshop.nl\/es\/wp-json\/wp\/v2\/product"}],"about":[{"href":"https:\/\/www.headshop.nl\/es\/wp-json\/wp\/v2\/types\/product"}],"wp:featuredmedia":[{"embeddable":true,"href":"https:\/\/www.headshop.nl\/es\/wp-json\/wp\/v2\/media\/35820"}],"wp:attachment":[{"href":"https:\/\/www.headshop.nl\/es\/wp-json\/wp\/v2\/media?parent=35830"}],"wp:term":[{"taxonomy":"product_brand","embeddable":true,"href":"https:\/\/www.headshop.nl\/es\/wp-json\/wp\/v2\/product_brand?post=35830"},{"taxonomy":"product_cat","embeddable":true,"href":"https:\/\/www.headshop.nl\/es\/wp-json\/wp\/v2\/product_cat?post=35830"},{"taxonomy":"product_tag","embeddable":true,"href":"https:\/\/www.headshop.nl\/es\/wp-json\/wp\/v2\/product_tag?post=35830"}],"curies":[{"name":"wp","href":"https:\/\/api.w.org\/{rel}","templated":true}]}}