{"id":35754,"date":"2021-08-17T09:22:54","date_gmt":"2021-08-17T09:22:54","guid":{"rendered":"https:\/\/www.headshop.nl\/?post_type=product&#038;p=35754"},"modified":"2026-01-20T13:52:31","modified_gmt":"2026-01-20T13:52:31","slug":"trip-e-happycaps","status":"publish","type":"product","link":"https:\/\/www.headshop.nl\/es\/trip-e-happycaps\/","title":{"rendered":"Trip E Happy Caps"},"content":{"rendered":"<h2>4 Partypills de Trip E de HappyCaps<\/h2>\n<p>Si buscas una experiencia psicod\u00e9lica y meditativa con tu pastilla para fiestas, \u00e9sta ser\u00e1 perfecta. Empieza despacio (m\u00e1ximo 2 c\u00e1psulas) para que no te abrume la primera vez.<\/p>\n<p>Esta alternativa herbal es genial por su viaje introspectivo que est\u00e1 al alcance de cualquiera que cuide su propia mente antes de embarcarse en una aventura triposa.<\/p>\n<p>Trip-E ofrece una experiencia psicod\u00e9lica \u00fanica e intensa. La f\u00f3rmula es perfecta para aquellos que buscan dar el siguiente paso en su viaje hacia la exploraci\u00f3n de la consciencia y la expansi\u00f3n de la conciencia a trav\u00e9s de un viaje inolvidable sin distracciones.<\/p>\n<p>Trip-E, una c\u00e1psula psicod\u00e9lica que te llevar\u00e1 a un viaje meditativo inolvidable. Esta f\u00f3rmula es perfecta para cualquier entorno en el que nada pueda distraer la espectacular e intensa experiencia de viaje del tripper.<\/p>","protected":false},"excerpt":{"rendered":"<p>Trip E Happy Caps es la p\u00edldora de fiesta m\u00e1s trippy disponible. \u00a1Esta f\u00f3rmula a base de hierbas naturales abrir\u00e1 una puerta a un mundo psicod\u00e9lico incre\u00edble con visuales de luz incluidos!<\/p>","protected":false},"featured_media":47998,"template":"","meta":[],"product_brand":[],"product_cat":[412,297,707,409,397,386,384],"product_tag":[],"class_list":{"0":"post-35754","1":"product","2":"type-product","3":"status-publish","4":"has-post-thumbnail","6":"product_cat-trippy-pills","7":"product_cat-all-products","8":"product_cat-buy-xtc","9":"product_cat-happy-caps","10":"product_cat-party","11":"product_cat-party-pills","12":"product_cat-smartshop","13":"product_shipping_class-not-allowed-group-3","15":"first","16":"instock","17":"taxable","18":"shipping-taxable","19":"purchasable","20":"product-type-variable","21":"has-default-attributes"},"_links":{"self":[{"href":"https:\/\/www.headshop.nl\/es\/wp-json\/wp\/v2\/product\/35754","targetHints":{"allow":["GET"]}}],"collection":[{"href":"https:\/\/www.headshop.nl\/es\/wp-json\/wp\/v2\/product"}],"about":[{"href":"https:\/\/www.headshop.nl\/es\/wp-json\/wp\/v2\/types\/product"}],"wp:featuredmedia":[{"embeddable":true,"href":"https:\/\/www.headshop.nl\/es\/wp-json\/wp\/v2\/media\/47998"}],"wp:attachment":[{"href":"https:\/\/www.headshop.nl\/es\/wp-json\/wp\/v2\/media?parent=35754"}],"wp:term":[{"taxonomy":"product_brand","embeddable":true,"href":"https:\/\/www.headshop.nl\/es\/wp-json\/wp\/v2\/product_brand?post=35754"},{"taxonomy":"product_cat","embeddable":true,"href":"https:\/\/www.headshop.nl\/es\/wp-json\/wp\/v2\/product_cat?post=35754"},{"taxonomy":"product_tag","embeddable":true,"href":"https:\/\/www.headshop.nl\/es\/wp-json\/wp\/v2\/product_tag?post=35754"}],"curies":[{"name":"wp","href":"https:\/\/api.w.org\/{rel}","templated":true}]}}