{"id":35749,"date":"2021-08-17T08:03:43","date_gmt":"2021-08-17T08:03:43","guid":{"rendered":"https:\/\/www.headshop.nl\/?post_type=product&#038;p=35749"},"modified":"2026-02-21T01:26:16","modified_gmt":"2026-02-21T01:26:16","slug":"sex-e-happycaps","status":"publish","type":"product","link":"https:\/\/www.headshop.nl\/es\/sex-e-happycaps\/","title":{"rendered":"Sex E Happy Caps"},"content":{"rendered":"<h2>4 Partypills de Sex E de HappyCaps<\/h2>\n<p>El Sex E Happy Caps ser\u00e1 el complemento perfecto para cualquier velada rom\u00e1ntica. Esta f\u00f3rmula a base de hierbas naturales act\u00faa como afrodis\u00edaco y puede aumentar la libido, mejorar el rendimiento en la cama, \u00a1y mucho m\u00e1s!<\/p>\n<p>Para aquellos que busquen un estimulante de la libido y un aumento de la sensualidad, \u00e9ste es un afrodis\u00edaco perfecto que puede ser utilizado por ambos miembros de la pareja. Si est\u00e1s planeando una noche rom\u00e1ntica con tu pareja y quieres llenar el ambiente de energ\u00eda lujuriosa, saca estos potentes ingredientes.<\/p>\n<p>Ayudar\u00e1n a cualquier persona que desee que su vida sexual estalle en algo m\u00e1s apasionado de lo que jam\u00e1s haya experimentado antes -esta f\u00f3rmula funciona incluso en personas sin experiencia en otros estimulantes o drogas- \u00a1simplemente \u00e1brala y disfrute de las sensaciones lo antes posible!<\/p>\n<p>Para aquellos que est\u00e1n planeando utilizar un afrodis\u00edaco, este suplemento es perfecto para la mejora sensual. El estimulante que aumenta la libido fluir\u00e1 con amor y excitaci\u00f3n durante los momentos rom\u00e1nticos de intimidad. \u00a1Aquellos sin experiencia en otras estimulaciones pueden simplemente pop cuando quieren un poco de impulso extra tambi\u00e9n!<\/p>","protected":false},"excerpt":{"rendered":"<p>Cuando t\u00fa y tu pareja os sint\u00e1is un poco juguetones, \u00a1tomad el Sex E Happy Caps! Esta f\u00f3rmula natural a base de plantas act\u00faa como afrodis\u00edaco. Eso significa que puede aumentar la libido y mejorar el rendimiento en la cama, entre otras cosas. Si eso no se convierte en romanticismo en un abrir y cerrar de ojos, \u00a1no sabemos qu\u00e9 lo lograr\u00e1!<\/p>","protected":false},"featured_media":47994,"template":"","meta":[],"product_brand":[],"product_cat":[395,297,707,411,409,386,705,384],"product_tag":[],"class_list":{"0":"post-35749","1":"product","2":"type-product","3":"status-publish","4":"has-post-thumbnail","6":"product_cat-aphrodisiacs","7":"product_cat-all-products","8":"product_cat-buy-xtc","9":"product_cat-energy-pills","10":"product_cat-happy-caps","11":"product_cat-party-pills","12":"product_cat-sex-shop","13":"product_cat-smartshop","15":"first","16":"instock","17":"taxable","18":"shipping-taxable","19":"purchasable","20":"product-type-variable","21":"has-default-attributes"},"_links":{"self":[{"href":"https:\/\/www.headshop.nl\/es\/wp-json\/wp\/v2\/product\/35749","targetHints":{"allow":["GET"]}}],"collection":[{"href":"https:\/\/www.headshop.nl\/es\/wp-json\/wp\/v2\/product"}],"about":[{"href":"https:\/\/www.headshop.nl\/es\/wp-json\/wp\/v2\/types\/product"}],"wp:featuredmedia":[{"embeddable":true,"href":"https:\/\/www.headshop.nl\/es\/wp-json\/wp\/v2\/media\/47994"}],"wp:attachment":[{"href":"https:\/\/www.headshop.nl\/es\/wp-json\/wp\/v2\/media?parent=35749"}],"wp:term":[{"taxonomy":"product_brand","embeddable":true,"href":"https:\/\/www.headshop.nl\/es\/wp-json\/wp\/v2\/product_brand?post=35749"},{"taxonomy":"product_cat","embeddable":true,"href":"https:\/\/www.headshop.nl\/es\/wp-json\/wp\/v2\/product_cat?post=35749"},{"taxonomy":"product_tag","embeddable":true,"href":"https:\/\/www.headshop.nl\/es\/wp-json\/wp\/v2\/product_tag?post=35749"}],"curies":[{"name":"wp","href":"https:\/\/api.w.org\/{rel}","templated":true}]}}