{"id":35745,"date":"2021-08-17T07:34:08","date_gmt":"2021-08-17T07:34:08","guid":{"rendered":"https:\/\/www.headshop.nl\/?post_type=product&#038;p=35745"},"modified":"2025-12-31T01:26:25","modified_gmt":"2025-12-31T01:26:25","slug":"heavenly-e-happycaps","status":"publish","type":"product","link":"https:\/\/www.headshop.nl\/es\/heavenly-e-happycaps\/","title":{"rendered":"Heavenly E Happy Caps"},"content":{"rendered":"<h2>4 Partypills de Heavenly E de HappyCaps<\/h2>\n<p>Relaxing es f\u00e1cil cuando sabes qu\u00e9 hacer. Las c\u00e1psulas Heavenly E de Happy Caps son justo lo que necesitas para pasar una noche sinti\u00e9ndote bien contigo mismo y con tu vida. Estas potentes p\u00edldoras naturales te har\u00e1n sentir relajado, aliviar el estr\u00e9s y hacer que fluyan sentimientos positivos por cada parte de tu cuerpo - as\u00ed como mejorar el estado de \u00e1nimo en general con una saludable dosis de sentimientos calmantes.<\/p>\n<p>Olv\u00eddese de los problemas que pueda tener encima: \u00a1disfrute de esta noche libre sin volver a preocuparse porque esta c\u00e1psula puede deshacerse de cualquier cosa negativa o estresante que se les eche encima como una aut\u00e9ntica jefa!<\/p>\n<p>Este sedante es una alternativa maravillosa para quienes buscan relajarse al final del d\u00eda. No te dejar\u00e1 perezoso, pero pondr\u00e1 tu mente en un lugar tranquilo en el que todas las preocupaciones parecer\u00e1n poca cosa.<\/p>\n<p>Esta p\u00edldora proporciona alivio del estr\u00e9s e incluso algo de energ\u00eda. Este suplemento a base de hierbas puede ser justo lo que necesitas despu\u00e9s de un largo y duro d\u00eda en el que todo parece demasiado - lib\u00e9rate de ese peso sobre tus hombros.<\/p>","protected":false},"excerpt":{"rendered":"<p>Las c\u00e1psulas Heavenly E de Happy Caps le har\u00e1n sentir como si todas sus preocupaciones hubieran desaparecido. Su f\u00f3rmula a base de ingredientes naturales evita que el estr\u00e9s se apodere de ti, mejora tu estado de \u00e1nimo y levanta el \u00e1nimo.<\/p>","protected":false},"featured_media":47986,"template":"","meta":[],"product_brand":[],"product_cat":[386,297,707,409,396,413,384],"product_tag":[],"class_list":{"0":"post-35745","1":"product","2":"type-product","3":"status-publish","4":"has-post-thumbnail","6":"product_cat-party-pills","7":"product_cat-all-products","8":"product_cat-buy-xtc","9":"product_cat-happy-caps","10":"product_cat-relax","11":"product_cat-relax-pills","12":"product_cat-smartshop","14":"first","15":"instock","16":"taxable","17":"shipping-taxable","18":"purchasable","19":"product-type-variable","20":"has-default-attributes"},"_links":{"self":[{"href":"https:\/\/www.headshop.nl\/es\/wp-json\/wp\/v2\/product\/35745","targetHints":{"allow":["GET"]}}],"collection":[{"href":"https:\/\/www.headshop.nl\/es\/wp-json\/wp\/v2\/product"}],"about":[{"href":"https:\/\/www.headshop.nl\/es\/wp-json\/wp\/v2\/types\/product"}],"wp:featuredmedia":[{"embeddable":true,"href":"https:\/\/www.headshop.nl\/es\/wp-json\/wp\/v2\/media\/47986"}],"wp:attachment":[{"href":"https:\/\/www.headshop.nl\/es\/wp-json\/wp\/v2\/media?parent=35745"}],"wp:term":[{"taxonomy":"product_brand","embeddable":true,"href":"https:\/\/www.headshop.nl\/es\/wp-json\/wp\/v2\/product_brand?post=35745"},{"taxonomy":"product_cat","embeddable":true,"href":"https:\/\/www.headshop.nl\/es\/wp-json\/wp\/v2\/product_cat?post=35745"},{"taxonomy":"product_tag","embeddable":true,"href":"https:\/\/www.headshop.nl\/es\/wp-json\/wp\/v2\/product_tag?post=35745"}],"curies":[{"name":"wp","href":"https:\/\/api.w.org\/{rel}","templated":true}]}}