{"id":35741,"date":"2021-08-17T07:33:56","date_gmt":"2021-08-17T07:33:56","guid":{"rendered":"https:\/\/www.headshop.nl\/?post_type=product&#038;p=35741"},"modified":"2025-06-06T06:34:21","modified_gmt":"2025-06-06T06:34:21","slug":"atomic-partypills","status":"publish","type":"product","link":"https:\/\/www.headshop.nl\/es\/atomic-partypills\/","title":{"rendered":"Atomic Partypills"},"content":{"rendered":"<h2>6 Atomic Partypills de HPA<\/h2>\n<p>\u00bfAlguna vez has estado tan lleno de energ\u00eda que la gente a tu alrededor siente tus vibraciones? Pues estas pastillas te proporcionar\u00e1n horas de fiesta de alta energ\u00eda sin parar. Ofrecer\u00e1n un est\u00edmulo a la mente y al cuerpo para cualquier ocasi\u00f3n. Ya sea porque el trabajo ha agotado toda tu resistencia o simplemente porque quieres salir de fiesta con tus amigos - \u00a1estas pastillas son perfectas para cualquier momento de una noche!<\/p>\n<p>Como su nombre indica, si usted est\u00e1 buscando una bomba de energ\u00eda, entonces no busque m\u00e1s all\u00e1 de Atomic Party Pills. Este incre\u00edble suplemento contiene ingredientes naturales que pueden ayudar a mejorar las capacidades cognitivas como la concentraci\u00f3n mientras que da a los usuarios de larga duraci\u00f3n r\u00e1fagas de energ\u00eda durante todo el d\u00eda sin tener que accidente de sus efectos m\u00e1s tarde en el camino.<\/p>\n<p>Estas pastillas para fiestas tienen el potencial de ser una verdadera bomba de energ\u00eda y est\u00e1n cargadas de ingredientes naturales que pueden potenciar tus capacidades cognitivas. Si lo que quieres es divertirte en serio, \u00a1estas pastillas te vendr\u00e1n como anillo al dedo!<\/p>","protected":false},"excerpt":{"rendered":"<p>Si est\u00e1s buscando una forma r\u00e1pida y f\u00e1cil de conseguir la energ\u00eda de una bomba at\u00f3mica, \u00a1las pastillas para fiestas Atomic son lo que necesitas! Estas pastillas no s\u00f3lo aumentar\u00e1n tus capacidades cognitivas, sino que tambi\u00e9n contienen ingredientes naturales que te ayudar\u00e1n a mantener a raya esas molestas resacas. Tanto si te vas de fiesta como si te quedas despierto hasta tarde estudiando para los ex\u00e1menes, estas c\u00e1psulas nocturnas son tan \u00fatiles en el campus como en cualquier otra ocasi\u00f3n, \u00a1as\u00ed que pru\u00e9balas hoy mismo!<\/p>","protected":false},"featured_media":35828,"template":"","meta":[],"product_brand":[],"product_cat":[386,297,707,411,494,397,384],"product_tag":[],"class_list":{"0":"post-35741","1":"product","2":"type-product","3":"status-publish","4":"has-post-thumbnail","6":"product_cat-party-pills","7":"product_cat-all-products","8":"product_cat-buy-xtc","9":"product_cat-energy-pills","10":"product_cat-hpa","11":"product_cat-party","12":"product_cat-smartshop","13":"product_shipping_class-not-allowed-group-1","15":"first","16":"instock","17":"taxable","18":"shipping-taxable","19":"purchasable","20":"product-type-variable","21":"has-default-attributes"},"_links":{"self":[{"href":"https:\/\/www.headshop.nl\/es\/wp-json\/wp\/v2\/product\/35741","targetHints":{"allow":["GET"]}}],"collection":[{"href":"https:\/\/www.headshop.nl\/es\/wp-json\/wp\/v2\/product"}],"about":[{"href":"https:\/\/www.headshop.nl\/es\/wp-json\/wp\/v2\/types\/product"}],"wp:featuredmedia":[{"embeddable":true,"href":"https:\/\/www.headshop.nl\/es\/wp-json\/wp\/v2\/media\/35828"}],"wp:attachment":[{"href":"https:\/\/www.headshop.nl\/es\/wp-json\/wp\/v2\/media?parent=35741"}],"wp:term":[{"taxonomy":"product_brand","embeddable":true,"href":"https:\/\/www.headshop.nl\/es\/wp-json\/wp\/v2\/product_brand?post=35741"},{"taxonomy":"product_cat","embeddable":true,"href":"https:\/\/www.headshop.nl\/es\/wp-json\/wp\/v2\/product_cat?post=35741"},{"taxonomy":"product_tag","embeddable":true,"href":"https:\/\/www.headshop.nl\/es\/wp-json\/wp\/v2\/product_tag?post=35741"}],"curies":[{"name":"wp","href":"https:\/\/api.w.org\/{rel}","templated":true}]}}