{"id":35737,"date":"2021-08-17T07:33:52","date_gmt":"2021-08-17T07:33:52","guid":{"rendered":"https:\/\/www.headshop.nl\/?post_type=product&#038;p=35737"},"modified":"2025-12-31T01:26:25","modified_gmt":"2025-12-31T01:26:25","slug":"party-e-happycaps","status":"publish","type":"product","link":"https:\/\/www.headshop.nl\/es\/party-e-happycaps\/","title":{"rendered":"Party E Happy Caps"},"content":{"rendered":"<h2>4 Partypills de Party E de HappyCaps<\/h2>\n<p>Las c\u00e1psulas Party E de Happy Caps est\u00e1n especialmente desarrolladas para que vivas una gran noche. Con las p\u00edldoras Party E, \u00a1proporcionas m\u00e1s energ\u00eda y \u00e1nimo para una fiesta divertida todo en uno! Y s\u00ed, tambi\u00e9n son legales - as\u00ed que no hay necesidad de preocuparse por meterse en problemas con ese molesto agente de la ley en su casa.<\/p>\n<p>Puede que haya llegado el momento de animar tu vida social, y si quieres una forma a base de hierbas que te aporte mucha energ\u00eda para cuando empiece la fiesta, \u00a1no busques m\u00e1s! El potenciador del estado de \u00e1nimo m\u00e1s social tambi\u00e9n es una gran alternativa, ya que se adapta a lo fiestero que seas. Esta p\u00edldora fomenta la euforia en cualquier fiesta reforz\u00e1ndote con un mont\u00f3n de hierbas diferentes como Damiana hoja y Passion Flower Extract.<\/p>\n<p>Si quieres divertirte como si no hubiera un ma\u00f1ana, \u00a1no busques m\u00e1s que este estimulante del estado de \u00e1nimo! Esta alternativa herbal mantendr\u00e1 tu energ\u00eda fluyendo y te dar\u00e1 mucha euforia.<\/p>","protected":false},"excerpt":{"rendered":"<p>\u00a1Hora de Party! Las c\u00e1psulas Party E de Happy Caps te tienen cubierto para una gran noche. Con las pastillas, tendr\u00e1s m\u00e1s energ\u00eda y te sentir\u00e1s mejor en general, adem\u00e1s de disfrutar de una fiesta incre\u00edble con todos tus amigos. Adem\u00e1s, son de origen natural, lo que es una noticia a\u00fan mejor, \u00a1adem\u00e1s de ser legales!<\/p>","protected":false},"featured_media":47988,"template":"","meta":[],"product_brand":[],"product_cat":[386,297,707,411,409,397,384],"product_tag":[],"class_list":{"0":"post-35737","1":"product","2":"type-product","3":"status-publish","4":"has-post-thumbnail","6":"product_cat-party-pills","7":"product_cat-all-products","8":"product_cat-buy-xtc","9":"product_cat-energy-pills","10":"product_cat-happy-caps","11":"product_cat-party","12":"product_cat-smartshop","14":"first","15":"instock","16":"taxable","17":"shipping-taxable","18":"purchasable","19":"product-type-variable","20":"has-default-attributes"},"_links":{"self":[{"href":"https:\/\/www.headshop.nl\/es\/wp-json\/wp\/v2\/product\/35737","targetHints":{"allow":["GET"]}}],"collection":[{"href":"https:\/\/www.headshop.nl\/es\/wp-json\/wp\/v2\/product"}],"about":[{"href":"https:\/\/www.headshop.nl\/es\/wp-json\/wp\/v2\/types\/product"}],"wp:featuredmedia":[{"embeddable":true,"href":"https:\/\/www.headshop.nl\/es\/wp-json\/wp\/v2\/media\/47988"}],"wp:attachment":[{"href":"https:\/\/www.headshop.nl\/es\/wp-json\/wp\/v2\/media?parent=35737"}],"wp:term":[{"taxonomy":"product_brand","embeddable":true,"href":"https:\/\/www.headshop.nl\/es\/wp-json\/wp\/v2\/product_brand?post=35737"},{"taxonomy":"product_cat","embeddable":true,"href":"https:\/\/www.headshop.nl\/es\/wp-json\/wp\/v2\/product_cat?post=35737"},{"taxonomy":"product_tag","embeddable":true,"href":"https:\/\/www.headshop.nl\/es\/wp-json\/wp\/v2\/product_tag?post=35737"}],"curies":[{"name":"wp","href":"https:\/\/api.w.org\/{rel}","templated":true}]}}