{"id":35735,"date":"2021-08-17T07:33:50","date_gmt":"2021-08-17T07:33:50","guid":{"rendered":"https:\/\/www.headshop.nl\/?post_type=product&#038;p=35735"},"modified":"2025-12-31T01:26:25","modified_gmt":"2025-12-31T01:26:25","slug":"euphory-e-happycaps","status":"publish","type":"product","link":"https:\/\/www.headshop.nl\/es\/euphory-e-happycaps\/","title":{"rendered":"Euphory E Happy Caps"},"content":{"rendered":"<h2>4 Partypills de Euphory E de HappyCaps<\/h2>\n<p>Euphory E no es la t\u00edpica pastilla para fiestas. Este suplemento herbal te dar\u00e1 una sensaci\u00f3n de euforia, \u00a1que puede ser lo que algunas personas necesitan para hacer su noche a\u00fan m\u00e1s especial!<\/p>\n<p>Las pastillas para fiestas Euphory E de Happy Caps har\u00e1n que su pr\u00f3xima velada sea inolvidable. La f\u00f3rmula a base de hierbas naturales proporciona una sensaci\u00f3n agradable y en\u00e9rgica que se acompa\u00f1a de una gran satisfacci\u00f3n, por lo que puede utilizar estas tapas en la fiesta para hacer que el ambiente sea a\u00fan m\u00e1s hermoso de lo que ya es.<\/p>\n<p>Euphory E es una pastilla para fiestas que har\u00e1 que tu noche pase de buena a genial. Tiene potenciadores del estado de \u00e1nimo para los que necesitan un empuj\u00f3n extra, y te ayuda a sentirte m\u00e1s seguro en las fiestas. Si esto es lo que buscas para esta ocasi\u00f3n especial, Euphory E es lo que necesitas.<\/p>","protected":false},"excerpt":{"rendered":"<p>Las pastillas para fiestas Euphory E son la forma perfecta de disfrutar de cualquier evento. La f\u00f3rmula a base de hierbas naturales proporciona una sensaci\u00f3n agradable y en\u00e9rgica que va acompa\u00f1ada de una gran satisfacci\u00f3n, por lo que puede sentirse incre\u00edble en su pr\u00f3xima reuni\u00f3n social sin tener que preocuparse por la adicci\u00f3n u otros efectos secundarios.<\/p>","protected":false},"featured_media":47982,"template":"","meta":[],"product_brand":[],"product_cat":[386,297,707,411,409,384],"product_tag":[],"class_list":{"0":"post-35735","1":"product","2":"type-product","3":"status-publish","4":"has-post-thumbnail","6":"product_cat-party-pills","7":"product_cat-all-products","8":"product_cat-buy-xtc","9":"product_cat-energy-pills","10":"product_cat-happy-caps","11":"product_cat-smartshop","12":"product_shipping_class-not-allowed-group-1","14":"first","15":"instock","16":"taxable","17":"shipping-taxable","18":"purchasable","19":"product-type-variable","20":"has-default-attributes"},"_links":{"self":[{"href":"https:\/\/www.headshop.nl\/es\/wp-json\/wp\/v2\/product\/35735","targetHints":{"allow":["GET"]}}],"collection":[{"href":"https:\/\/www.headshop.nl\/es\/wp-json\/wp\/v2\/product"}],"about":[{"href":"https:\/\/www.headshop.nl\/es\/wp-json\/wp\/v2\/types\/product"}],"wp:featuredmedia":[{"embeddable":true,"href":"https:\/\/www.headshop.nl\/es\/wp-json\/wp\/v2\/media\/47982"}],"wp:attachment":[{"href":"https:\/\/www.headshop.nl\/es\/wp-json\/wp\/v2\/media?parent=35735"}],"wp:term":[{"taxonomy":"product_brand","embeddable":true,"href":"https:\/\/www.headshop.nl\/es\/wp-json\/wp\/v2\/product_brand?post=35735"},{"taxonomy":"product_cat","embeddable":true,"href":"https:\/\/www.headshop.nl\/es\/wp-json\/wp\/v2\/product_cat?post=35735"},{"taxonomy":"product_tag","embeddable":true,"href":"https:\/\/www.headshop.nl\/es\/wp-json\/wp\/v2\/product_tag?post=35735"}],"curies":[{"name":"wp","href":"https:\/\/api.w.org\/{rel}","templated":true}]}}