{"id":35733,"date":"2021-08-17T07:33:49","date_gmt":"2021-08-17T07:33:49","guid":{"rendered":"https:\/\/www.headshop.nl\/?post_type=product&#038;p=35733"},"modified":"2022-09-19T14:06:37","modified_gmt":"2022-09-19T14:06:37","slug":"dance-e-happycaps","status":"publish","type":"product","link":"https:\/\/www.headshop.nl\/es\/dance-e-happycaps\/","title":{"rendered":"Dance E Happy Caps"},"content":{"rendered":"<h2>4 Partypills de Dance E de HappyCaps<\/h2>\n<p>Baila toda la noche con estas pastillas para fiestas Dance E de Happy Caps. Disfrutar\u00e1s de un enorme impulso de energ\u00eda, y como siempre, \u00a1puedes esperar que tu estado de \u00e1nimo mejore significativamente! Adem\u00e1s, las c\u00e1psulas son completamente naturales, por lo que no hay que preocuparse por nada artificial que se cuele en este producto.<\/p>\n<p>A los pocos minutos de tomar una o dos c\u00e1psulas (seg\u00fan la cantidad de baile que desee), empieza a obrar sus maravillas en el organismo: da un subid\u00f3n de energ\u00eda y levanta el \u00e1nimo.<\/p>\n<p>Imag\u00ednate el sonido de los ritmos de un DJ recorri\u00e9ndote las venas y sintiendo esas vibraciones alegres y fiesteras. Puede que no te hayas dado cuenta de que todos esos problemas del trabajo te estaban pasando factura hasta ahora. Por eso es imprescindible mantener la energ\u00eda lo m\u00e1s alta posible con esta p\u00edldora euforizante, \u00a1para que la diversi\u00f3n no pare a medianoche!<\/p>","protected":false},"excerpt":{"rendered":"<p>Todas las fiestas necesitan un poco m\u00e1s de energ\u00eda. Y con estas c\u00e1psulas Happy Caps Dance E, no hay que preocuparse por perder fuelle. Estas pastillas te dar\u00e1n el empuj\u00f3n de motivaci\u00f3n y alegr\u00eda que tu pista de baile ha estado deseando toda la noche, \u00a1as\u00ed que no pares hasta el final! \u00a1Pisa fuerte como un loco!<\/p>","protected":false},"featured_media":47978,"template":"","meta":[],"product_brand":[],"product_cat":[386,297,707,411,409,397,384],"product_tag":[],"class_list":{"0":"post-35733","1":"product","2":"type-product","3":"status-publish","4":"has-post-thumbnail","6":"product_cat-party-pills","7":"product_cat-all-products","8":"product_cat-buy-xtc","9":"product_cat-energy-pills","10":"product_cat-happy-caps","11":"product_cat-party","12":"product_cat-smartshop","14":"first","15":"instock","16":"taxable","17":"shipping-taxable","18":"purchasable","19":"product-type-variable","20":"has-default-attributes"},"_links":{"self":[{"href":"https:\/\/www.headshop.nl\/es\/wp-json\/wp\/v2\/product\/35733","targetHints":{"allow":["GET"]}}],"collection":[{"href":"https:\/\/www.headshop.nl\/es\/wp-json\/wp\/v2\/product"}],"about":[{"href":"https:\/\/www.headshop.nl\/es\/wp-json\/wp\/v2\/types\/product"}],"wp:featuredmedia":[{"embeddable":true,"href":"https:\/\/www.headshop.nl\/es\/wp-json\/wp\/v2\/media\/47978"}],"wp:attachment":[{"href":"https:\/\/www.headshop.nl\/es\/wp-json\/wp\/v2\/media?parent=35733"}],"wp:term":[{"taxonomy":"product_brand","embeddable":true,"href":"https:\/\/www.headshop.nl\/es\/wp-json\/wp\/v2\/product_brand?post=35733"},{"taxonomy":"product_cat","embeddable":true,"href":"https:\/\/www.headshop.nl\/es\/wp-json\/wp\/v2\/product_cat?post=35733"},{"taxonomy":"product_tag","embeddable":true,"href":"https:\/\/www.headshop.nl\/es\/wp-json\/wp\/v2\/product_tag?post=35733"}],"curies":[{"name":"wp","href":"https:\/\/api.w.org\/{rel}","templated":true}]}}