{"id":35636,"date":"2021-08-17T06:41:42","date_gmt":"2021-08-17T06:41:42","guid":{"rendered":"https:\/\/www.headshop.nl\/?post_type=product&#038;p=35636"},"modified":"2025-12-31T01:26:25","modified_gmt":"2025-12-31T01:26:25","slug":"energy-e-happycaps","status":"publish","type":"product","link":"https:\/\/www.headshop.nl\/es\/energy-e-happycaps\/","title":{"rendered":"Energy E Happy Caps"},"content":{"rendered":"<h2>4 Partypills de Energy E de HappyCaps<\/h2>\n<p>La noche a\u00fan es joven cuando la fiesta empieza a ponerse un poco aburrida. Es hora de un poco de combustible y energ\u00eda extra, pero \u00bfd\u00f3nde acudir? Bueno, por suerte existen estas c\u00e1psulas Energy E que te ayudar\u00e1n a darle un nuevo sentido a tu vida o, al menos, \u00a1mantendr\u00e1n entretenidos a todos tus invitados hasta que est\u00e9n listos para irse a casa!<\/p>\n<p>Estas HappyCaps contienen hierbas naturales que proporcionan un impulso instant\u00e1neo sin sentirse nervioso como la mayor\u00eda de los otros suplementos te hacen sentir. \u00bfA qu\u00e9 estamos esperando? Hazte con una antes de que sea demasiado tarde: \u00a1podr\u00eda ser el billete que necesitas para hacer de esta noche una aventura llena de diversi\u00f3n y recuerdos imborrables!<\/p>\n<p>No busques m\u00e1s si lo que buscas es una inyecci\u00f3n de energ\u00eda. Esta alternativa herbal para fiestas te dar\u00e1 la carga necesaria para pasar cualquier noche llena de fiesta. Algunas personas tambi\u00e9n pueden recurrir a estas pastillas cuando necesitan ayuda para concentrarse en las tareas del trabajo o la escuela. No importa cu\u00e1l sea tu plan para este fin de semana - siempre y cuando implique estar alerta y listo para la acci\u00f3n - \u00a1estas pastillas para fiestas son perfectas para organizar horas de diversi\u00f3n!<\/p>","protected":false},"excerpt":{"rendered":"<p>Lo \u00fanico peor que estar en una fiesta y sentirte fatigado es cuando tu nivel de energ\u00eda empieza a agotarse. La f\u00f3rmula natural a base de hierbas de Energy E Happy Caps te garantiza energ\u00eda para toda la noche, as\u00ed que no importa lo tarde que se haga, \u00a1podr\u00e1s bailar como si nadie te estuviera viendo!<\/p>","protected":false},"featured_media":47980,"template":"","meta":[],"product_brand":[],"product_cat":[386,297,707,411,409,397,384],"product_tag":[],"class_list":{"0":"post-35636","1":"product","2":"type-product","3":"status-publish","4":"has-post-thumbnail","6":"product_cat-party-pills","7":"product_cat-all-products","8":"product_cat-buy-xtc","9":"product_cat-energy-pills","10":"product_cat-happy-caps","11":"product_cat-party","12":"product_cat-smartshop","14":"first","15":"instock","16":"taxable","17":"shipping-taxable","18":"purchasable","19":"product-type-variable","20":"has-default-attributes"},"_links":{"self":[{"href":"https:\/\/www.headshop.nl\/es\/wp-json\/wp\/v2\/product\/35636","targetHints":{"allow":["GET"]}}],"collection":[{"href":"https:\/\/www.headshop.nl\/es\/wp-json\/wp\/v2\/product"}],"about":[{"href":"https:\/\/www.headshop.nl\/es\/wp-json\/wp\/v2\/types\/product"}],"wp:featuredmedia":[{"embeddable":true,"href":"https:\/\/www.headshop.nl\/es\/wp-json\/wp\/v2\/media\/47980"}],"wp:attachment":[{"href":"https:\/\/www.headshop.nl\/es\/wp-json\/wp\/v2\/media?parent=35636"}],"wp:term":[{"taxonomy":"product_brand","embeddable":true,"href":"https:\/\/www.headshop.nl\/es\/wp-json\/wp\/v2\/product_brand?post=35636"},{"taxonomy":"product_cat","embeddable":true,"href":"https:\/\/www.headshop.nl\/es\/wp-json\/wp\/v2\/product_cat?post=35636"},{"taxonomy":"product_tag","embeddable":true,"href":"https:\/\/www.headshop.nl\/es\/wp-json\/wp\/v2\/product_tag?post=35636"}],"curies":[{"name":"wp","href":"https:\/\/api.w.org\/{rel}","templated":true}]}}